{"id":47906,"date":"2025-10-03T13:48:05","date_gmt":"2025-10-03T11:48:05","guid":{"rendered":"https:\/\/pawz.rs\/?post_type=product&#038;p=47906"},"modified":"2026-03-05T16:59:52","modified_gmt":"2026-03-05T15:59:52","slug":"trixie-odelce-za-psa-grenoble","status":"publish","type":"product","link":"https:\/\/pawz.rs\/en\/trixie-odelce-za-psa-grenoble\/","title":{"rendered":"Trixie Odelce za Psa Grenoble"},"content":{"rendered":"<p><strong>Trixie Odelce za Psa Grenoble<\/strong><\/p>\n<ul>\n<li>boja: siva, crni detalji<\/li>\n<li>materijal: flis (Poliester)<\/li>\n<li>vododbojan materijal<\/li>\n<li>topao i udoban<\/li>\n<li>sa vodootpornim patent zatvara\u010dem na le\u0111ima (kada se otvori, omogu\u0107ava vezivanje povoca za am za pse)<\/li>\n<li>am nije deo seta<\/li>\n<li>podesiva traka na stomaku<\/li>\n<li>podesiva om\u010da za zadnje noge<\/li>\n<li>ekstra visok okovratnik, sa u\u010dkurom za pode\u0161avanje \u0161irine<\/li>\n<li>idealan za \u0161etnje po hladnijem i vla\u017enom vremenu<\/li>\n<li>mo\u017ee se prati na 30\u00b0C<\/li>\n<\/ul>\n<p>Dimenzije:<\/p>\n<table style=\"height: 205px;\" border=\"1\" width=\"1243\">\n<tbody>\n<tr>\n<td width=\"246\">Naziv proizvoda<\/td>\n<td width=\"84\">Veli\u010dina<\/td>\n<td width=\"108\">Obim grudi<\/td>\n<td width=\"96\">Du\u017eina<\/td>\n<\/tr>\n<tr>\n<td width=\"246\">Trixie Odelce za Psa Grenoble XS<\/td>\n<td width=\"84\">XXS<\/td>\n<td width=\"108\">32-54cm<\/td>\n<td width=\"96\">35cm<\/td>\n<\/tr>\n<tr>\n<td width=\"246\">Trixie Odelce za Psa Grenoble S<\/td>\n<td width=\"84\">XS<\/td>\n<td width=\"108\">40-62 cm<\/td>\n<td width=\"96\">35cm<\/td>\n<\/tr>\n<tr>\n<td width=\"246\">Trixie Odelce za Psa Grenoble S<\/td>\n<td width=\"84\">S<\/td>\n<td width=\"108\">44-70cm<\/td>\n<td width=\"96\">48cm<\/td>\n<\/tr>\n<tr>\n<td width=\"246\">Trixie Odelce za Psa Grenoble M<\/td>\n<td width=\"84\">S-M<\/td>\n<td width=\"108\">48-74cm<\/td>\n<td width=\"96\">52cm<\/td>\n<\/tr>\n<tr>\n<td width=\"246\">Trixie Odelce za Psa Grenoble M<\/td>\n<td width=\"84\">M<\/td>\n<td width=\"108\">50-82cm<\/td>\n<td width=\"96\">54cm<\/td>\n<\/tr>\n<tr>\n<td width=\"246\">Trixie Odelce za Psa Grenoble L<\/td>\n<td width=\"84\">M-L<\/td>\n<td width=\"108\">56-90cm<\/td>\n<td width=\"96\">55cm<\/td>\n<\/tr>\n<tr>\n<td width=\"246\">Trixie Odelce za Psa Grenoble L<\/td>\n<td width=\"84\">L<\/td>\n<td width=\"108\">60-96cm<\/td>\n<td width=\"96\">62cm<\/td>\n<\/tr>\n<tr>\n<td width=\"246\">Trixie Odelce za Psa Grenoble XL<\/td>\n<td width=\"84\">XL<\/td>\n<td width=\"108\">62-106cm<\/td>\n<td width=\"96\">70cm<\/td>\n<\/tr>\n<\/tbody>\n<\/table>\n<p>Proizvo\u0111a\u010d: TRIXIE Pet Products, Inc<br \/>\nZemlja Porekla: Nema\u010dka<\/p>\n\n    <div class=\"xs_social_share_widget xs_share_url after_content \t\tmain_content  wslu-style-1 wslu-share-box-shaped wslu-fill-colored wslu-none wslu-share-horizontal wslu-theme-font-no wslu-main_content\">\n\n\t\t\n        <ul>\n\t\t\t        <\/ul>\n    <\/div>","protected":false},"excerpt":{"rendered":"<p>Trixie Odelce za Psa Grenoble<\/p>","protected":false},"featured_media":51576,"comment_status":"open","ping_status":"closed","template":"","meta":{"_acf_changed":false},"pwb-brand":[465],"product_cat":[202,203,47],"product_tag":[1521],"class_list":{"0":"post-47906","1":"product","2":"type-product","3":"status-publish","4":"has-post-thumbnail","6":"pwb-brand-trixie","7":"product_cat-oprema-za-pse","8":"product_cat-oprema-za-setnju","9":"product_cat-psi","10":"product_tag-jesen-zima","12":"first","13":"instock","14":"taxable","15":"shipping-taxable","16":"purchasable","17":"product-type-variable","18":"has-default-attributes"},"acf":[],"brands":[{"id":465,"name":"Trixie","slug":"trixie"}],"_links":{"self":[{"href":"https:\/\/pawz.rs\/en\/wp-json\/wp\/v2\/product\/47906","targetHints":{"allow":["GET"]}}],"collection":[{"href":"https:\/\/pawz.rs\/en\/wp-json\/wp\/v2\/product"}],"about":[{"href":"https:\/\/pawz.rs\/en\/wp-json\/wp\/v2\/types\/product"}],"replies":[{"embeddable":true,"href":"https:\/\/pawz.rs\/en\/wp-json\/wp\/v2\/comments?post=47906"}],"wp:featuredmedia":[{"embeddable":true,"href":"https:\/\/pawz.rs\/en\/wp-json\/wp\/v2\/media\/51576"}],"wp:attachment":[{"href":"https:\/\/pawz.rs\/en\/wp-json\/wp\/v2\/media?parent=47906"}],"wp:term":[{"taxonomy":"pwb-brand","embeddable":true,"href":"https:\/\/pawz.rs\/en\/wp-json\/wp\/v2\/pwb-brand?post=47906"},{"taxonomy":"product_cat","embeddable":true,"href":"https:\/\/pawz.rs\/en\/wp-json\/wp\/v2\/product_cat?post=47906"},{"taxonomy":"product_tag","embeddable":true,"href":"https:\/\/pawz.rs\/en\/wp-json\/wp\/v2\/product_tag?post=47906"}],"curies":[{"name":"wp","href":"https:\/\/api.w.org\/{rel}","templated":true}]}}