{"id":48055,"date":"2025-10-05T19:42:33","date_gmt":"2025-10-05T17:42:33","guid":{"rendered":"https:\/\/pawz.rs\/?post_type=product&#038;p=48055"},"modified":"2025-10-05T19:42:34","modified_gmt":"2025-10-05T17:42:34","slug":"trixie-3-kosti-dentafun-veggie-21g-9-5cm","status":"publish","type":"product","link":"https:\/\/pawz.rs\/en\/trixie-3-kosti-dentafun-veggie-21g-9-5cm\/","title":{"rendered":"Trixie 3 Kosti Dentafun Veggie 21g 9.5cm"},"content":{"rendered":"<p><strong>Trixie 3 Kosti Dentafun Veggie 21g 9.5cm<\/strong><\/p>\n<p>Poslastica veggie za pse, \u017evakalica<\/p>\n<p>\u010cuvati na \u010distom, suvom i hladnom mestu dalje od direktne sun\u010deve svetlosti.<\/p>\n<p>Proizvo\u0111a\u010d: TRIXIE Pet Products, Inc<br \/>\nZemlja Porekla: Nema\u010dka<\/p>\n\n    <div class=\"xs_social_share_widget xs_share_url after_content \t\tmain_content  wslu-style-1 wslu-share-box-shaped wslu-fill-colored wslu-none wslu-share-horizontal wslu-theme-font-no wslu-main_content\">\n\n\t\t\n        <ul>\n\t\t\t        <\/ul>\n    <\/div>","protected":false},"excerpt":{"rendered":"<p>Trixie 3 Kosti Dentafun Veggie 21g 9.5cm ukusna poslastica za pse<\/p>","protected":false},"featured_media":47972,"comment_status":"open","ping_status":"open","template":"","meta":{"_acf_changed":false},"pwb-brand":[465],"product_cat":[48,103,47],"product_tag":[],"class_list":{"0":"post-48055","1":"product","2":"type-product","3":"status-publish","4":"has-post-thumbnail","6":"pwb-brand-trixie","7":"product_cat-hrana-za-pse","8":"product_cat-poslastice-za-pse","9":"product_cat-psi","11":"first","12":"instock","13":"taxable","14":"shipping-taxable","15":"purchasable","16":"product-type-simple"},"acf":[],"brands":[{"id":465,"name":"Trixie","slug":"trixie"}],"_links":{"self":[{"href":"https:\/\/pawz.rs\/en\/wp-json\/wp\/v2\/product\/48055","targetHints":{"allow":["GET"]}}],"collection":[{"href":"https:\/\/pawz.rs\/en\/wp-json\/wp\/v2\/product"}],"about":[{"href":"https:\/\/pawz.rs\/en\/wp-json\/wp\/v2\/types\/product"}],"replies":[{"embeddable":true,"href":"https:\/\/pawz.rs\/en\/wp-json\/wp\/v2\/comments?post=48055"}],"wp:featuredmedia":[{"embeddable":true,"href":"https:\/\/pawz.rs\/en\/wp-json\/wp\/v2\/media\/47972"}],"wp:attachment":[{"href":"https:\/\/pawz.rs\/en\/wp-json\/wp\/v2\/media?parent=48055"}],"wp:term":[{"taxonomy":"pwb-brand","embeddable":true,"href":"https:\/\/pawz.rs\/en\/wp-json\/wp\/v2\/pwb-brand?post=48055"},{"taxonomy":"product_cat","embeddable":true,"href":"https:\/\/pawz.rs\/en\/wp-json\/wp\/v2\/product_cat?post=48055"},{"taxonomy":"product_tag","embeddable":true,"href":"https:\/\/pawz.rs\/en\/wp-json\/wp\/v2\/product_tag?post=48055"}],"curies":[{"name":"wp","href":"https:\/\/api.w.org\/{rel}","templated":true}]}}