{"id":4808,"date":"2023-03-04T10:18:20","date_gmt":"2023-03-04T09:18:20","guid":{"rendered":"https:\/\/pawz.rs\/?post_type=product&#038;p=4808"},"modified":"2023-08-24T08:38:48","modified_gmt":"2023-08-24T06:38:48","slug":"nd-pumpkin-puppy-chickenpomegranate-mini","status":"publish","type":"product","link":"https:\/\/pawz.rs\/en\/nd-pumpkin-puppy-chickenpomegranate-mini\/","title":{"rendered":"N&#038;D Pumpkin Puppy Chicken&#038;Pomegranate Mini"},"content":{"rendered":"<h5>N&amp;D Pumpkin Puppy Chicken&amp;Pomegranate Mini<\/h5>\n<p>Piletina, bundeva i nar recept. Kompletna hrana za \u0161tence, kuje u laktaciji i gravidne kuje mini rasa.<\/p>\n<p><strong>SASTAV<\/strong><br \/>\nPiletina bez kostiju (24%), dehidrirani protein piletine (24%), skrob gra\u0161ka, pile\u0107a mast, dehidrirani proteini haringe, su\u0161ena bundeva (5%), haringa, su\u0161ena jajadehidrirana jaja, riblje ulje (iz haringe), vlakna gra\u0161ka, su\u0161ena \u0161argarepa, bra\u0161no lucerke, pile\u0107a hrskavica (izvor glukozamina i hondoitin sulfata), inulin, frukto-oligosaharidi, ekstrakt kvasca (izvor manan-oligosaharidi), su\u0161eni nar (0,5%), su\u0161eni spana\u0107, ljuska i seme psilijuma, su\u0161ena jabuka, su\u0161ena slatka pomorand\u017ea, su\u0161ena borovnica, natrijum hlorid, su\u0161eni pivski kvasac, kurkuma (0,2%), ekstrakt aloa verevera.<\/p>\n<p><strong>NUTRITIVNI SASTOJCI ADITIVI PO KG<\/strong><br \/>\nHranljivi hranljivi dodaci: vitamin A 16000 IJ IJ; vitamin D3 1600 IJ IJ; vitamin E 600 mg; vitamin C 160 mg; niacin 40 mg; kalcijum D-pantotenat 16 mg; vitamin B2 8 mg; vitamin B6 6,4 mg; vitamin B1 4,8 mg; biotin 0,40 mg; folna kiselina 0,48 mg; vitamin B12 0,1 mg; holin hlorid 2800 mg; beta karoten 1,5 mg; cink (cink helat hidroksi analog metionina): 163,8 mg; mangan (mangan helat hidroksi analog metionin): 64,6 mg; gvo\u017e\u0111e [gvo\u017e\u0111e(II) helat glicin hidrata]: 58,3 mg; bakar (bakar helat hidroksi analog metionina): 15,8 mg; selen (selenizovani inaktivisani kvasac): 0,00088 mg; DL-metionin, tehnolo\u0161ki \u010dist 6000 mg; taurin 1000 mg; L-karnitin 300 mg. Organolepti\u010dki dodaci: ekstrakt zelenog \u010daja 100 mg; ekstrakt ruzmarina. Antioksidanti: ekstrakt tokoferola iz biljnih ulja.<\/p>\n<p><strong>ANALITI\u010cKI SASTAV<\/strong><br \/>\nSirovi proteini 35%; sirova mast 20%; sirova vlakna 1,90%; vlaga 9%; sirovi pepeo 7,80%; kalcijum 1,10%; fosfor 0,91%; Omega-6 3,40%; Omega-3 0,90%; DHA 0,50%; EPA 0,30%; Glukozamin glukozamin 1400 mg\/kg; Hondroitin hondroitin sulfat 1100 mg\/kg.<\/p>\n<p><strong>ENERGETSKA VREDNOST<\/strong><br \/>\nEM Kcal\/Kg 4150 &#8211; Mj\/Kg 17,36<\/p>\n<p>Poslu\u017eiti hranu u suvom obliku uz dostupnu sve\u017eu vodu.<br \/>\nZbog zdravlja Va\u0161eg ljubimca redovno konsultujte veterinara.<\/p>\n<p>Proizvod \u010duvati na suvom, tamnom i hladnom mestu.<\/p>\n<p>Proizvo\u0111a\u010d: Farmina Pet Foods, In\u0111ija, Srbija<br \/>\nZemlja porekla: Srbija<\/p>\n\n    <div class=\"xs_social_share_widget xs_share_url after_content \t\tmain_content  wslu-style-1 wslu-share-box-shaped wslu-fill-colored wslu-none wslu-share-horizontal wslu-theme-font-no wslu-main_content\">\n\n\t\t\n        <ul>\n\t\t\t        <\/ul>\n    <\/div> \n","protected":false},"excerpt":{"rendered":"<p>N&amp;D Pumpkin Puppy Chicken&amp;Pomegranate Mini &#8211; Piletina, bundeva i nar recept.. Kompletna hrana za \u0161tence, kuje u laktaciji i gravidne kuje mini rasa.<\/p>","protected":false},"featured_media":4812,"comment_status":"open","ping_status":"closed","template":"","meta":{"_acf_changed":false},"pwb-brand":[309,311],"product_cat":[49,48,47],"product_tag":[],"class_list":{"0":"post-4808","1":"product","2":"type-product","3":"status-publish","4":"has-post-thumbnail","6":"pwb-brand-nd-natural-delicious","7":"pwb-brand-nd-natural-delicious-hrana-za-pse","8":"product_cat-granule-za-pse","9":"product_cat-hrana-za-pse","10":"product_cat-psi","12":"first","13":"instock","14":"taxable","15":"shipping-taxable","16":"purchasable","17":"product-type-variable","18":"has-default-attributes"},"acf":[],"brands":[{"id":309,"name":"N&amp;D - Natural &amp; Delicious","slug":"nd-natural-delicious"},{"id":311,"name":"N&amp;D \u2013 Natural &amp; Delicious Dog Food","slug":"nd-natural-delicious-hrana-za-pse"}],"_links":{"self":[{"href":"https:\/\/pawz.rs\/en\/wp-json\/wp\/v2\/product\/4808","targetHints":{"allow":["GET"]}}],"collection":[{"href":"https:\/\/pawz.rs\/en\/wp-json\/wp\/v2\/product"}],"about":[{"href":"https:\/\/pawz.rs\/en\/wp-json\/wp\/v2\/types\/product"}],"replies":[{"embeddable":true,"href":"https:\/\/pawz.rs\/en\/wp-json\/wp\/v2\/comments?post=4808"}],"wp:featuredmedia":[{"embeddable":true,"href":"https:\/\/pawz.rs\/en\/wp-json\/wp\/v2\/media\/4812"}],"wp:attachment":[{"href":"https:\/\/pawz.rs\/en\/wp-json\/wp\/v2\/media?parent=4808"}],"wp:term":[{"taxonomy":"pwb-brand","embeddable":true,"href":"https:\/\/pawz.rs\/en\/wp-json\/wp\/v2\/pwb-brand?post=4808"},{"taxonomy":"product_cat","embeddable":true,"href":"https:\/\/pawz.rs\/en\/wp-json\/wp\/v2\/product_cat?post=4808"},{"taxonomy":"product_tag","embeddable":true,"href":"https:\/\/pawz.rs\/en\/wp-json\/wp\/v2\/product_tag?post=4808"}],"curies":[{"name":"wp","href":"https:\/\/api.w.org\/{rel}","templated":true}]}}