{"id":48101,"date":"2025-10-05T18:39:56","date_gmt":"2025-10-05T16:39:56","guid":{"rendered":"https:\/\/pawz.rs\/?post_type=product&#038;p=48101"},"modified":"2025-10-05T18:39:56","modified_gmt":"2025-10-05T16:39:56","slug":"trixie-premio-ckickies-piletina-100g","status":"publish","type":"product","link":"https:\/\/pawz.rs\/en\/trixie-premio-ckickies-piletina-100g\/","title":{"rendered":"Trixie Premio Ckickies Piletina 100g"},"content":{"rendered":"<p><strong>Trixie Premio Ckickies Piletina 100g<\/strong><\/p>\n<p>Grickalice umotane u pile\u0107a prsa sadr\u017eaj mesa 61 %<\/p>\n<p>\u010cuvati na \u010distom, suvom i hladnom mestu dalje od direktne sun\u010deve svetlosti.<\/p>\n<p>Proizvo\u0111a\u010d: TRIXIE Pet Products, Inc<br \/>\nZemlja Porekla: Nema\u010dka<\/p>\n\n    <div class=\"xs_social_share_widget xs_share_url after_content \t\tmain_content  wslu-style-1 wslu-share-box-shaped wslu-fill-colored wslu-none wslu-share-horizontal wslu-theme-font-no wslu-main_content\">\n\n\t\t\n        <ul>\n\t\t\t        <\/ul>\n    <\/div>","protected":false},"excerpt":{"rendered":"<p>Trixie Premio Ckickies Piletina 100g ukusna poslastica za pse<\/p>","protected":false},"featured_media":48023,"comment_status":"open","ping_status":"open","template":"","meta":{"_acf_changed":false},"pwb-brand":[465],"product_cat":[48,103,47],"product_tag":[],"class_list":{"0":"post-48101","1":"product","2":"type-product","3":"status-publish","4":"has-post-thumbnail","6":"pwb-brand-trixie","7":"product_cat-hrana-za-pse","8":"product_cat-poslastice-za-pse","9":"product_cat-psi","11":"first","12":"instock","13":"taxable","14":"shipping-taxable","15":"purchasable","16":"product-type-simple"},"acf":[],"brands":[{"id":465,"name":"Trixie","slug":"trixie"}],"_links":{"self":[{"href":"https:\/\/pawz.rs\/en\/wp-json\/wp\/v2\/product\/48101","targetHints":{"allow":["GET"]}}],"collection":[{"href":"https:\/\/pawz.rs\/en\/wp-json\/wp\/v2\/product"}],"about":[{"href":"https:\/\/pawz.rs\/en\/wp-json\/wp\/v2\/types\/product"}],"replies":[{"embeddable":true,"href":"https:\/\/pawz.rs\/en\/wp-json\/wp\/v2\/comments?post=48101"}],"wp:featuredmedia":[{"embeddable":true,"href":"https:\/\/pawz.rs\/en\/wp-json\/wp\/v2\/media\/48023"}],"wp:attachment":[{"href":"https:\/\/pawz.rs\/en\/wp-json\/wp\/v2\/media?parent=48101"}],"wp:term":[{"taxonomy":"pwb-brand","embeddable":true,"href":"https:\/\/pawz.rs\/en\/wp-json\/wp\/v2\/pwb-brand?post=48101"},{"taxonomy":"product_cat","embeddable":true,"href":"https:\/\/pawz.rs\/en\/wp-json\/wp\/v2\/product_cat?post=48101"},{"taxonomy":"product_tag","embeddable":true,"href":"https:\/\/pawz.rs\/en\/wp-json\/wp\/v2\/product_tag?post=48101"}],"curies":[{"name":"wp","href":"https:\/\/api.w.org\/{rel}","templated":true}]}}