{"id":48106,"date":"2025-10-05T18:40:00","date_gmt":"2025-10-05T16:40:00","guid":{"rendered":"https:\/\/pawz.rs\/?post_type=product&#038;p=48106"},"modified":"2025-10-05T18:40:00","modified_gmt":"2025-10-05T16:40:00","slug":"trixie-denta-fun-stapici-sa-ukusom-noja-12cm-100g","status":"publish","type":"product","link":"https:\/\/pawz.rs\/en\/trixie-denta-fun-stapici-sa-ukusom-noja-12cm-100g\/","title":{"rendered":"Trixie Denta Fun \u0160tapi\u0107i Sa Ukusom Noja 12cm 100g"},"content":{"rendered":"<p><strong>Trixie Denta Fun \u0160tapi\u0107i Sa Ukusom Noja 12cm 100g<\/strong><\/p>\n<p>Sirova ko\u017ea umotana u meso noja<\/p>\n<p>\u010cuvati na \u010distom, suvom i hladnom mestu dalje od direktne sun\u010deve svetlosti.<\/p>\n<p>Proizvo\u0111a\u010d: TRIXIE Pet Products, Inc<br \/>\nZemlja Porekla: Nema\u010dka<\/p>\n\n    <div class=\"xs_social_share_widget xs_share_url after_content \t\tmain_content  wslu-style-1 wslu-share-box-shaped wslu-fill-colored wslu-none wslu-share-horizontal wslu-theme-font-no wslu-main_content\">\n\n\t\t\n        <ul>\n\t\t\t        <\/ul>\n    <\/div>","protected":false},"excerpt":{"rendered":"<p>Trixie Denta Fun \u0160tapi\u0107i Sa Ukusom Noja 12cm 100g ukusna poslastica za pse<\/p>","protected":false},"featured_media":47985,"comment_status":"open","ping_status":"open","template":"","meta":{"_acf_changed":false},"pwb-brand":[465],"product_cat":[48,103,47],"product_tag":[],"class_list":{"0":"post-48106","1":"product","2":"type-product","3":"status-publish","4":"has-post-thumbnail","6":"pwb-brand-trixie","7":"product_cat-hrana-za-pse","8":"product_cat-poslastice-za-pse","9":"product_cat-psi","11":"first","12":"instock","13":"taxable","14":"shipping-taxable","15":"purchasable","16":"product-type-simple"},"acf":[],"brands":[{"id":465,"name":"Trixie","slug":"trixie"}],"_links":{"self":[{"href":"https:\/\/pawz.rs\/en\/wp-json\/wp\/v2\/product\/48106","targetHints":{"allow":["GET"]}}],"collection":[{"href":"https:\/\/pawz.rs\/en\/wp-json\/wp\/v2\/product"}],"about":[{"href":"https:\/\/pawz.rs\/en\/wp-json\/wp\/v2\/types\/product"}],"replies":[{"embeddable":true,"href":"https:\/\/pawz.rs\/en\/wp-json\/wp\/v2\/comments?post=48106"}],"wp:featuredmedia":[{"embeddable":true,"href":"https:\/\/pawz.rs\/en\/wp-json\/wp\/v2\/media\/47985"}],"wp:attachment":[{"href":"https:\/\/pawz.rs\/en\/wp-json\/wp\/v2\/media?parent=48106"}],"wp:term":[{"taxonomy":"pwb-brand","embeddable":true,"href":"https:\/\/pawz.rs\/en\/wp-json\/wp\/v2\/pwb-brand?post=48106"},{"taxonomy":"product_cat","embeddable":true,"href":"https:\/\/pawz.rs\/en\/wp-json\/wp\/v2\/product_cat?post=48106"},{"taxonomy":"product_tag","embeddable":true,"href":"https:\/\/pawz.rs\/en\/wp-json\/wp\/v2\/product_tag?post=48106"}],"curies":[{"name":"wp","href":"https:\/\/api.w.org\/{rel}","templated":true}]}}