{"id":48202,"date":"2025-10-09T12:53:01","date_gmt":"2025-10-09T10:53:01","guid":{"rendered":"https:\/\/pawz.rs\/?post_type=product&#038;p=48202"},"modified":"2025-11-19T17:34:57","modified_gmt":"2025-11-19T16:34:57","slug":"trixie-dzemper-norwood-za-pse","status":"publish","type":"product","link":"https:\/\/pawz.rs\/en\/trixie-dzemper-norwood-za-pse\/","title":{"rendered":"Trixie D\u017eemper Norwood za Pse"},"content":{"rendered":"<p><strong>Trixie D\u017eemper Norwood za Pse<\/strong><\/p>\n<ul>\n<li>od pamuka\/vune\/poliamida<\/li>\n<li>veliki izrez za noge za vi\u0161e slobode za ramena i kretanje<\/li>\n<li>Jednostavno odr\u017eavanje: pranje u ma\u0161ini za ve\u0161 na 30 stepeni, prema uputstvu<\/li>\n<\/ul>\n<p>Dimenzije:<\/p>\n<table style=\"height: 205px\" border=\"1\" width=\"1243\">\n<tbody>\n<tr>\n<td width=\"246\">Naziv proizvoda<\/td>\n<td width=\"84\">Veli\u010dina<\/td>\n<td width=\"108\">Obim stomaka<\/td>\n<td width=\"96\">Du\u017eina<\/td>\n<\/tr>\n<tr>\n<td width=\"246\">Trixie D\u017eemper Norwood za Pse XS<\/td>\n<td width=\"84\">XXS<\/td>\n<td width=\"108\">42 cm<\/td>\n<td width=\"96\">27 cm<\/td>\n<\/tr>\n<tr>\n<td width=\"246\">Trixie D\u017eemper Norwood za Pse XS<\/td>\n<td width=\"84\">XS<\/td>\n<td width=\"108\">46 cm<\/td>\n<td width=\"96\">30 cm<\/td>\n<\/tr>\n<tr>\n<td width=\"246\">Trixie D\u017eemper Norwood za Pse S<\/td>\n<td width=\"84\">S<\/td>\n<td width=\"108\">48 cm<\/td>\n<td width=\"96\">33 cm<\/td>\n<\/tr>\n<tr>\n<td width=\"246\">Trixie D\u017eemper Norwood za Pse S<\/td>\n<td width=\"84\">S-M<\/td>\n<td width=\"108\">52 cm<\/td>\n<td width=\"96\">36 cm<\/td>\n<\/tr>\n<tr>\n<td width=\"246\">Trixie D\u017eemper Norwood za Pse S<\/td>\n<td width=\"84\">M<\/td>\n<td width=\"108\">58 cm<\/td>\n<td width=\"96\">40 cm<\/td>\n<\/tr>\n<tr>\n<td width=\"246\">Trixie D\u017eemper Norwood za Pse M<\/td>\n<td width=\"84\">M-L<\/td>\n<td width=\"108\">62 cm<\/td>\n<td width=\"96\">45 cm<\/td>\n<\/tr>\n<tr>\n<td width=\"246\">Trixie D\u017eemper Norwood za Pse M<\/td>\n<td width=\"84\">L<\/td>\n<td width=\"108\">70 cm<\/td>\n<td width=\"96\">50 cm<\/td>\n<\/tr>\n<tr>\n<td width=\"246\"><\/td>\n<td width=\"84\"><\/td>\n<td width=\"108\"><\/td>\n<td width=\"96\"><\/td>\n<\/tr>\n<\/tbody>\n<\/table>\n<p>Proizvo\u0111a\u010d: TRIXIE Pet Products, Inc<br \/>\nZemlja Porekla: Nema\u010dka<\/p>\n\n    <div class=\"xs_social_share_widget xs_share_url after_content \t\tmain_content  wslu-style-1 wslu-share-box-shaped wslu-fill-colored wslu-none wslu-share-horizontal wslu-theme-font-no wslu-main_content\">\n\n\t\t\n        <ul>\n\t\t\t        <\/ul>\n    <\/div>","protected":false},"excerpt":{"rendered":"<p>Trixie D\u017eemper Norwood za Pse<\/p>","protected":false},"featured_media":48211,"comment_status":"open","ping_status":"closed","template":"","meta":{"_acf_changed":false},"pwb-brand":[465],"product_cat":[202,203,47],"product_tag":[1521],"class_list":{"0":"post-48202","1":"product","2":"type-product","3":"status-publish","4":"has-post-thumbnail","6":"pwb-brand-trixie","7":"product_cat-oprema-za-pse","8":"product_cat-oprema-za-setnju","9":"product_cat-psi","10":"product_tag-jesen-zima","12":"first","13":"instock","14":"taxable","15":"shipping-taxable","16":"purchasable","17":"product-type-variable","18":"has-default-attributes"},"acf":[],"brands":[{"id":465,"name":"Trixie","slug":"trixie"}],"_links":{"self":[{"href":"https:\/\/pawz.rs\/en\/wp-json\/wp\/v2\/product\/48202","targetHints":{"allow":["GET"]}}],"collection":[{"href":"https:\/\/pawz.rs\/en\/wp-json\/wp\/v2\/product"}],"about":[{"href":"https:\/\/pawz.rs\/en\/wp-json\/wp\/v2\/types\/product"}],"replies":[{"embeddable":true,"href":"https:\/\/pawz.rs\/en\/wp-json\/wp\/v2\/comments?post=48202"}],"wp:featuredmedia":[{"embeddable":true,"href":"https:\/\/pawz.rs\/en\/wp-json\/wp\/v2\/media\/48211"}],"wp:attachment":[{"href":"https:\/\/pawz.rs\/en\/wp-json\/wp\/v2\/media?parent=48202"}],"wp:term":[{"taxonomy":"pwb-brand","embeddable":true,"href":"https:\/\/pawz.rs\/en\/wp-json\/wp\/v2\/pwb-brand?post=48202"},{"taxonomy":"product_cat","embeddable":true,"href":"https:\/\/pawz.rs\/en\/wp-json\/wp\/v2\/product_cat?post=48202"},{"taxonomy":"product_tag","embeddable":true,"href":"https:\/\/pawz.rs\/en\/wp-json\/wp\/v2\/product_tag?post=48202"}],"curies":[{"name":"wp","href":"https:\/\/api.w.org\/{rel}","templated":true}]}}