{"id":48270,"date":"2025-10-09T12:53:04","date_gmt":"2025-10-09T10:53:04","guid":{"rendered":"https:\/\/pawz.rs\/?post_type=product&#038;p=48270"},"modified":"2025-11-19T17:34:54","modified_gmt":"2025-11-19T16:34:54","slug":"trixie-zimska-termo-jakna-crvena","status":"publish","type":"product","link":"https:\/\/pawz.rs\/en\/trixie-zimska-termo-jakna-crvena\/","title":{"rendered":"Trixie Zimska Termo Jakna Crvena"},"content":{"rendered":"<p><strong>Trixie Zimska Termo Jakna Crvena<\/strong><\/p>\n<ul>\n<li>od poliestera\/poliamida<\/li>\n<li>vodootporno i protiv vetra, ali membrana i dalje di\u0161e<\/li>\n<li>sa postavom (140g\/m\u00b2)<\/li>\n<li>elasti\u010dna dupla kragna<\/li>\n<li>mo\u017ee da se kombinuje sa pojasom kori\u0161\u0107enjem vodootpornog patent zatvara\u010da u predelu le\u0111a<\/li>\n<li>dobro zaptiveni \u0161avovi<\/li>\n<li>reflektuju\u0107i elementi<\/li>\n<li>vezice u predelu vrata i le\u0111a<\/li>\n<li>veliki kroj nudi posebnu za\u0161titu za zadnji deo i pru\u017ea vi\u0161e slobode za ramena i kretanje<\/li>\n<li>sa kop\u010dama na zadnjem delu za dodatnu za\u0161titu od hladno\u0107e<\/li>\n<li>kai\u0161 za stomak sa kop\u010dom<\/li>\n<li>podesive petlje za noge<\/li>\n<\/ul>\n<p>Dimenzije:<\/p>\n<table style=\"height: 205px\" border=\"1\" width=\"1243\">\n<tbody>\n<tr>\n<td width=\"246\">Naziv proizvoda<\/td>\n<td width=\"84\">Veli\u010dina<\/td>\n<td width=\"108\">Obim stomaka<\/td>\n<td width=\"96\">Du\u017eina<\/td>\n<\/tr>\n<tr>\n<td width=\"246\">Trixie Zimska Termo Jakna Crvena XS<\/td>\n<td width=\"84\">XXS<\/td>\n<td width=\"108\">36-64 cm<\/td>\n<td width=\"96\">30 cm<\/td>\n<\/tr>\n<tr>\n<td width=\"246\">Trixie Zimska Termo Jakna Crvena S<\/td>\n<td width=\"84\">XS<\/td>\n<td width=\"108\">40-68 cm<\/td>\n<td width=\"96\">35 cm<\/td>\n<\/tr>\n<tr>\n<td width=\"246\">Trixie Zimska Termo Jakna Crvena S<\/td>\n<td width=\"84\">S<\/td>\n<td width=\"108\">46-74 cm<\/td>\n<td width=\"96\">40 cm<\/td>\n<\/tr>\n<tr>\n<td width=\"246\">Trixie Zimska Termo Jakna Crvena M<\/td>\n<td width=\"84\">S-M<\/td>\n<td width=\"108\">50-80 cm<\/td>\n<td width=\"96\">45 cm<\/td>\n<\/tr>\n<tr>\n<td width=\"246\">Trixie Zimska Termo Jakna Crvena M<\/td>\n<td width=\"84\">M<\/td>\n<td width=\"108\">56-84 cm<\/td>\n<td width=\"96\">50 cm<\/td>\n<\/tr>\n<tr>\n<td width=\"246\">Trixie Zimska Termo Jakna Crvena L<\/td>\n<td width=\"84\">M-L<\/td>\n<td width=\"108\">60-90 cm<\/td>\n<td width=\"96\">55 cm<\/td>\n<\/tr>\n<tr>\n<td width=\"246\"><\/td>\n<td width=\"84\"><\/td>\n<td width=\"108\"><\/td>\n<td width=\"96\"><\/td>\n<\/tr>\n<tr>\n<td width=\"246\"><\/td>\n<td width=\"84\"><\/td>\n<td width=\"108\"><\/td>\n<td width=\"96\"><\/td>\n<\/tr>\n<\/tbody>\n<\/table>\n<p>Proizvo\u0111a\u010d: TRIXIE Pet Products, Inc<br \/>\nZemlja Porekla: Nema\u010dka<\/p>\n\n    <div class=\"xs_social_share_widget xs_share_url after_content \t\tmain_content  wslu-style-1 wslu-share-box-shaped wslu-fill-colored wslu-none wslu-share-horizontal wslu-theme-font-no wslu-main_content\">\n\n\t\t\n        <ul>\n\t\t\t        <\/ul>\n    <\/div>","protected":false},"excerpt":{"rendered":"<p>Trixie Zimska Termo Jakna Crvena<\/p>","protected":false},"featured_media":48279,"comment_status":"open","ping_status":"closed","template":"","meta":{"_acf_changed":false},"pwb-brand":[465],"product_cat":[202,203,47],"product_tag":[1521],"class_list":{"0":"post-48270","1":"product","2":"type-product","3":"status-publish","4":"has-post-thumbnail","6":"pwb-brand-trixie","7":"product_cat-oprema-za-pse","8":"product_cat-oprema-za-setnju","9":"product_cat-psi","10":"product_tag-jesen-zima","12":"first","13":"instock","14":"taxable","15":"shipping-taxable","16":"purchasable","17":"product-type-variable","18":"has-default-attributes"},"acf":[],"brands":[{"id":465,"name":"Trixie","slug":"trixie"}],"_links":{"self":[{"href":"https:\/\/pawz.rs\/en\/wp-json\/wp\/v2\/product\/48270","targetHints":{"allow":["GET"]}}],"collection":[{"href":"https:\/\/pawz.rs\/en\/wp-json\/wp\/v2\/product"}],"about":[{"href":"https:\/\/pawz.rs\/en\/wp-json\/wp\/v2\/types\/product"}],"replies":[{"embeddable":true,"href":"https:\/\/pawz.rs\/en\/wp-json\/wp\/v2\/comments?post=48270"}],"wp:featuredmedia":[{"embeddable":true,"href":"https:\/\/pawz.rs\/en\/wp-json\/wp\/v2\/media\/48279"}],"wp:attachment":[{"href":"https:\/\/pawz.rs\/en\/wp-json\/wp\/v2\/media?parent=48270"}],"wp:term":[{"taxonomy":"pwb-brand","embeddable":true,"href":"https:\/\/pawz.rs\/en\/wp-json\/wp\/v2\/pwb-brand?post=48270"},{"taxonomy":"product_cat","embeddable":true,"href":"https:\/\/pawz.rs\/en\/wp-json\/wp\/v2\/product_cat?post=48270"},{"taxonomy":"product_tag","embeddable":true,"href":"https:\/\/pawz.rs\/en\/wp-json\/wp\/v2\/product_tag?post=48270"}],"curies":[{"name":"wp","href":"https:\/\/api.w.org\/{rel}","templated":true}]}}