{"id":48339,"date":"2025-10-16T15:18:24","date_gmt":"2025-10-16T13:18:24","guid":{"rendered":"https:\/\/pawz.rs\/?post_type=product&#038;p=48339"},"modified":"2025-10-16T15:18:25","modified_gmt":"2025-10-16T13:18:25","slug":"versele-laga-gold-crumble-kanarinci-yellow","status":"publish","type":"product","link":"https:\/\/pawz.rs\/en\/versele-laga-gold-crumble-kanarinci-yellow\/","title":{"rendered":"Versele Laga Gold Crumble Kanarinci Yellow"},"content":{"rendered":"<p><strong>Versele Laga Gold Crumble Kanarinci Yellow<\/strong><\/p>\n<div class=\"col-md-12 text-center\">\n<p>Sadr\u017ei sve sastojke koje su potrebne mladim i odraslim ukrasnim pticama tokom parenja, rasta i mitarenja: proteine, vitamine, elemente u tragovima, minerale i esencijalne masne kiseline ( lizin, metionin ).<\/p>\n<p>&#8211; Ne sadr\u017ei b-karoten kako bi se spre\u010dilo dodatno, ne\u017eeljeno bojenje perja<\/p>\n<p>&#8211; Ptice je rado jedu zbog ukusa i strukture prilago\u0111ene razli\u010ditim vrstama ptica<\/p>\n<p>&#8211; Sadr\u017ei lizin i metionin koje &#8216;poma\u017eu kod optimalnog rasta ptica i gustine perja<\/p>\n<p><strong>OPTI DIGEST: <\/strong>Sadr\u017ei prebiotike i MOS kako bi se pobolj\u0161ala intestinalna flora<\/p>\n<p><strong>OPTI FEATHER: <\/strong>Sadr\u017ei sve nutrijente koji poma\u017eu da perje bude lepo i gusto<\/p>\n<p><strong>OPTI SUPPORT: <\/strong>Sa dodattim vitaminima, mineralima i elementima u tragovima kako bi se podr\u017ealo op\u0161te stanje organizma, plodnost i rast<\/p>\n<p><strong>Sastav:<\/strong>\u00a0Jaja i derivati jaja, pekarski proizvodi, ekstrakt proteina povr\u0107a, semenje, \u0161e\u0107eri, ulja i masti, \u017eitarice, minerali, med 0,5%, FOS 0.2%, MOS 0,2%<\/p>\n<p><strong>Analytical composition:\u00a0<\/strong>proteini 16,5%, masti 7%, sirova vlakna 2%, sirovi pepeo 4,5%, kalcijum 1,45%, natrijum 0,35%, fosfor 0,40%, lizin 1,05%, metionin 0,33%, treonin 0, 58%, triptofan 0,19%, cistin 0,31%<\/p>\n<p><strong>Dodaci po kg proizvoda: Nutritivni dodaci:\u00a0<\/strong>vitamin A 31250 IU, vitamin D3 1625 IU, vitamin E 250.00 mg, vitamin K3 3.00 mg, vitamin B1 7.20 mg, vitamin B2 16.00 mg, kalcijum D-pantotenat 20.00 mg, vitamin B6 6.00 mg, vitamin B12 0.03 mg, niacin 65.00 mg, vitamin C 75.00 mg, holine hlorid 1200 mg, folna kiselina 1.20 mg, biotin 0.20 mg, L-karnitin 75.00 mg, 3b103 (gvo\u017e\u0111e) 50.00 mg, 3b202 (jod) 2.00 mg, 3b405 (bakar) 10.00 mg, 3b502 (mangan) 100.00 mg, 3b603 (cink) 97.00 mg, 3b801 (selenijum) 0.20 mg<\/p>\n<p><strong>Tehnolo\u0161ki dodaci:\u00a0<\/strong>konzervansi, antioksidansi<\/p>\n<p><strong>Senzorni dodaci:\u00a0<\/strong>boje, poja\u010diva\u010di ukusa<\/p>\n<p><strong>Uputstvo za upotrebu:<\/strong>\u00a0Hrana bi trebalo da bude distupna pticama bez ograni\u010denja tokom sezone parenja i mitarenja<\/p>\n<p>Ostatak godine: 1 porcija 2 ili 3 puta nedeljno<\/p>\n<p>Dodajte par kapi vode u smesu ili klice<\/p>\n<p>Proizvo\u0111a\u010d: Versle-Laga, Kapellestraat 70, Deinze, Belgium<br \/>\nZemlja porekla: Belgija (EU)<\/p>\n<\/div>\n\n    <div class=\"xs_social_share_widget xs_share_url after_content \t\tmain_content  wslu-style-1 wslu-share-box-shaped wslu-fill-colored wslu-none wslu-share-horizontal wslu-theme-font-no wslu-main_content\">\n\n\t\t\n        <ul>\n\t\t\t        <\/ul>\n    <\/div>","protected":false},"excerpt":{"rendered":"<p>Versele Laga Gold Crumble Kanarinci Yellow<\/p>","protected":false},"featured_media":48343,"comment_status":"open","ping_status":"closed","template":"","meta":{"_acf_changed":false},"pwb-brand":[318],"product_cat":[1277,1119],"product_tag":[],"class_list":{"0":"post-48339","1":"product","2":"type-product","3":"status-publish","4":"has-post-thumbnail","6":"pwb-brand-versele-laga","7":"product_cat-hrana-za-ptice","8":"product_cat-ptice","10":"first","11":"instock","12":"taxable","13":"shipping-taxable","14":"purchasable","15":"product-type-variable","16":"has-default-attributes"},"acf":[],"brands":[{"id":318,"name":"Versele-Laga","slug":"versele-laga"}],"_links":{"self":[{"href":"https:\/\/pawz.rs\/en\/wp-json\/wp\/v2\/product\/48339","targetHints":{"allow":["GET"]}}],"collection":[{"href":"https:\/\/pawz.rs\/en\/wp-json\/wp\/v2\/product"}],"about":[{"href":"https:\/\/pawz.rs\/en\/wp-json\/wp\/v2\/types\/product"}],"replies":[{"embeddable":true,"href":"https:\/\/pawz.rs\/en\/wp-json\/wp\/v2\/comments?post=48339"}],"wp:featuredmedia":[{"embeddable":true,"href":"https:\/\/pawz.rs\/en\/wp-json\/wp\/v2\/media\/48343"}],"wp:attachment":[{"href":"https:\/\/pawz.rs\/en\/wp-json\/wp\/v2\/media?parent=48339"}],"wp:term":[{"taxonomy":"pwb-brand","embeddable":true,"href":"https:\/\/pawz.rs\/en\/wp-json\/wp\/v2\/pwb-brand?post=48339"},{"taxonomy":"product_cat","embeddable":true,"href":"https:\/\/pawz.rs\/en\/wp-json\/wp\/v2\/product_cat?post=48339"},{"taxonomy":"product_tag","embeddable":true,"href":"https:\/\/pawz.rs\/en\/wp-json\/wp\/v2\/product_tag?post=48339"}],"curies":[{"name":"wp","href":"https:\/\/api.w.org\/{rel}","templated":true}]}}