{"id":48529,"date":"2025-10-16T15:18:22","date_gmt":"2025-10-16T13:18:22","guid":{"rendered":"https:\/\/pawz.rs\/?post_type=product&#038;p=48529"},"modified":"2025-12-22T20:27:22","modified_gmt":"2025-12-22T19:27:22","slug":"versele-laga-nutribird-gold-crumble-european-finches","status":"publish","type":"product","link":"https:\/\/pawz.rs\/en\/versele-laga-nutribird-gold-crumble-european-finches\/","title":{"rendered":"Versele Laga NutriBird Gold Crumble European Finches"},"content":{"rendered":"<p><strong>Versele Laga NutriBird Gold Crumble European Finches<\/strong><\/p>\n<div class=\"col-md-12 text-center\">\n<p><strong>Kompletna jaj\u010dana hrana namenjena ishrani Evropskih zeba<\/strong><\/p>\n<p>Jaj\u010dana hrana je esencijalna u ishrani ptica kako tokom sezone parenja tako i tokom \u010ditave godine po\u0161to je ona izvor dodatnih neophodnih nutrijenata<\/p>\n<ul>\n<li>Sadr\u017ei divlje semenje a oboga\u0107ena je i crvima i mesom jastoga kao izvorom proteina \u017eivotinjskog porekla<\/li>\n<li>Sa dodatim metioninom i lizinom koji obezbe\u0111uju optimalan razvoj ptica i formiranje zrdavog perjja<\/li>\n<li>Sadr\u017ei dodate Omega 3 masne kiseline koje su neophodne za optimalnu kondiciju, imunitet, plodnost i blistavo perje.<\/li>\n<li>L-karnitin potpoma\u017ee metabolizam masti \u0161to rezultira u vi\u0161e energije i optimalnom razvoju mladih ptica<\/li>\n<li>Jedinstvena kombinacija FOS-a i MOS-a pobolj\u0161ava zdravlje intestinalne flore<\/li>\n<\/ul>\n<p><strong>Sastav:\u00a0<\/strong>\u00a0jaja i derivati jaja, pekarski proizvodi, ekstrakti proteina biljnog porekla, semenje ( divlje semenje 7% ), \u0161e\u0107eri, ulja i masti, \u017eitarice, minerali, meku\u0161ci i rakovi, insekti,\u00a0 med, FOS, MOS<\/p>\n<p><strong>Analytical composition:\u00a0<\/strong>proteini 22,5%, masti 7%, sirovi pepeo 6,5%, sirova vlakna 3%, lizin 1,20%, metionin 0,40%, triptofan 0,25%, treonin 0,75%, kalcijum 1.30%, fosfor 0,44%, cistin 0,36%, natrijum 0,50%<\/p>\n<p><strong>Dodaci po kilogramu proizvoda: nutritivni dodaci:\u00a0<\/strong>Vitamin A 46500 IU, Vitamin D3 2400 IU, Vitamin E 375 mg, Vitamin K3 4.50 mg, Vitamin B1 10.80 mg, Vitamin B2 24 mg, Kalcijum D-pantotenat 30 mg, Vitamin B6 9 mg, Vitamin B12 0.05 mg, Vitamin C 112 mg, Niacin 97.50 mg, Holin hlorid 1200 mg, Foli\u010dna kiselina 1.80 mg, Biotin 0.30 mg, L-Karnitin 75 mg, 3b103 (gvo\u017e\u0111e) 50 mg, 3b202 (jod) 2 mg, E4 (bakar) 10 mg, 3b502 (mangan) 100 mg, 3b603 (cink) 97 mg, E8 (selenijum) 0.20 mg<\/p>\n<p><strong>Uputstvo za upotrebu:\u00a0<\/strong>Tokom sezone parenja i sezone mitarenja neograni\u010deno hranite ptice ovom hranom. Ostatak vremena hranite ptice ovom hranom tri puta nedeljno. Svaki dan dodajte nove koli\u010dine hrane<\/p>\n<p><strong>Resource Center<\/strong>: Osve\u017eite hranu klijaju\u0107im semenjem, kapima vode, rendanim vo\u0107em i\/ili povr\u0107em<\/p>\n<p>Proizvo\u0111a\u010d: Versle-Laga, Kapellestraat 70, Deinze, Belgium<br \/>\nZemlja porekla: Belgija (EU)<\/p>\n<\/div>\n\n    <div class=\"xs_social_share_widget xs_share_url after_content \t\tmain_content  wslu-style-1 wslu-share-box-shaped wslu-fill-colored wslu-none wslu-share-horizontal wslu-theme-font-no wslu-main_content\">\n\n\t\t\n        <ul>\n\t\t\t        <\/ul>\n    <\/div>","protected":false},"excerpt":{"rendered":"<p>Versele Laga NutriBird Gold Crumble European Finches<\/p>","protected":false},"featured_media":48530,"comment_status":"open","ping_status":"closed","template":"","meta":{"_acf_changed":false},"pwb-brand":[318],"product_cat":[1277,1119],"product_tag":[],"class_list":{"0":"post-48529","1":"product","2":"type-product","3":"status-publish","4":"has-post-thumbnail","6":"pwb-brand-versele-laga","7":"product_cat-hrana-za-ptice","8":"product_cat-ptice","10":"first","11":"instock","12":"taxable","13":"shipping-taxable","14":"purchasable","15":"product-type-variable","16":"has-default-attributes"},"acf":[],"brands":[{"id":318,"name":"Versele-Laga","slug":"versele-laga"}],"_links":{"self":[{"href":"https:\/\/pawz.rs\/en\/wp-json\/wp\/v2\/product\/48529","targetHints":{"allow":["GET"]}}],"collection":[{"href":"https:\/\/pawz.rs\/en\/wp-json\/wp\/v2\/product"}],"about":[{"href":"https:\/\/pawz.rs\/en\/wp-json\/wp\/v2\/types\/product"}],"replies":[{"embeddable":true,"href":"https:\/\/pawz.rs\/en\/wp-json\/wp\/v2\/comments?post=48529"}],"wp:featuredmedia":[{"embeddable":true,"href":"https:\/\/pawz.rs\/en\/wp-json\/wp\/v2\/media\/48530"}],"wp:attachment":[{"href":"https:\/\/pawz.rs\/en\/wp-json\/wp\/v2\/media?parent=48529"}],"wp:term":[{"taxonomy":"pwb-brand","embeddable":true,"href":"https:\/\/pawz.rs\/en\/wp-json\/wp\/v2\/pwb-brand?post=48529"},{"taxonomy":"product_cat","embeddable":true,"href":"https:\/\/pawz.rs\/en\/wp-json\/wp\/v2\/product_cat?post=48529"},{"taxonomy":"product_tag","embeddable":true,"href":"https:\/\/pawz.rs\/en\/wp-json\/wp\/v2\/product_tag?post=48529"}],"curies":[{"name":"wp","href":"https:\/\/api.w.org\/{rel}","templated":true}]}}