{"id":48533,"date":"2025-10-16T15:18:21","date_gmt":"2025-10-16T13:18:21","guid":{"rendered":"https:\/\/pawz.rs\/?post_type=product&#038;p=48533"},"modified":"2025-10-16T15:18:21","modified_gmt":"2025-10-16T13:18:21","slug":"versele-laga-nutribird-gold-pate-parrots-and-big-parakeets","status":"publish","type":"product","link":"https:\/\/pawz.rs\/en\/versele-laga-nutribird-gold-pate-parrots-and-big-parakeets\/","title":{"rendered":"Versele Laga NutriBird Gold Pate Parrots And Big Parakeets"},"content":{"rendered":"<p><strong>Versele Laga NutriBird Gold Pate Parrots And Big Parakeets<\/strong><\/p>\n<div class=\"col-md-12 text-center\">\n<p><strong>Kompletna gotova jaj\u010dana hrana namenjena ishrani srednjih i velikih papagaja<\/strong><\/p>\n<p>Jaj\u010dana hrana je esencijalna u ishrani ptica kako tokom sezone parenja tako i tokom \u010ditave godine po\u0161to je ona izvor dodatnih neophodnih nutrienata<\/p>\n<p>&#8211; Osve\u017eena sa 100% prirodnim medom<\/p>\n<p>&#8211; Sadr\u017ei \u0161ipak, bobice oskoru\u0161e i suvo gro\u017e\u0111e. Oboga\u0107ena mesom jastoga kao izvorom proteina \u017eivotinjskog porekla<\/p>\n<p>&#8211; Sa dodatim metioninom i lizinom koji obezbe\u0111uju optimalan razvoj ptica i formiranje zrdavog perjja<\/p>\n<p>&#8211; Sadr\u017ei dodate Omega 3 masne kiseline koje su neophodne za optimalnu kondiciju, imunitet, plodnost i blistavo perje.<\/p>\n<p>&#8211; L-karnitin potpoma\u017ee metabolizam masti \u0161to rezultira u vi\u0161e energije i optimalnom razvoju mladih ptica<\/p>\n<p>&#8211; Jedinstvena kombinacija FOS-a i MOS-a pobolj\u0161ava zdravlje intestinalne flore<\/p>\n<p><strong>Sastav:\u00a0<\/strong>\u00a0jaja i derivati jaja, pekarski proizvodi, ekstrakti proteina biljnog porekla, semenje, \u0161e\u0107eri, ulja i masti, \u017eitarice, minerali, meku\u0161ci i rakovi, insekti,\u00a0 med, FOS, MOS<\/p>\n<p><strong>Analytical composition:\u00a0<\/strong>proteini 17,%, masti 16%, sirovi pepeo 6%, sirova vlakna 2%, lizin 0,95%, metionin 0,35%, triptofan 0,20%, treonin 0,60%, kalcijum 1.30%, fosfor 0,50%, cistin 0,30%<\/p>\n<p><strong>Dodaci po kilogramu proizvoda: nutritivni dodaci:\u00a0<\/strong>Vitamin A 15600 IU, \u03b2-karoten 8.60 mg, Vitamin D3 1850 IU, Vitamin E 345 mg, Vitamin K3 3 mg, Vitamin B1 7.20 mg, Vitamin B2 16 mg, Kalcijum D-pantotenat 20 mg, Vitamin B6 6 mg, Vitamin B12 0.03 mg, Niacin 65 mg, Vitamin C 75 mg, Holin hlorid 1200 mg, Foli\u010dna kiselina 1.20 mg, Biotin 0.20 mg, L-Karnitin 75 mg, 3b103 (gvo\u017e\u0111e) 50 mg, 3b202 (jod) 2 mg, E4 (copper) 10 mg, 3b502 (mangan) 100 mg, 3b603 (cink) 97 mg, E8 (selenijum) 0.20 mg<\/p>\n<p><strong>Uputstvo za upotrebu:\u00a0\u00a0<\/strong>Spremna za upotrebu. Tokom sezone parenja i sezone mitarenja neograni\u010deno hranite ptice ovom hranom. Ostatak vremena hranite ptice ovom hranom tri puta nedeljno. Svaki dan dodajte nove koli\u010dine hrane. Mo\u017ee se davati bez dodataka nekoliko dana uzastopce. Osve\u017eite hranu klijaju\u0107im semenjem, kapima vode, rendanim vo\u0107em i\/ili povr\u0107em<\/p>\n<p><strong>Resource Center<\/strong>: Mo\u017ee se koristiti kao zdrava poslastica za Va\u0161e ptice<\/p>\n<p>Proizvo\u0111a\u010d: Versle-Laga, Kapellestraat 70, Deinze, Belgium<br \/>\nZemlja porekla: Belgija (EU)<\/p>\n<\/div>\n\n    <div class=\"xs_social_share_widget xs_share_url after_content \t\tmain_content  wslu-style-1 wslu-share-box-shaped wslu-fill-colored wslu-none wslu-share-horizontal wslu-theme-font-no wslu-main_content\">\n\n\t\t\n        <ul>\n\t\t\t        <\/ul>\n    <\/div>","protected":false},"excerpt":{"rendered":"<p>Versele Laga NutriBird Gold Pate Parrots And Big Parakeets<\/p>","protected":false},"featured_media":48536,"comment_status":"open","ping_status":"closed","template":"","meta":{"_acf_changed":false},"pwb-brand":[318],"product_cat":[1277,1119],"product_tag":[],"class_list":{"0":"post-48533","1":"product","2":"type-product","3":"status-publish","4":"has-post-thumbnail","6":"pwb-brand-versele-laga","7":"product_cat-hrana-za-ptice","8":"product_cat-ptice","10":"first","11":"instock","12":"taxable","13":"shipping-taxable","14":"purchasable","15":"product-type-variable","16":"has-default-attributes"},"acf":[],"brands":[{"id":318,"name":"Versele-Laga","slug":"versele-laga"}],"_links":{"self":[{"href":"https:\/\/pawz.rs\/en\/wp-json\/wp\/v2\/product\/48533","targetHints":{"allow":["GET"]}}],"collection":[{"href":"https:\/\/pawz.rs\/en\/wp-json\/wp\/v2\/product"}],"about":[{"href":"https:\/\/pawz.rs\/en\/wp-json\/wp\/v2\/types\/product"}],"replies":[{"embeddable":true,"href":"https:\/\/pawz.rs\/en\/wp-json\/wp\/v2\/comments?post=48533"}],"wp:featuredmedia":[{"embeddable":true,"href":"https:\/\/pawz.rs\/en\/wp-json\/wp\/v2\/media\/48536"}],"wp:attachment":[{"href":"https:\/\/pawz.rs\/en\/wp-json\/wp\/v2\/media?parent=48533"}],"wp:term":[{"taxonomy":"pwb-brand","embeddable":true,"href":"https:\/\/pawz.rs\/en\/wp-json\/wp\/v2\/pwb-brand?post=48533"},{"taxonomy":"product_cat","embeddable":true,"href":"https:\/\/pawz.rs\/en\/wp-json\/wp\/v2\/product_cat?post=48533"},{"taxonomy":"product_tag","embeddable":true,"href":"https:\/\/pawz.rs\/en\/wp-json\/wp\/v2\/product_tag?post=48533"}],"curies":[{"name":"wp","href":"https:\/\/api.w.org\/{rel}","templated":true}]}}