{"id":48559,"date":"2025-10-16T15:18:15","date_gmt":"2025-10-16T13:18:15","guid":{"rendered":"https:\/\/pawz.rs\/?post_type=product&#038;p=48559"},"modified":"2025-10-16T15:18:16","modified_gmt":"2025-10-16T13:18:16","slug":"versele-laga-nutribird-treats-gold-patee-field-fusion","status":"publish","type":"product","link":"https:\/\/pawz.rs\/en\/versele-laga-nutribird-treats-gold-patee-field-fusion\/","title":{"rendered":"Versele Laga NutriBird Treats Gold Patee Field Fusion"},"content":{"rendered":"<p><strong>Versele Laga NutriBird Treats Gold Patee Field Fusion<\/strong><\/p>\n<div class=\"col-md-12 text-center\">\n<p>Sadr\u017ei sve nutrijente kako bi ptice svakodnevno bile u vrhusnkoj kondiciji<\/p>\n<p>&#8211; Dodata vlaga sa 100% prirodnim medom<\/p>\n<p>&#8211; Sadr\u017ei jod radi bolje funkcije \u0161titne \u017elezde<\/p>\n<p>&#8211; Lizin i metionin poma\u017eu rast i optimalan izgled i puno\u0107u perja<\/p>\n<p><strong>OPTI CONDITION<\/strong><\/p>\n<p>Sa dodatim vitaminima, mineralima i elementima u tragovima kako bi ptice bile u optimalnoj kondiciji<\/p>\n<p><strong>OPTI DIGEST<\/strong><\/p>\n<p>Prebiotici i MOS poma\u017eu u zdravlju crevne flore<\/p>\n<p><strong>OPTI FEATHER<\/strong><\/p>\n<p>Saadr\u017ei sve nutrijente kako bi perje bilo zdravo, sjajno i gusto<\/p>\n<p><strong>Sastav:<\/strong>\u00a0Jaja i derivati jaja minimun 30%, ekstrakti proteina povr\u0107a, \u017eitarice (proso 3%, kukuruz 5%), ulja i masti, pekarski proizvodi, semenje (heljda 2%, niger 0,8%), med 5%, \u0161e\u0107eri, minerali, FOS 0,2%, MOS 0,2%<\/p>\n<p><strong>Analytical composition:<\/strong>\u00a0proteini 16%, masti 16%, sirova vlakna 2%, sirovi pepeo 6%, kalcijum 1,30%, fosfor 0,5%, lizin 0,88%, metionin 0,31%<\/p>\n<p><strong>Dodaci po kg proizvoda:\u00a0 Nutritivni dodaci:\u00a0<\/strong>vitamin A 15600 IU, beta-karoten 8.65 mg, vitamin D3 1875 IU, vitamin E 345.00 mg, vitamin K3 3.00 mg, vitamin B1 7.20 mg, vitamin B2 16.00 mg, kalcijum D-pantotenat 20.00 mg, vitamin B6 6.00 mg, vitamin B12 0.03 mg, niacin 65.00 mg, vitamin C 75.00 mg, holin hlorid 1200 mg, folna kiselina 1.20 mg, biotin 0.20 mg, L-karnitin 75.00 mg, 3b103 (gvo\u017e\u0111e) 50.00 mg, 3b202 (jod) 2.00 mg, 3b405 (bakar) 10.00 mg, 3b502 (mangan) 100.00 mg, 3b603 (cink) 97.00 mg, 3b801 (selenijum) 0.20 mg;\u00a0<strong>Tehnolo\u0161ki dodaci:<\/strong>\u00a0konzervansi, antioksidansi;\u00a0<strong>Senzorni dodaci:<\/strong>\u00a0boje, poja\u010diva\u010di ukusa<\/p>\n<p><strong>Uputstvo za upotrebu:<\/strong>\u00a0davati pticama neograni\u010deno tokom sezone mitarenja. Tokom ostatka godine: davati 2 ili 3 porcije nedeljno. Osve\u017eavajte redovno<\/p>\n<p>Proizvo\u0111a\u010d: Versle-Laga, Kapellestraat 70, Deinze, Belgium<br \/>\nZemlja porekla: Belgija (EU)<\/p>\n<\/div>\n\n    <div class=\"xs_social_share_widget xs_share_url after_content \t\tmain_content  wslu-style-1 wslu-share-box-shaped wslu-fill-colored wslu-none wslu-share-horizontal wslu-theme-font-no wslu-main_content\">\n\n\t\t\n        <ul>\n\t\t\t        <\/ul>\n    <\/div>","protected":false},"excerpt":{"rendered":"<p>Versele Laga NutriBird Treats Gold Patee Field Fusion<\/p>","protected":false},"featured_media":48557,"comment_status":"open","ping_status":"closed","template":"","meta":{"_acf_changed":false},"pwb-brand":[318],"product_cat":[1277,1119],"product_tag":[],"class_list":{"0":"post-48559","1":"product","2":"type-product","3":"status-publish","4":"has-post-thumbnail","6":"pwb-brand-versele-laga","7":"product_cat-hrana-za-ptice","8":"product_cat-ptice","10":"first","11":"instock","12":"taxable","13":"shipping-taxable","14":"purchasable","15":"product-type-simple"},"acf":[],"brands":[{"id":318,"name":"Versele-Laga","slug":"versele-laga"}],"_links":{"self":[{"href":"https:\/\/pawz.rs\/en\/wp-json\/wp\/v2\/product\/48559","targetHints":{"allow":["GET"]}}],"collection":[{"href":"https:\/\/pawz.rs\/en\/wp-json\/wp\/v2\/product"}],"about":[{"href":"https:\/\/pawz.rs\/en\/wp-json\/wp\/v2\/types\/product"}],"replies":[{"embeddable":true,"href":"https:\/\/pawz.rs\/en\/wp-json\/wp\/v2\/comments?post=48559"}],"wp:featuredmedia":[{"embeddable":true,"href":"https:\/\/pawz.rs\/en\/wp-json\/wp\/v2\/media\/48557"}],"wp:attachment":[{"href":"https:\/\/pawz.rs\/en\/wp-json\/wp\/v2\/media?parent=48559"}],"wp:term":[{"taxonomy":"pwb-brand","embeddable":true,"href":"https:\/\/pawz.rs\/en\/wp-json\/wp\/v2\/pwb-brand?post=48559"},{"taxonomy":"product_cat","embeddable":true,"href":"https:\/\/pawz.rs\/en\/wp-json\/wp\/v2\/product_cat?post=48559"},{"taxonomy":"product_tag","embeddable":true,"href":"https:\/\/pawz.rs\/en\/wp-json\/wp\/v2\/product_tag?post=48559"}],"curies":[{"name":"wp","href":"https:\/\/api.w.org\/{rel}","templated":true}]}}