{"id":48560,"date":"2025-10-16T15:18:13","date_gmt":"2025-10-16T13:18:13","guid":{"rendered":"https:\/\/pawz.rs\/?post_type=product&#038;p=48560"},"modified":"2025-10-16T15:18:15","modified_gmt":"2025-10-16T13:18:15","slug":"versele-laga-nutribird-treats-gold-patee-red-fusion","status":"publish","type":"product","link":"https:\/\/pawz.rs\/en\/versele-laga-nutribird-treats-gold-patee-red-fusion\/","title":{"rendered":"Versele Laga NutriBird Treats Gold Patee Red Fusion"},"content":{"rendered":"<p><strong>Versele Laga NutriBird Treats Gold Patee Red Fusion<\/strong><\/p>\n<div class=\"col-md-12 text-center\">\n<p>Sadr\u017ei sve esencijalne nutrijente kako bi ptice svaki dan bile u vrhunskoj kondiciji<\/p>\n<p>Ovla\u017eena sa 100% prirodnim medom<\/p>\n<p>Sadr\u017ei 75 mg\/kg kantaksina kako bi se o\u010duvala lepa crvena boja perja<\/p>\n<p>Sadr\u017ei lizin i metionin za optimalan rast i izgled perja<\/p>\n<p><strong>OPTI CONDITION<\/strong><\/p>\n<p>Dodati vitamini, minerali i elementi u tragovima doprinose optimalnoj kondiciji<\/p>\n<p><strong>OPTI DIGEST<\/strong><\/p>\n<p>Sadr\u017ei prebiotike i MOS koji doprinose zdravlju crevne flore<\/p>\n<p><strong>OPTI FEATHER<\/strong><\/p>\n<p>Sadr\u017ei sve nutrijente kako bi perje bilo zdravo i gusto<\/p>\n<p><strong>Sastav:\u00a0<\/strong>jaja i derivati jaja minimum 30%, ekstrakti proteina iz povr\u0107a, pekarski proizvodi, ulja i masti, med 6,5%, \u0161e\u0107eri, minerali, semenje (seme nigera 1,5%), FOS 0,2%, MOS 0,2%<\/p>\n<p><strong>Analytical composition:\u00a0<\/strong>proteini 16,5%, masti 16%, sirova vlakna 2%, sirovi pepeo 6%, kalcijum 1,3%, fosfor 0,5%, lizin 0,79%, metionin 0,30%,<\/p>\n<p><strong>Dodaci po kg proizvoda<\/strong><\/p>\n<p>Nutritivni dodaci:<\/p>\n<p>vitamin A 31250 IU, vitamin D3 1625 IU, vitamin E 250.00 mg, vitamin K3 3.00 mg, vitamin B1 7.20 mg, vitamin B2 16.00 mg, kalcijum D-pantotenat 20.00 mg, vitamin B6 6.00 mg, vitamin B12 0.03 mg, vitamin C 75.00 mg, niacin 65.00 mg, holin hlorid 1200 mg, folna kiselina 1.20 mg, biotin 0.20 mg, L-karnitin 75.00 mg, 3b103 (gvo\u017e\u0111e) 50.00 mg, 3b202 (jod) 2.00 mg, 3b405 (bakar) 10.00 mg, 3b502 (mangan) 100.00 mg, 3b603 (cink) 97.00 mg, 3b801 (selenijum) 0.20 mg<\/p>\n<p>Technolo\u0161ki dodaci<\/p>\n<p>konzervansi, antioksidansi<\/p>\n<p>Senzorni dodaci<\/p>\n<p>boje, poja\u010diva\u010di ukusa<\/p>\n<p><strong>Uputstvo za upotrebu:<\/strong><\/p>\n<p>Tokom sezone mitarenja &#8211; bez ograni\u010denja<\/p>\n<p>Van sezone mitarenja &#8211; sve\u017ea porcija 2-3 puta nedeljno.<\/p>\n<p>Redovno osve\u017eavajte.<\/p>\n<p>Proizvo\u0111a\u010d: Versle-Laga, Kapellestraat 70, Deinze, Belgium<br \/>\nZemlja porekla: Belgija (EU)<\/p>\n<\/div>\n\n    <div class=\"xs_social_share_widget xs_share_url after_content \t\tmain_content  wslu-style-1 wslu-share-box-shaped wslu-fill-colored wslu-none wslu-share-horizontal wslu-theme-font-no wslu-main_content\">\n\n\t\t\n        <ul>\n\t\t\t        <\/ul>\n    <\/div>","protected":false},"excerpt":{"rendered":"<p>Versele Laga NutriBird Treats Gold Patee Red Fusion<\/p>","protected":false},"featured_media":48561,"comment_status":"open","ping_status":"closed","template":"","meta":{"_acf_changed":false},"pwb-brand":[318],"product_cat":[1277,1119],"product_tag":[],"class_list":{"0":"post-48560","1":"product","2":"type-product","3":"status-publish","4":"has-post-thumbnail","6":"pwb-brand-versele-laga","7":"product_cat-hrana-za-ptice","8":"product_cat-ptice","10":"first","11":"instock","12":"taxable","13":"shipping-taxable","14":"purchasable","15":"product-type-simple"},"acf":[],"brands":[{"id":318,"name":"Versele-Laga","slug":"versele-laga"}],"_links":{"self":[{"href":"https:\/\/pawz.rs\/en\/wp-json\/wp\/v2\/product\/48560","targetHints":{"allow":["GET"]}}],"collection":[{"href":"https:\/\/pawz.rs\/en\/wp-json\/wp\/v2\/product"}],"about":[{"href":"https:\/\/pawz.rs\/en\/wp-json\/wp\/v2\/types\/product"}],"replies":[{"embeddable":true,"href":"https:\/\/pawz.rs\/en\/wp-json\/wp\/v2\/comments?post=48560"}],"wp:featuredmedia":[{"embeddable":true,"href":"https:\/\/pawz.rs\/en\/wp-json\/wp\/v2\/media\/48561"}],"wp:attachment":[{"href":"https:\/\/pawz.rs\/en\/wp-json\/wp\/v2\/media?parent=48560"}],"wp:term":[{"taxonomy":"pwb-brand","embeddable":true,"href":"https:\/\/pawz.rs\/en\/wp-json\/wp\/v2\/pwb-brand?post=48560"},{"taxonomy":"product_cat","embeddable":true,"href":"https:\/\/pawz.rs\/en\/wp-json\/wp\/v2\/product_cat?post=48560"},{"taxonomy":"product_tag","embeddable":true,"href":"https:\/\/pawz.rs\/en\/wp-json\/wp\/v2\/product_tag?post=48560"}],"curies":[{"name":"wp","href":"https:\/\/api.w.org\/{rel}","templated":true}]}}