{"id":48562,"date":"2025-10-16T15:18:12","date_gmt":"2025-10-16T13:18:12","guid":{"rendered":"https:\/\/pawz.rs\/?post_type=product&#038;p=48562"},"modified":"2025-10-16T15:18:13","modified_gmt":"2025-10-16T13:18:13","slug":"versele-laga-nutribird-treats-gold-patee-wild-fusion","status":"publish","type":"product","link":"https:\/\/pawz.rs\/en\/versele-laga-nutribird-treats-gold-patee-wild-fusion\/","title":{"rendered":"Versele Laga NutriBird Treats Gold Patee Wild Fusion"},"content":{"rendered":"<p><strong>Versele Laga NutriBird Treats Gold Patee Wild Fusion<\/strong><\/p>\n<div class=\"col-md-12 text-center\">\n<p>Sadr\u017ei sve esencijalne nutrijente kako bi ptice svaki dan bile u vrhunskoj kondiciji<\/p>\n<p>Ovla\u017eena sa 100% prirodnim medom<\/p>\n<p>Sadr\u017ei divlje semenje oboga\u0107eno crvima i \u0161koljkama kao dodatnim izvorima proteina \u017eivotinjskog porekla<\/p>\n<p>Sadr\u017ei lizin i metionin za optimalan rast i izgled perja<\/p>\n<p><strong>OPTI CONDITION<\/strong><\/p>\n<p>Dodati vitamini, minerali i elementi u tragovima doprinose optimalnoj kondiciji<\/p>\n<p><strong>OPTI DIGEST<\/strong><\/p>\n<p>Sadr\u017ei prebiotike i MOS koji doprinose zdravlju crevne flore<\/p>\n<p><strong>OPTI FEATHER<\/strong><\/p>\n<p>Sadr\u017ei sve nutrijente kako bi perje bilo zdravo i gusto<\/p>\n<p><strong>Sastav:\u00a0<\/strong>pekarski proizvodi, jaja i derivati jaja 15%, ekstrakti proteina iz povr\u0107a, ulja i masti, semenje 6,8%(uklju\u010duju\u0107i i divlje semenje 5%), med 5%, \u0161e\u0107eri, meku\u0161ci i rakovi (gamarus 1,9%), derivati biljnog porekla, \u017eitarice, insekti (larve muva 1,4%), minerali, FOS 0,2%, MOS 0,2%<\/p>\n<p><strong>Analytical composition:\u00a0<\/strong>proteini 18,5% (od \u0107ega 9% proteini \u017eivotinjskog porekla), masti 18%, sirova vlakna 2,5%, sirovi pepeo 3,5%, kalcijum 1%, natrijum 0,30%, fosfor 0,4%, lizin 1%, metionin 0,31%, treonin 0,59%, triptofan 0,3%, cistin 0,3%<\/p>\n<p><strong>Dodaci po kg proizvoda<\/strong><\/p>\n<p>Nutritivni dodaci:<\/p>\n<p>vitamin A 36900 IU, vitamin D3 1900 IU, vitamin E 295.00 mg, vitamin K3 3.5 mg, vitamin B1 8.5 mg, vitamin B2 18.9 mg, kalcijum D-pantotenat 23.6 mg, vitamin B6 7,1 mg, vitamin B12 0.04 mg, vitamin C 88.5 mg, niacin 76.5 mg, holin hlorid 942 mg, folna kiselina 1.4 mg, biotin 0.24 mg, L-karnitin 59 mg, 3b103 (gvo\u017e\u0111e) 39 mg, 3b202 (jod) 1,6 mg, 3b405 (bakar) 7,9 mg, 3b502 (mangan) 78,5 mg, 3b603 (cink) 76,1 mg, 3b801 (selenijum) 0.16 mg<\/p>\n<p>Technolo\u0161ki dodaci<\/p>\n<p>konzervansi, antioksidansi<\/p>\n<p><strong>Uputstvo za upotrebu:<\/strong><\/p>\n<p>Dajte pticama sve\u017eu porciju 3-4 puta nedeljno.<\/p>\n<p>Redovno osve\u017eavajte.<\/p>\n<p>Proizvo\u0111a\u010d: Versle-Laga, Kapellestraat 70, Deinze, Belgium<br \/>\nZemlja porekla: Belgija (EU)<\/p>\n<\/div>\n\n    <div class=\"xs_social_share_widget xs_share_url after_content \t\tmain_content  wslu-style-1 wslu-share-box-shaped wslu-fill-colored wslu-none wslu-share-horizontal wslu-theme-font-no wslu-main_content\">\n\n\t\t\n        <ul>\n\t\t\t        <\/ul>\n    <\/div>","protected":false},"excerpt":{"rendered":"<p>Versele Laga NutriBird Treats Gold Patee Wild Fusion<\/p>","protected":false},"featured_media":48563,"comment_status":"open","ping_status":"closed","template":"","meta":{"_acf_changed":false},"pwb-brand":[318],"product_cat":[1277,1119],"product_tag":[],"class_list":{"0":"post-48562","1":"product","2":"type-product","3":"status-publish","4":"has-post-thumbnail","6":"pwb-brand-versele-laga","7":"product_cat-hrana-za-ptice","8":"product_cat-ptice","10":"first","11":"instock","12":"taxable","13":"shipping-taxable","14":"purchasable","15":"product-type-simple"},"acf":[],"brands":[{"id":318,"name":"Versele-Laga","slug":"versele-laga"}],"_links":{"self":[{"href":"https:\/\/pawz.rs\/en\/wp-json\/wp\/v2\/product\/48562","targetHints":{"allow":["GET"]}}],"collection":[{"href":"https:\/\/pawz.rs\/en\/wp-json\/wp\/v2\/product"}],"about":[{"href":"https:\/\/pawz.rs\/en\/wp-json\/wp\/v2\/types\/product"}],"replies":[{"embeddable":true,"href":"https:\/\/pawz.rs\/en\/wp-json\/wp\/v2\/comments?post=48562"}],"wp:featuredmedia":[{"embeddable":true,"href":"https:\/\/pawz.rs\/en\/wp-json\/wp\/v2\/media\/48563"}],"wp:attachment":[{"href":"https:\/\/pawz.rs\/en\/wp-json\/wp\/v2\/media?parent=48562"}],"wp:term":[{"taxonomy":"pwb-brand","embeddable":true,"href":"https:\/\/pawz.rs\/en\/wp-json\/wp\/v2\/pwb-brand?post=48562"},{"taxonomy":"product_cat","embeddable":true,"href":"https:\/\/pawz.rs\/en\/wp-json\/wp\/v2\/product_cat?post=48562"},{"taxonomy":"product_tag","embeddable":true,"href":"https:\/\/pawz.rs\/en\/wp-json\/wp\/v2\/product_tag?post=48562"}],"curies":[{"name":"wp","href":"https:\/\/api.w.org\/{rel}","templated":true}]}}