{"id":48565,"date":"2025-10-16T15:18:11","date_gmt":"2025-10-16T13:18:11","guid":{"rendered":"https:\/\/pawz.rs\/?post_type=product&#038;p=48565"},"modified":"2025-12-02T09:01:12","modified_gmt":"2025-12-02T08:01:12","slug":"versele-laga-nutribird-gold-pate-european-finches","status":"publish","type":"product","link":"https:\/\/pawz.rs\/en\/versele-laga-nutribird-gold-pate-european-finches\/","title":{"rendered":"Versele Laga NutriBird Gold Pate European Finches"},"content":{"rendered":"<p><strong>Versele Laga NutriBird Gold Pate European Finches<\/strong><\/p>\n<div class=\"col-md-12 text-center\">\n<div class=\"container\">\n<div class=\"row\">\n<div class=\"col-sm-5\">\n<div id=\"opis\" class=\"collapse show\">\n<div class=\"row\">\n<div class=\"col-sm-12\">\n<p>Jaj\u010dana hrana je neophodna tokom sezone parenja ali i tokom ostatka godine kako je izvor dodatnih nutrijenata.<\/p>\n<p>&#8211; Vlaga dolazi iz 100% prirodnog meda<\/p>\n<p>&#8211; Sadr\u017ei divlje seme oboga\u0107eno crvima i gamarusima kao dodatnim izvorima proteina<\/p>\n<p>&#8211; Sa dodatim lizinom i metioninom za optimalan rast i perje<\/p>\n<p><strong>PRO-FEATHER<\/strong><\/p>\n<p>Omega3 masne kiseline su esencijalne za optimalnu kondiciju, imunitet, plodnost i blistavo perje<\/p>\n<p><strong>PRO-GROWTH<\/strong><\/p>\n<p>L-karnitin poja\u010dava metabolizam masti zbog \u010dega se stvara dodatna energija koja potpoma\u017ee rast mladih ptica<\/p>\n<p><strong>FLORASTIMUL<\/strong><\/p>\n<p>Jedinstvena kombinacija FOS i MOS poma\u017ee zdravlje intestinalne flore<\/p>\n<p><strong>Sastav<\/strong>: pekarski proizvodi, jaja i derivati jaja 15%, ekstakti proteina povr\u0107a, ulja i masti, semenje (divlje semenje 5%), med 5%, \u0161e\u0107eri, meku\u0161ci i rakovi, derivati biljnog porekla, \u017eitarice, insekti, minerali, FOS, MOS<\/p>\n<p><strong>Analytical composition:\u00a0<\/strong>proteini 18,5%, masti 18%, sirova vlakna 2,5%, sirovi pepeo 3,5%, kalcijum 1,1%, natrijum 0,3%, fosfor 0,4%, lizin 1%, metionin 0,35%, treonin 0,63%, triptofan 0,21%, cistin 0,32%<\/p>\n<p><strong>Dodaci po kg proizvoda:<\/strong>\u00a0vitamin A 39660 IU, vitamin D3 2060 IU, vitamin E 317 mg, vitamin K3 3.80 mg, vitamin B1 9.10 mg, vitamin B2 20.30 mg, kalcijum D-pantotenat 25.40 mg, vitamin B6 7.60 mg, vitamin B12 0.04 mg, vitamin C 95 mg, niacin 82.50 mg, holin hlorid 1015 mg, folna kiselina 1.50 mg, biotin 0.25 mg, L-karnitin 63 mg, 3b103 (gvo\u017e\u0111e) 42 mg, 3b202 (jod) 1.70 mg, E4 (bakar) 8.50 mg, 3b502 (mangan) 84.50 mg, 3b603 (cink) 82 mg, E8 (selenijum) 0.17 mg<\/p>\n<p><strong>Uputstvo za upotrebu:\u00a0<\/strong>Hrana je spremna za kori\u0161\u0107enje. Tokom perioda parenja i mitarenja dajte pticama bez ograni\u010denja. Ostatak vremena: davati 3 puta nedeljno. Tokom vi\u0161e dana mo\u017ee se davati bez dodataka. Svakoga dana dodajte klijaju\u0107e seme, vo\u0107r i\/ili povr\u0107e.<\/p>\n<\/div>\n<\/div>\n<\/div>\n<\/div>\n<\/div>\n<\/div>\n<p>Proizvo\u0111a\u010d: Versle-Laga, Kapellestraat 70, Deinze, Belgium<br \/>\nZemlja porekla: Belgija (EU)<\/p>\n<\/div>\n\n    <div class=\"xs_social_share_widget xs_share_url after_content \t\tmain_content  wslu-style-1 wslu-share-box-shaped wslu-fill-colored wslu-none wslu-share-horizontal wslu-theme-font-no wslu-main_content\">\n\n\t\t\n        <ul>\n\t\t\t        <\/ul>\n    <\/div>","protected":false},"excerpt":{"rendered":"<p>Versele Laga NutriBird Gold Pate European Finches<\/p>","protected":false},"featured_media":48567,"comment_status":"open","ping_status":"closed","template":"","meta":{"_acf_changed":false},"pwb-brand":[318],"product_cat":[1277,1119],"product_tag":[],"class_list":{"0":"post-48565","1":"product","2":"type-product","3":"status-publish","4":"has-post-thumbnail","6":"pwb-brand-versele-laga","7":"product_cat-hrana-za-ptice","8":"product_cat-ptice","10":"first","11":"instock","12":"taxable","13":"shipping-taxable","14":"purchasable","15":"product-type-simple"},"acf":[],"brands":[{"id":318,"name":"Versele-Laga","slug":"versele-laga"}],"_links":{"self":[{"href":"https:\/\/pawz.rs\/en\/wp-json\/wp\/v2\/product\/48565","targetHints":{"allow":["GET"]}}],"collection":[{"href":"https:\/\/pawz.rs\/en\/wp-json\/wp\/v2\/product"}],"about":[{"href":"https:\/\/pawz.rs\/en\/wp-json\/wp\/v2\/types\/product"}],"replies":[{"embeddable":true,"href":"https:\/\/pawz.rs\/en\/wp-json\/wp\/v2\/comments?post=48565"}],"wp:featuredmedia":[{"embeddable":true,"href":"https:\/\/pawz.rs\/en\/wp-json\/wp\/v2\/media\/48567"}],"wp:attachment":[{"href":"https:\/\/pawz.rs\/en\/wp-json\/wp\/v2\/media?parent=48565"}],"wp:term":[{"taxonomy":"pwb-brand","embeddable":true,"href":"https:\/\/pawz.rs\/en\/wp-json\/wp\/v2\/pwb-brand?post=48565"},{"taxonomy":"product_cat","embeddable":true,"href":"https:\/\/pawz.rs\/en\/wp-json\/wp\/v2\/product_cat?post=48565"},{"taxonomy":"product_tag","embeddable":true,"href":"https:\/\/pawz.rs\/en\/wp-json\/wp\/v2\/product_tag?post=48565"}],"curies":[{"name":"wp","href":"https:\/\/api.w.org\/{rel}","templated":true}]}}