{"id":48764,"date":"2025-10-24T09:00:45","date_gmt":"2025-10-24T07:00:45","guid":{"rendered":"https:\/\/pawz.rs\/?post_type=product&#038;p=48764"},"modified":"2026-04-05T21:10:43","modified_gmt":"2026-04-05T19:10:43","slug":"animonda-integra-protect-pas-adult-sensitive-piletina-i-paskanat-150g","status":"publish","type":"product","link":"https:\/\/pawz.rs\/en\/animonda-integra-protect-pas-adult-sensitive-piletina-i-paskanat-150g\/","title":{"rendered":"Animonda Integra Protect Pas Adult Sensitive Piletina i Pa\u0161kanat 150g"},"content":{"rendered":"<p><strong>Animonda INTEGRA PROTECT Pas Adult Sensitive Piletina i Pa\u0161kanat 150g<br \/>\n<\/strong><br \/>\n<strong>Minimalna kupovina 11 komada<\/strong><\/p>\n<p>Animonda Integra Protect Sensitive piletina i pa\u0161kanat. Mokra hrana. Potpuna dijetetska hrana za odrasle pse koja se preporu\u010duje u slu\u010daju netolerancije na sastojke i hranjive sastojke. Sadr\u017ei pa\u017eljivo odabrane izvore proteina.<\/p>\n<p><strong>Sastav<\/strong>: piletina 60%, pa\u0161kanat 5%, kalcijum karbonat, ulje kanole 0,5%, natrijum hlorid. Analiti\u010dki sastav: Sirovi proteini 9%, sirova ulja i masti 6%, sirova vlakna 0,6%, sirovi pepeo 1,9%, vlaga 80%, linolna kiselina 1%.<\/p>\n<p><strong>Dodaci (po kg)-<\/strong>Prehrambeni dodaci: Vit.D3: 200 IU, 3b202: 0,75 mg, E5: 3 mg, 3b605: 15 mg.<\/p>\n<p>Preporu\u010deno vreme kori\u0161\u0107enja: preporu\u010duje se mi\u0161ljenje veterinara pre po\u010detka kori\u0161\u0107enja, inicijalno koristiti 3-8 nedelja ako znaci netolerancije prestanu, mo\u017ee se koristiti neograni\u010deno dugo.<\/p>\n<p>Serve food in dry form with available fresh water.<br \/>\nFor your pet&#039;s health, consult a veterinarian regularly.<\/p>\n<p>Store the product in a dry, dark and cool place.<\/p>\n<p>Proizvo\u0111a\u010d: Rothenfelde<br \/>\nCountry of origin: Germany<\/p>\n\n    <div class=\"xs_social_share_widget xs_share_url after_content \t\tmain_content  wslu-style-1 wslu-share-box-shaped wslu-fill-colored wslu-none wslu-share-horizontal wslu-theme-font-no wslu-main_content\">\n\n\t\t\n        <ul>\n\t\t\t        <\/ul>\n    <\/div>","protected":false},"excerpt":{"rendered":"<p>Animonda Integra Protect Pas Adult Sensitive Piletina i Pa\u0161kanat<\/p>","protected":false},"featured_media":26626,"comment_status":"open","ping_status":"closed","template":"","meta":{"_acf_changed":false},"pwb-brand":[965],"product_cat":[705,47],"product_tag":[],"class_list":{"0":"post-48764","1":"product","2":"type-product","3":"status-publish","4":"has-post-thumbnail","6":"pwb-brand-animonda","7":"product_cat-veterinarske-dijete-za-pse","8":"product_cat-psi","10":"first","11":"instock","12":"taxable","13":"shipping-taxable","14":"purchasable","15":"product-type-simple"},"acf":[],"brands":[{"id":965,"name":"Animonda","slug":"animonda"}],"_links":{"self":[{"href":"https:\/\/pawz.rs\/en\/wp-json\/wp\/v2\/product\/48764","targetHints":{"allow":["GET"]}}],"collection":[{"href":"https:\/\/pawz.rs\/en\/wp-json\/wp\/v2\/product"}],"about":[{"href":"https:\/\/pawz.rs\/en\/wp-json\/wp\/v2\/types\/product"}],"replies":[{"embeddable":true,"href":"https:\/\/pawz.rs\/en\/wp-json\/wp\/v2\/comments?post=48764"}],"wp:featuredmedia":[{"embeddable":true,"href":"https:\/\/pawz.rs\/en\/wp-json\/wp\/v2\/media\/26626"}],"wp:attachment":[{"href":"https:\/\/pawz.rs\/en\/wp-json\/wp\/v2\/media?parent=48764"}],"wp:term":[{"taxonomy":"pwb-brand","embeddable":true,"href":"https:\/\/pawz.rs\/en\/wp-json\/wp\/v2\/pwb-brand?post=48764"},{"taxonomy":"product_cat","embeddable":true,"href":"https:\/\/pawz.rs\/en\/wp-json\/wp\/v2\/product_cat?post=48764"},{"taxonomy":"product_tag","embeddable":true,"href":"https:\/\/pawz.rs\/en\/wp-json\/wp\/v2\/product_tag?post=48764"}],"curies":[{"name":"wp","href":"https:\/\/api.w.org\/{rel}","templated":true}]}}