{"id":49131,"date":"2025-11-13T08:00:06","date_gmt":"2025-11-13T07:00:06","guid":{"rendered":"https:\/\/pawz.rs\/?post_type=product&#038;p=49131"},"modified":"2026-05-04T19:43:42","modified_gmt":"2026-05-04T17:43:42","slug":"sams-field-adult-sve-rase-losos-i-krompir-13kg","status":"publish","type":"product","link":"https:\/\/pawz.rs\/en\/sams-field-adult-sve-rase-losos-i-krompir-13kg\/","title":{"rendered":"Sam&#8217;s Field Adult Sve Rase Losos i Krompir 13kg"},"content":{"rendered":"<p><strong>Sam&#8217;s Field Adult Sve Rase Losos i Krompir 13kg<\/strong><\/p>\n<div class=\"ds-message _63c77b1\">\n<div class=\"ds-markdown\">\n<p class=\"ds-markdown-paragraph\">Hipoalergena formula za odrasle pse svih rasa<\/p>\n<\/div>\n<\/div>\n<p class=\"ds-markdown-paragraph\"><strong>Sastav:<\/strong><br \/>\nlosos, krompir, kukuruz, peradja mast (konzervisana me\u0161avinom tokoferola, izvor vitamina E), lososovo ulje, prirodni aromati\u010dni sastojci, suve jabuke, pivski kvasac, paradajz, ekstrakt juke \u0160idiger, \u0161argarepe, minerali, DL-metionin, L-lizin, manan-oligosaharidi, frukto-oligosaharidi, probiotici<\/p>\n<p class=\"ds-markdown-paragraph\"><strong>Iskoristiva energija:<\/strong><br \/>\n3.810 kcal\/kg<\/p>\n<p><strong>Uputstvo za hranjenje<\/strong><br \/>\nUvek obezbedite sve\u017eu vodu za pi\u0107e. Preporu\u010dene dnevne koli\u010dine su navedene u tabeli iznad. Ove koli\u010dine se mogu prilagoditi uzrastu, fizi\u010dkoj aktivnosti i godi\u0161njem dobu. Dnevnu koli\u010dinu davati bez dodatne pripreme, po mogustvu u 2 ili 3 obroka.<\/p>\n<p>\u010cuvati na hladnom i suvom mestu za\u0161ti\u0107enom od direktne sun\u010deve svetlosti.<\/p>\n<p>Proizvo\u0111a\u010d: VAFO PRAHA s.r.o., K Br\u016fdku 94, Chr\u00e1\u0161\u0165any, 252 19 \u010ce\u0161ka Republika, Reg.Br: CZ800175-01\/02\/03\/06, exp.Br. CZ939, www.samsfield.com<\/p>\n\n    <div class=\"xs_social_share_widget xs_share_url after_content \t\tmain_content  wslu-style-1 wslu-share-box-shaped wslu-fill-colored wslu-none wslu-share-horizontal wslu-theme-font-no wslu-main_content\">\n\n\t\t\n        <ul>\n\t\t\t        <\/ul>\n    <\/div>","protected":false},"excerpt":{"rendered":"<p>Sam&#8217;s Field Losos i Krompir za odrasle pse svih rasa<\/p>","protected":false},"featured_media":49132,"comment_status":"open","ping_status":"closed","template":"","meta":{"_acf_changed":false},"pwb-brand":[917],"product_cat":[49,48,47],"product_tag":[],"class_list":{"0":"post-49131","1":"product","2":"type-product","3":"status-publish","4":"has-post-thumbnail","6":"pwb-brand-sams-field","7":"product_cat-granule-za-pse","8":"product_cat-hrana-za-pse","9":"product_cat-psi","11":"first","12":"instock","13":"taxable","14":"shipping-taxable","15":"purchasable","16":"product-type-simple"},"acf":[],"brands":[{"id":917,"name":"Sams Field","slug":"sams-field"}],"_links":{"self":[{"href":"https:\/\/pawz.rs\/en\/wp-json\/wp\/v2\/product\/49131","targetHints":{"allow":["GET"]}}],"collection":[{"href":"https:\/\/pawz.rs\/en\/wp-json\/wp\/v2\/product"}],"about":[{"href":"https:\/\/pawz.rs\/en\/wp-json\/wp\/v2\/types\/product"}],"replies":[{"embeddable":true,"href":"https:\/\/pawz.rs\/en\/wp-json\/wp\/v2\/comments?post=49131"}],"wp:featuredmedia":[{"embeddable":true,"href":"https:\/\/pawz.rs\/en\/wp-json\/wp\/v2\/media\/49132"}],"wp:attachment":[{"href":"https:\/\/pawz.rs\/en\/wp-json\/wp\/v2\/media?parent=49131"}],"wp:term":[{"taxonomy":"pwb-brand","embeddable":true,"href":"https:\/\/pawz.rs\/en\/wp-json\/wp\/v2\/pwb-brand?post=49131"},{"taxonomy":"product_cat","embeddable":true,"href":"https:\/\/pawz.rs\/en\/wp-json\/wp\/v2\/product_cat?post=49131"},{"taxonomy":"product_tag","embeddable":true,"href":"https:\/\/pawz.rs\/en\/wp-json\/wp\/v2\/product_tag?post=49131"}],"curies":[{"name":"wp","href":"https:\/\/api.w.org\/{rel}","templated":true}]}}