{"id":49174,"date":"2025-11-14T16:00:05","date_gmt":"2025-11-14T15:00:05","guid":{"rendered":"https:\/\/pawz.rs\/?post_type=product&#038;p=49174"},"modified":"2026-05-04T19:43:38","modified_gmt":"2026-05-04T17:43:38","slug":"sams-field-large-junior-jagnjetina-13kg","status":"publish","type":"product","link":"https:\/\/pawz.rs\/en\/sams-field-large-junior-jagnjetina-13kg\/","title":{"rendered":"Sam&#8217;s Field Large Junior Jagnjetina 13kg"},"content":{"rendered":"<p><strong>Sam&#8217;s Field Large Junior Jagnjetina 13kg<\/strong><\/p>\n<p class=\"ds-markdown-paragraph\">Kompletna hrana za juniore velikih rasa (od 3 meseca \/ do uzrasta od 30 meseci)<\/p>\n<p class=\"ds-markdown-paragraph\"><strong>Sastav:<\/strong><br \/>\njagnjetina sa slobodnog ispusta (28%), pirina\u010d (28%), gra\u0161ak (12%), govedja i svinjska mast (8%), suva jabu\u010dna ka\u0161a (6%), hidrolizovani proteini \u017eivine (5%), pivski kvasac (5%), bundeva (3%), lososovo ulje (2%), hidrolizovana jetra \u017eivine (2%), suvi \u0161pinat (0,5%), bra\u0161no od gra\u0161ka (0,401%), glukozamin (0,026%), hondroitin sulfat (0,02%), frukto-oligosaharidi (0,02%), manan-oligosaharidi (0,015%), juka Mojave (0,01%), suva kamilica (0,008%).<\/p>\n<p class=\"ds-markdown-paragraph\"><strong>Iskoristiva energija:<\/strong><br \/>\n3.750 kcal\/kg<\/p>\n<p class=\"ds-markdown-paragraph\"><strong>Uputstvo za ishranu:<\/strong><br \/>\nUvek obezbedite sve\u017eu vodu za pi\u0107e. Preporu\u010dene dnevne koli\u010dine su navedene u tabeli iznad. Ove koli\u010dine se mogu prilagoditi uzrastu, fizi\u010dkoj aktivnosti i godi\u0161njem dobu. Dnevnu koli\u010dinu davati bez dodatne pripreme, po mogu\u0107stvu u 2 ili 3 obroka.<\/p>\n<p>\u010cuvati na hladnom i suvom mestu za\u0161ti\u0107enom od direktne sun\u010deve svetlosti.<\/p>\n<p>Proizvo\u0111a\u010d: VAFO PRAHA s.r.o., K Br\u016fdku 94, Chr\u00e1\u0161\u0165any, 252 19 \u010ce\u0161ka Republika, Reg.Br: CZ800175-01\/02\/03\/06, exp.Br. CZ939, www.samsfield.com<\/p>\n\n    <div class=\"xs_social_share_widget xs_share_url after_content \t\tmain_content  wslu-style-1 wslu-share-box-shaped wslu-fill-colored wslu-none wslu-share-horizontal wslu-theme-font-no wslu-main_content\">\n\n\t\t\n        <ul>\n\t\t\t        <\/ul>\n    <\/div>","protected":false},"excerpt":{"rendered":"<p>Sam&#8217;s Field hrana sa jangnjetinom za \u0161tenca velikih rasa<\/p>","protected":false},"featured_media":49175,"comment_status":"open","ping_status":"closed","template":"","meta":{"_acf_changed":false},"pwb-brand":[917],"product_cat":[49,48,47],"product_tag":[],"class_list":{"0":"post-49174","1":"product","2":"type-product","3":"status-publish","4":"has-post-thumbnail","6":"pwb-brand-sams-field","7":"product_cat-granule-za-pse","8":"product_cat-hrana-za-pse","9":"product_cat-psi","11":"first","12":"instock","13":"taxable","14":"shipping-taxable","15":"purchasable","16":"product-type-simple"},"acf":[],"brands":[{"id":917,"name":"Sams Field","slug":"sams-field"}],"_links":{"self":[{"href":"https:\/\/pawz.rs\/en\/wp-json\/wp\/v2\/product\/49174","targetHints":{"allow":["GET"]}}],"collection":[{"href":"https:\/\/pawz.rs\/en\/wp-json\/wp\/v2\/product"}],"about":[{"href":"https:\/\/pawz.rs\/en\/wp-json\/wp\/v2\/types\/product"}],"replies":[{"embeddable":true,"href":"https:\/\/pawz.rs\/en\/wp-json\/wp\/v2\/comments?post=49174"}],"wp:featuredmedia":[{"embeddable":true,"href":"https:\/\/pawz.rs\/en\/wp-json\/wp\/v2\/media\/49175"}],"wp:attachment":[{"href":"https:\/\/pawz.rs\/en\/wp-json\/wp\/v2\/media?parent=49174"}],"wp:term":[{"taxonomy":"pwb-brand","embeddable":true,"href":"https:\/\/pawz.rs\/en\/wp-json\/wp\/v2\/pwb-brand?post=49174"},{"taxonomy":"product_cat","embeddable":true,"href":"https:\/\/pawz.rs\/en\/wp-json\/wp\/v2\/product_cat?post=49174"},{"taxonomy":"product_tag","embeddable":true,"href":"https:\/\/pawz.rs\/en\/wp-json\/wp\/v2\/product_tag?post=49174"}],"curies":[{"name":"wp","href":"https:\/\/api.w.org\/{rel}","templated":true}]}}