{"id":49178,"date":"2025-11-14T16:00:05","date_gmt":"2025-11-14T15:00:05","guid":{"rendered":"https:\/\/pawz.rs\/?post_type=product&#038;p=49178"},"modified":"2026-04-05T23:14:48","modified_gmt":"2026-04-05T21:14:48","slug":"sams-field-poslastica-govedina-jabuka-i-sargarepa-200g","status":"publish","type":"product","link":"https:\/\/pawz.rs\/en\/sams-field-poslastica-govedina-jabuka-i-sargarepa-200g\/","title":{"rendered":"Sam&#8217;s Field Poslastica Govedina, Jabuka i \u0160argarepa 200g"},"content":{"rendered":"<p><strong>Sam&#8217;s Field Crunchy Snack Govedina s Jabukama i \u0160argarepom<\/strong><\/p>\n<p>Dopunska hrana za pse. Prirodna poslastica &#8211; bez \u017eitarica.<br \/>\nVisok sadr\u017eaj mesa za zdravu probavu. Bez aditiva.<\/p>\n<p><strong>Uputstvo za hranjenje<\/strong>: Poslu\u017eiti kao nagradu, za trening pozitivne motivacije ili kao poslasticu za zajedni\u010dke trenutke u toku dana. Sve\u017ea voda uvijek treba biti dostupna.<\/p>\n<p>\u010cuvati na hladnom i suhom mjestu za\u0161ti\u0107enom od izravnog sun\u010devog svjetla.<br \/>\nNeto koli\u010dina: 200 g.<\/p>\n<p>Proizvo\u0111a\u010d: VAFO PRAHA s.r.o., \u010ce\u0161ka Republika<\/p>\n\n    <div class=\"xs_social_share_widget xs_share_url after_content \t\tmain_content  wslu-style-1 wslu-share-box-shaped wslu-fill-colored wslu-none wslu-share-horizontal wslu-theme-font-no wslu-main_content\">\n\n\t\t\n        <ul>\n\t\t\t        <\/ul>\n    <\/div>","protected":false},"excerpt":{"rendered":"<p>Sam&#8217;s Field Poslastica za pse sa Govedinom, Jabukom i \u0160argarepom<\/p>","protected":false},"featured_media":49179,"comment_status":"open","ping_status":"closed","template":"","meta":{"_acf_changed":false},"pwb-brand":[917],"product_cat":[103,48,47],"product_tag":[],"class_list":{"0":"post-49178","1":"product","2":"type-product","3":"status-publish","4":"has-post-thumbnail","6":"pwb-brand-sams-field","7":"product_cat-poslastice-za-pse","8":"product_cat-hrana-za-pse","9":"product_cat-psi","11":"first","12":"outofstock","13":"taxable","14":"shipping-taxable","15":"purchasable","16":"product-type-simple"},"acf":[],"brands":[{"id":917,"name":"Sams Field","slug":"sams-field"}],"_links":{"self":[{"href":"https:\/\/pawz.rs\/en\/wp-json\/wp\/v2\/product\/49178","targetHints":{"allow":["GET"]}}],"collection":[{"href":"https:\/\/pawz.rs\/en\/wp-json\/wp\/v2\/product"}],"about":[{"href":"https:\/\/pawz.rs\/en\/wp-json\/wp\/v2\/types\/product"}],"replies":[{"embeddable":true,"href":"https:\/\/pawz.rs\/en\/wp-json\/wp\/v2\/comments?post=49178"}],"wp:featuredmedia":[{"embeddable":true,"href":"https:\/\/pawz.rs\/en\/wp-json\/wp\/v2\/media\/49179"}],"wp:attachment":[{"href":"https:\/\/pawz.rs\/en\/wp-json\/wp\/v2\/media?parent=49178"}],"wp:term":[{"taxonomy":"pwb-brand","embeddable":true,"href":"https:\/\/pawz.rs\/en\/wp-json\/wp\/v2\/pwb-brand?post=49178"},{"taxonomy":"product_cat","embeddable":true,"href":"https:\/\/pawz.rs\/en\/wp-json\/wp\/v2\/product_cat?post=49178"},{"taxonomy":"product_tag","embeddable":true,"href":"https:\/\/pawz.rs\/en\/wp-json\/wp\/v2\/product_tag?post=49178"}],"curies":[{"name":"wp","href":"https:\/\/api.w.org\/{rel}","templated":true}]}}