{"id":49180,"date":"2025-11-14T16:00:05","date_gmt":"2025-11-14T15:00:05","guid":{"rendered":"https:\/\/pawz.rs\/?post_type=product&#038;p=49180"},"modified":"2026-04-05T23:14:49","modified_gmt":"2026-04-05T21:14:49","slug":"sams-field-junior-govedina-i-teletina-za-stenca-velikih-rasa-13kg","status":"publish","type":"product","link":"https:\/\/pawz.rs\/en\/sams-field-junior-govedina-i-teletina-za-stenca-velikih-rasa-13kg\/","title":{"rendered":"Sam&#8217;s Field Junior Govedina i Teletina za \u0160tenca Velikih Rasa 13kg"},"content":{"rendered":"<p class=\"ds-markdown-paragraph\"><strong>Sam&#8217;s Field Junior Govedina i Teletina za \u0160tenca Velikih Rasa 13kg<\/strong><\/p>\n<p>Kompletn\u0430 hran\u0430 za mladun\u010dad velikih rasa (od 3 meseca \/ do uzrasta od 30 meseci)<\/p>\n<p class=\"ds-markdown-paragraph\"><strong>Sastav:<\/strong><br \/>\nsuv\u0430 govedin\u0430 (28%), suvo tele\u0107e meso (20%), krompir (13%), pirina\u010d (8,5%), goved\u0458\u0430 i svinjsk\u0430 mast (6%), suv\u0430 \u0458abu\u010dn\u0430 ka\u0161a (4%), gra\u0161ak (3%), hidrolizovan\u0456 proteini \u017eivine (3%), pivsk\u0456 kvasac (3%), bundeva (3%), suve ljuske jajeta (2%), lososovo ulje (2%), pile\u0107a jetra (2%), suva tikva (0,8%), suv \u0161pinat (0,5%), suv\u0430 repe ka\u0161a (0,5%), brasno gra\u0161ka (0,401%), suv brokoli (0,2%), glukozamin (0,026%), hondroitin sulfat (0,02%), frukto-oligosaharidi (0,02%), manan-oligosaharidi (0,015%), \u0458uk\u0430 Mojave (0,01%), suv kamilica (0,008%).<\/p>\n<p class=\"ds-markdown-paragraph\"><strong>Iskoristiva energija:<\/strong><br \/>\n3.780 kcal\/kg<\/p>\n<p class=\"ds-markdown-paragraph\"><strong>Uputstvo za ishranu:<\/strong><br \/>\nUvek obezbedite sve\u017eu vodu za pi\u0107e. Preporu\u010dene dnevne koli\u010dine su navedene u tabeli iznad. Ove koli\u010dine se mogu prilagoditi uzrastu, fizi\u010dkoj aktivnosti i godi\u0161njem dobu. Dnevnu koli\u010dinu davati bez dodatne pripreme, po mogustvu u 2 ili 3 obroka.<\/p>\n<p>\u010cuvati na hladnom i suvom mestu za\u0161ti\u0107enom od direktne sun\u010deve svetlosti.<\/p>\n<p>Proizvo\u0111a\u010d: VAFO PRAHA s.r.o., K Br\u016fdku 94, Chr\u00e1\u0161\u0165any, 252 19 \u010ce\u0161ka Republika, Reg.Br: CZ800175-01\/02\/03\/06, exp.Br. CZ939, www.samsfield.com<\/p>\n\n    <div class=\"xs_social_share_widget xs_share_url after_content \t\tmain_content  wslu-style-1 wslu-share-box-shaped wslu-fill-colored wslu-none wslu-share-horizontal wslu-theme-font-no wslu-main_content\">\n\n\t\t\n        <ul>\n\t\t\t        <\/ul>\n    <\/div>","protected":false},"excerpt":{"rendered":"<p>Sam&#8217;s Field All Size Junior Govedina i Teletina za \u0161tenca velikih rasa<\/p>","protected":false},"featured_media":49181,"comment_status":"open","ping_status":"closed","template":"","meta":{"_acf_changed":false},"pwb-brand":[917],"product_cat":[49,47],"product_tag":[],"class_list":{"0":"post-49180","1":"product","2":"type-product","3":"status-publish","4":"has-post-thumbnail","6":"pwb-brand-sams-field","7":"product_cat-granule-za-pse","8":"product_cat-psi","10":"first","11":"instock","12":"taxable","13":"shipping-taxable","14":"purchasable","15":"product-type-simple"},"acf":[],"brands":[{"id":917,"name":"Sams Field","slug":"sams-field"}],"_links":{"self":[{"href":"https:\/\/pawz.rs\/en\/wp-json\/wp\/v2\/product\/49180","targetHints":{"allow":["GET"]}}],"collection":[{"href":"https:\/\/pawz.rs\/en\/wp-json\/wp\/v2\/product"}],"about":[{"href":"https:\/\/pawz.rs\/en\/wp-json\/wp\/v2\/types\/product"}],"replies":[{"embeddable":true,"href":"https:\/\/pawz.rs\/en\/wp-json\/wp\/v2\/comments?post=49180"}],"wp:featuredmedia":[{"embeddable":true,"href":"https:\/\/pawz.rs\/en\/wp-json\/wp\/v2\/media\/49181"}],"wp:attachment":[{"href":"https:\/\/pawz.rs\/en\/wp-json\/wp\/v2\/media?parent=49180"}],"wp:term":[{"taxonomy":"pwb-brand","embeddable":true,"href":"https:\/\/pawz.rs\/en\/wp-json\/wp\/v2\/pwb-brand?post=49180"},{"taxonomy":"product_cat","embeddable":true,"href":"https:\/\/pawz.rs\/en\/wp-json\/wp\/v2\/product_cat?post=49180"},{"taxonomy":"product_tag","embeddable":true,"href":"https:\/\/pawz.rs\/en\/wp-json\/wp\/v2\/product_tag?post=49180"}],"curies":[{"name":"wp","href":"https:\/\/api.w.org\/{rel}","templated":true}]}}