{"id":49370,"date":"2025-11-22T12:39:55","date_gmt":"2025-11-22T11:39:55","guid":{"rendered":"https:\/\/pawz.rs\/jbl-sensibar-grey-10kg\/"},"modified":"2026-05-04T19:43:36","modified_gmt":"2026-05-04T17:43:36","slug":"jbl-sansibar-grey-10kg","status":"publish","type":"product","link":"https:\/\/pawz.rs\/en\/jbl-sansibar-grey-10kg\/","title":{"rendered":"JBL Sansibar Grey 10kg"},"content":{"rendered":"<p class=\"ds-markdown-paragraph\">Idealan supstrat<br \/>\nSupstrat je va\u017ean deo akvarijumskog enterijera jer mnoge \u017eivotinje kopaju u zemlji\u0161tu tra\u017ee\u0107i hranu. Biljkama je tako\u0111e neophodno sigurno ukorenjivanje i moraju da apsorbuju hranu iz zemlji\u0161ta kroz svoje korenovo. Za ribe koje kopaju neophodan je supstrat koji nije o\u0161tar.\u00a0 Grejanje ipod \u0161ljunka se mo\u017ee preporu\u010diti samo za srednje-sitne do krupne supstrate jer se u veoma sitnim supstratima ne mo\u017ee ostvariti prava cirkulacija vode.<\/p>\n<p class=\"ds-markdown-paragraph\">Upotreba<br \/>\nIsperite supstrat vodom iz slavine da uklonite pra\u0161inu nastalu tokom transporta. Postavite supstrat preko nutrientskog supstrata (JBL AquaBasis) da biste podstakli rast biljaka (za sna\u017ean korenov sistem otprilike 6-8 cm).<\/p>\n<ul>\n<li class=\"ds-markdown-paragraph\">Bujan rast biljaka: fina zrnastost i gustina spre\u010davaju prodiranje mulja i drugih otpadnih materija<\/li>\n<li class=\"ds-markdown-paragraph\">Prevencija povreda sluzoko\u017ee: sitni, prirodni pesak zaobljenog oblika je blag prema osetljivim pipcima.<\/li>\n<li class=\"ds-markdown-paragraph\">Idealan za ribe koje ruju, poput oklopnih soma i \u0161arana<\/li>\n<li class=\"ds-markdown-paragraph\">Idealno za ribe, beski\u010dmenjake i biljke: ne ispu\u0161ta \u0161tetne materije u vodu<\/li>\n<li class=\"ds-markdown-paragraph\">Sadr\u017eaj pakovanja: 1 kesa Sansibar Grey. Veli\u010dina zrna: 0,2 &#8211; 0,6 mm.<\/li>\n<li class=\"ds-markdown-paragraph\">Nije u potpunosti pogodan za grejne kablove u \u0161ljunku<\/li>\n<\/ul>\n\n    <div class=\"xs_social_share_widget xs_share_url after_content \t\tmain_content  wslu-style-1 wslu-share-box-shaped wslu-fill-colored wslu-none wslu-share-horizontal wslu-theme-font-no wslu-main_content\">\n\n\t\t\n        <ul>\n\t\t\t        <\/ul>\n    <\/div>","protected":false},"excerpt":{"rendered":"<p>Idealan supstrat Supstrat je va\u017ean deo akvarijumskog enterijera jer mnoge \u017eivotinje kopaju u zemlji\u0161tu tra\u017ee\u0107i hranu. Biljkama je tako\u0111e neophodno sigurno ukorenjivanje i moraju da apsorbuju hranu iz zemlji\u0161ta kroz svoje korenovo. Za ribe koje kopaju neophodan je supstrat koji nije o\u0161tar.\u00a0 Grejanje ipod \u0161ljunka se mo\u017ee preporu\u010diti samo za srednje-sitne do krupne supstrate jer [&hellip;]<\/p>\n","protected":false},"featured_media":49371,"comment_status":"open","ping_status":"closed","template":"","meta":{"_acf_changed":false},"pwb-brand":[1004],"product_cat":[993,1002,994],"product_tag":[],"class_list":{"0":"post-49370","1":"product","2":"type-product","3":"status-publish","4":"has-post-thumbnail","6":"pwb-brand-jbl","7":"product_cat-akvaristika","8":"product_cat-dekoracija-i-podloge-akvaristika","9":"product_cat-oprema-akvaristika","11":"first","12":"instock","13":"taxable","14":"shipping-taxable","15":"purchasable","16":"product-type-simple"},"acf":[],"brands":[{"id":1004,"name":"JBL","slug":"jbl"}],"_links":{"self":[{"href":"https:\/\/pawz.rs\/en\/wp-json\/wp\/v2\/product\/49370","targetHints":{"allow":["GET"]}}],"collection":[{"href":"https:\/\/pawz.rs\/en\/wp-json\/wp\/v2\/product"}],"about":[{"href":"https:\/\/pawz.rs\/en\/wp-json\/wp\/v2\/types\/product"}],"replies":[{"embeddable":true,"href":"https:\/\/pawz.rs\/en\/wp-json\/wp\/v2\/comments?post=49370"}],"wp:featuredmedia":[{"embeddable":true,"href":"https:\/\/pawz.rs\/en\/wp-json\/wp\/v2\/media\/49371"}],"wp:attachment":[{"href":"https:\/\/pawz.rs\/en\/wp-json\/wp\/v2\/media?parent=49370"}],"wp:term":[{"taxonomy":"pwb-brand","embeddable":true,"href":"https:\/\/pawz.rs\/en\/wp-json\/wp\/v2\/pwb-brand?post=49370"},{"taxonomy":"product_cat","embeddable":true,"href":"https:\/\/pawz.rs\/en\/wp-json\/wp\/v2\/product_cat?post=49370"},{"taxonomy":"product_tag","embeddable":true,"href":"https:\/\/pawz.rs\/en\/wp-json\/wp\/v2\/product_tag?post=49370"}],"curies":[{"name":"wp","href":"https:\/\/api.w.org\/{rel}","templated":true}]}}