{"id":49695,"date":"2025-12-06T11:53:22","date_gmt":"2025-12-06T10:53:22","guid":{"rendered":"https:\/\/pawz.rs\/?post_type=product&#038;p=49695"},"modified":"2025-12-06T12:06:18","modified_gmt":"2025-12-06T11:06:18","slug":"dog-chow-puppy-curetina-large-breed-14-kg","status":"publish","type":"product","link":"https:\/\/pawz.rs\/en\/dog-chow-puppy-curetina-large-breed-14-kg\/","title":{"rendered":"Dog Chow Puppy \u0106uretina Large Breed 14 Kg"},"content":{"rendered":"<p><strong>Dog Chow Puppy \u0106uretina Large Breed 14 Kg<\/strong><\/p>\n<p data-start=\"154\" data-end=\"505\">Dog Chow Puppy Large Breed (14kg) je potpuna hrana, pa\u017eljivo razvijena za \u0161tence velikih rasa. Sadr\u017ei \u0107uretinu kao prirodni izvor proteina, koji je posebno prilago\u0111en potrebama va\u0161eg \u0161tenca u fazi rasta i razvoja. Ova hrana je savr\u0161eno izbalansirana sa celovitim \u017eitaricama, osiguravaju\u0107i optimalan rast i razvoj za \u0161tence velikih pasmina.<\/p>\n<p data-start=\"507\" data-end=\"531\"><strong data-start=\"507\" data-end=\"529\">Klju\u010dne Prednosti:<\/strong><\/p>\n<ul data-start=\"532\" data-end=\"963\">\n<li data-start=\"532\" data-end=\"615\"><strong data-start=\"534\" data-end=\"565\">\u0106uretina kao izvor proteina<\/strong>\u00a0\u2013 prirodan izvor proteina za zdrav rast i razvoj.<\/li>\n<li data-start=\"616\" data-end=\"717\"><strong data-start=\"618\" data-end=\"639\">Celovite \u017eitarice<\/strong>\u00a0\u2013 izvor energije za \u0161tence, koji podr\u017eava njihov energetski nivo tokom rasta.<\/li>\n<li data-start=\"718\" data-end=\"846\"><strong data-start=\"720\" data-end=\"769\">Specijalno formulisana za \u0161tence velikih rasa<\/strong>\u00a0\u2013 poma\u017ee u zdravom razvoju kostiju i zglobova, \u0161to je klju\u010dno za velike pse.<\/li>\n<li data-start=\"847\" data-end=\"963\"><strong data-start=\"849\" data-end=\"884\">Izbalansirani nutritivni sastav<\/strong>\u00a0\u2013 pru\u017ea sve potrebne vitamine i minerale za pravilno funkcionisanje organizma.<\/li>\n<\/ul>\n<p data-start=\"965\" data-end=\"1097\"><strong data-start=\"965\" data-end=\"976\">Sastav:<\/strong><br data-start=\"976\" data-end=\"979\" \/>\u0106uretina i meso \u017eivotinjskog porekla, celovite \u017eitarice, ekstrakti biljnih proteina, ulja i masti, povr\u0107e, minerali.<\/p>\n<p data-start=\"1099\" data-end=\"1123\"><strong data-start=\"1099\" data-end=\"1121\">Analiti\u010dki Sastav:<\/strong><\/p>\n<ul data-start=\"1124\" data-end=\"1182\">\n<li data-start=\"1124\" data-end=\"1140\">Protein: 28%<\/li>\n<li data-start=\"1141\" data-end=\"1155\">Masti: 14%<\/li>\n<li data-start=\"1156\" data-end=\"1169\">Pepeo: 8%<\/li>\n<li data-start=\"1170\" data-end=\"1182\">Vlakna: 3%<\/li>\n<\/ul>\n<p data-start=\"1184\" data-end=\"1366\"><strong data-start=\"1184\" data-end=\"1202\">Dodatci po kg:<\/strong><br data-start=\"1202\" data-end=\"1205\" \/>Vitamin A: 20,000 IU, Vitamin D3: 1,000 IU, Vitamin E: 80 mg, Fe (E1): 300 mg, I (E2): 2.7 mg, Cu (E4): 40 mg, Mn (E5): 25 mg, Zn (E6): 450 mg, Se (E8): 0.45 mg.<\/p>\n<p data-start=\"1368\" data-end=\"1415\"><strong data-start=\"1368\" data-end=\"1413\">Preporu\u010dena Koli\u010dina Hrane po Te\u017eini Psa:<\/strong><\/p>\n<ul data-start=\"1416\" data-end=\"1665\">\n<li data-start=\"1416\" data-end=\"1462\"><strong data-start=\"1418\" data-end=\"1449\">\u0160tenci malih rasa (do 5kg):<\/strong>\u00a080g \u2013 220g<\/li>\n<li data-start=\"1463\" data-end=\"1513\"><strong data-start=\"1465\" data-end=\"1499\">\u0160tenci srednjih rasa (5-15kg):<\/strong>\u00a0150g \u2013 350g<\/li>\n<li data-start=\"1514\" data-end=\"1564\"><strong data-start=\"1516\" data-end=\"1550\">\u0160tenci velikih rasa (15-35kg):<\/strong>\u00a0250g \u2013 450g<\/li>\n<li data-start=\"1565\" data-end=\"1665\"><strong data-start=\"1567\" data-end=\"1608\">Preporu\u010deni dnevni unos mo\u017ee varirati<\/strong>\u00a0\u2013 zavisi od aktivnosti i fizi\u010dkog stanja va\u0161eg \u0161tenca.<\/li>\n<\/ul>\n<p data-start=\"1667\" data-end=\"1849\">Preporu\u010dene koli\u010dine su samo smernice, prilagodite ih prema fizi\u010dkoj kondiciji va\u0161eg \u0161tenca, nivou aktivnosti i njegovim individualnim potrebama. Uvek obezbedite sve\u017eu vodu uz hranu.<\/p>\n<p>Proizvo\u0111a\u010d: Nestle Hungaria Kft. Buki Gyara<br \/>\nZemlja porekla: Ma\u0111arska<\/p>\n\n    <div class=\"xs_social_share_widget xs_share_url after_content \t\tmain_content  wslu-style-1 wslu-share-box-shaped wslu-fill-colored wslu-none wslu-share-horizontal wslu-theme-font-no wslu-main_content\">\n\n\t\t\n        <ul>\n\t\t\t        <\/ul>\n    <\/div>","protected":false},"excerpt":{"rendered":"<p>Dog Chow Puppy sa \u0107uretinom predstavlja potpunu hranu za \u0161tence velikih rasa do godinu dana.<\/p>","protected":false},"featured_media":49696,"comment_status":"open","ping_status":"closed","template":"","meta":{"_acf_changed":false},"pwb-brand":[328,327],"product_cat":[49,48,47],"product_tag":[],"class_list":{"0":"post-49695","1":"product","2":"type-product","3":"status-publish","4":"has-post-thumbnail","6":"pwb-brand-purina-hrana-za-pse","7":"pwb-brand-purina","8":"product_cat-granule-za-pse","9":"product_cat-hrana-za-pse","10":"product_cat-psi","12":"first","13":"instock","14":"taxable","15":"shipping-taxable","16":"purchasable","17":"product-type-simple"},"acf":[],"brands":[{"id":327,"name":"Purina","slug":"purina"},{"id":328,"name":"Purina Dog Food","slug":"purina-hrana-za-pse"}],"_links":{"self":[{"href":"https:\/\/pawz.rs\/en\/wp-json\/wp\/v2\/product\/49695","targetHints":{"allow":["GET"]}}],"collection":[{"href":"https:\/\/pawz.rs\/en\/wp-json\/wp\/v2\/product"}],"about":[{"href":"https:\/\/pawz.rs\/en\/wp-json\/wp\/v2\/types\/product"}],"replies":[{"embeddable":true,"href":"https:\/\/pawz.rs\/en\/wp-json\/wp\/v2\/comments?post=49695"}],"wp:featuredmedia":[{"embeddable":true,"href":"https:\/\/pawz.rs\/en\/wp-json\/wp\/v2\/media\/49696"}],"wp:attachment":[{"href":"https:\/\/pawz.rs\/en\/wp-json\/wp\/v2\/media?parent=49695"}],"wp:term":[{"taxonomy":"pwb-brand","embeddable":true,"href":"https:\/\/pawz.rs\/en\/wp-json\/wp\/v2\/pwb-brand?post=49695"},{"taxonomy":"product_cat","embeddable":true,"href":"https:\/\/pawz.rs\/en\/wp-json\/wp\/v2\/product_cat?post=49695"},{"taxonomy":"product_tag","embeddable":true,"href":"https:\/\/pawz.rs\/en\/wp-json\/wp\/v2\/product_tag?post=49695"}],"curies":[{"name":"wp","href":"https:\/\/api.w.org\/{rel}","templated":true}]}}