{"id":49705,"date":"2025-12-06T18:04:39","date_gmt":"2025-12-06T17:04:39","guid":{"rendered":"https:\/\/pawz.rs\/?post_type=product&#038;p=49705"},"modified":"2025-12-06T18:41:35","modified_gmt":"2025-12-06T17:41:35","slug":"cat-chow-kitten-15kg","status":"publish","type":"product","link":"https:\/\/pawz.rs\/en\/cat-chow-kitten-15kg\/","title":{"rendered":"Cat Chow Kitten 15kg"},"content":{"rendered":"<p data-start=\"1667\" data-end=\"1849\"><strong>Cat Chow Kitten 15kg<\/strong><\/p>\n<div>\n<div>Negujte svoje ma\u010de sa puno ljubavi i na\u0161u potpunu ishranu. Obezbe\u0111uje proteine i druge hranljive sastojke koji su potrebni ma\u010dic\u0301ima &#8211; poput onih koji se nalaze u maj\u010dinom mleku &#8211; i podsti\u010de zdrav apetit. Poma\u017ee u podr\u0161ci zdravom razvoju mozga i tela, istovremeno pru\u017eajuc\u0301i antioksidante koji poma\u017eu u podr\u0161ci zdravom imunolo\u0161kom sistemu.<\/div>\n<div><strong><br \/>\nKarakteristike proizvoda:<\/strong><\/div>\n<div>\n<ul>\n<li>Ukusan recept napravljen od prave piletine<\/li>\n<li>100% potpuna i uravnote\u017eena ishrana za rastuc\u0301e ma\u010dic\u0301e<\/li>\n<li>Visoko u hranljivim sastojcima i proteinima<\/li>\n<li>DHA poma\u017ee u razvoju mozga i vida<\/li>\n<li>Proteini poma\u017eu u razvoju vitkih mi\u0161ic\u0301a<\/li>\n<\/ul>\n<p>Formulirano sa me\u0161avinom hranljivih sastojaka za zdrav celokupan razvoj<\/p>\n<p><strong>Sastav:<\/strong> pilec\u0301i nusproizvod, obrok od kukuruznog glutena, pirina\u010d, sojino bra\u0161no, gove\u0111a mast sa\u010duvana sa me\u0161anim tokoferolima, mlevena cela p\u0161enica, piletina, riblji obrok, aroma jetre, su\u0161eni kvasac, kalcijum karbonat, fosforna kiselina, sol, holin hlorid , Minerali [cink sulfat, gvozdeni sulfat, mangan sulfat, bakar sulfat, kalcijum jodat, natrijum selenit], vitamini [dodatak vitaminu E, niacin (vitamin B-3), dodatak vitaminu A, kalcijum pantotenat (vitamin B-5), tiamin Mononitrat (vitamin B-1), dodatak riboflavinu vitamin B-2), dodatak vitaminu B-12, piridoksin hidrohlorid (vitamin B-6), folna kiselina (vitamin B-9), dodatak vitaminu D-3, biotin (vitamin B -7), Menadione natrijum bisulfitni kompleks (vitamin K)], taurin, kalijum hlorid.<\/p>\n<\/div>\n<div>\n<p><strong>Analiti\u010dki sastav:<\/strong> Sirovi protein (min.) 40,0%, sirova masnoc\u0301a (min.) 13,5%, sirova vlakna (maks.) 2,5%, vlaga (maks.) 12,0%, dokozaheksaenojska kiselina (DHA) (min.) 0,02%, kalcijum (Ca) ( Min.) 1,2%, Fosfor (P) (Min.) 1,1%, Selen (Se) (Min.) 0,3 mg \/ kg, Vitamin E (Min.) 150 IU \/ kg, Taurin (Min.) 0,12%<\/p>\n<p>Pakovanje \u010duvati zatvoreno, na suvom i hladnom mestu.<\/p>\n<\/div>\n<\/div>\n<div><\/div>\n<div>Proizvo\u0111a\u010d: Nestle Hungaria Kft. Buki Gyara<br \/>\nZemlja porekla: Ma\u0111arska<\/div>\n\n    <div class=\"xs_social_share_widget xs_share_url after_content \t\tmain_content  wslu-style-1 wslu-share-box-shaped wslu-fill-colored wslu-none wslu-share-horizontal wslu-theme-font-no wslu-main_content\">\n\n\t\t\n        <ul>\n\t\t\t        <\/ul>\n    <\/div> \n","protected":false},"excerpt":{"rendered":"<p>Cat Chow hrana za ma\u010di\u0107e sa piletinom.<\/p>","protected":false},"featured_media":49706,"comment_status":"open","ping_status":"closed","template":"","meta":{"_acf_changed":false},"pwb-brand":[327,329],"product_cat":[23,21,149],"product_tag":[],"class_list":{"0":"post-49705","1":"product","2":"type-product","3":"status-publish","4":"has-post-thumbnail","6":"pwb-brand-purina","7":"pwb-brand-purina-hrana-za-macke","8":"product_cat-macke","9":"product_cat-hrana-za-macke","10":"product_cat-granule-za-macke","12":"first","13":"instock","14":"taxable","15":"shipping-taxable","16":"purchasable","17":"product-type-simple"},"acf":[],"brands":[{"id":327,"name":"Purina","slug":"purina"},{"id":329,"name":"Purina Cat Food","slug":"purina-hrana-za-macke"}],"_links":{"self":[{"href":"https:\/\/pawz.rs\/en\/wp-json\/wp\/v2\/product\/49705","targetHints":{"allow":["GET"]}}],"collection":[{"href":"https:\/\/pawz.rs\/en\/wp-json\/wp\/v2\/product"}],"about":[{"href":"https:\/\/pawz.rs\/en\/wp-json\/wp\/v2\/types\/product"}],"replies":[{"embeddable":true,"href":"https:\/\/pawz.rs\/en\/wp-json\/wp\/v2\/comments?post=49705"}],"wp:featuredmedia":[{"embeddable":true,"href":"https:\/\/pawz.rs\/en\/wp-json\/wp\/v2\/media\/49706"}],"wp:attachment":[{"href":"https:\/\/pawz.rs\/en\/wp-json\/wp\/v2\/media?parent=49705"}],"wp:term":[{"taxonomy":"pwb-brand","embeddable":true,"href":"https:\/\/pawz.rs\/en\/wp-json\/wp\/v2\/pwb-brand?post=49705"},{"taxonomy":"product_cat","embeddable":true,"href":"https:\/\/pawz.rs\/en\/wp-json\/wp\/v2\/product_cat?post=49705"},{"taxonomy":"product_tag","embeddable":true,"href":"https:\/\/pawz.rs\/en\/wp-json\/wp\/v2\/product_tag?post=49705"}],"curies":[{"name":"wp","href":"https:\/\/api.w.org\/{rel}","templated":true}]}}