{"id":49708,"date":"2025-12-06T18:27:30","date_gmt":"2025-12-06T17:27:30","guid":{"rendered":"https:\/\/pawz.rs\/?post_type=product&#038;p=49708"},"modified":"2025-12-06T18:41:54","modified_gmt":"2025-12-06T17:41:54","slug":"cat-chow-adult-losos-15kg","status":"publish","type":"product","link":"https:\/\/pawz.rs\/en\/cat-chow-adult-losos-15kg\/","title":{"rendered":"Cat Chow Adult Losos 15kg"},"content":{"rendered":"<p data-start=\"1667\" data-end=\"1849\"><strong>Cat Chow Adult Losos 15kg<\/strong><\/p>\n<p data-start=\"1667\" data-end=\"1849\">Kompletna hrana za odrasle ma\u010dke, bogata lososom.<\/p>\n<div>\n<div>\n<p>Purina Cat Chow Adult Losos\u00a0\u00a0daje ma\u010dkama svih uzrasta ishranu koja im je potrebna sa prirodnim sastojcima, uklju\u010dujuc\u0301i pravi losos.<\/p>\n<p><strong>Sastav:<\/strong>\u00a0\u017ditarice, meso i mesne prera\u0111evine (meso 14%), ekstrakti biljnih proteina, riba i riblje prera\u0111evine (tuna 4%, losos 4%) ulja i masti, povr\u0107e (2% su\u0161enog korena cikorije, 1,3%, \u0161argarepe, 1,3% spana\u0107a, 1,3% zelenog gra\u0161ka), prera\u0111evine biljnog porekla (su\u0161ena pulpa repe 2,7%, per\u0161un 0,4%), minerali, kvasac.<\/p>\n<p><strong>Dodaci (po kg):<\/strong> vitamin A: 11300 IJ; vitamin D3: 1100IJ; vitamin E: 90 mg; gvo\u017e\u0111e (E1: 50); jod (E2): 0,9; bakar (E4): 8; mangan (E5):5; cink (E6):70; selen(E8): 0,04.<\/p>\n<\/div>\n<div>\n<p>Sa antioksidansima<\/p>\n<p><strong>Analytical composition:<\/strong>\u00a0Proteini: 34%, sadr\u017eaj masti: 12%, sirovi pepeo: 7,5%, sirova vlakna: 2%.<\/p>\n<p><strong>Uputstvo za upotrebu:<\/strong><\/p>\n<\/div>\n<ul>\n<li>Te\u017eina ma\u010dke = preporu\u010dene dnevne koli\u010dine<\/li>\n<li>Male ma\u010dke (2-4kg) = 35-70gr<\/li>\n<li>Srednje ma\u010dke (4-6kg) = 70-100gr<\/li>\n<\/ul>\n<div>\n<p>Hranu treba uvoditi postepeno tokom 7 dana. Proizvod bi trebalo slu\u017eiti uz sve\u017eu vodu.<\/p>\n<\/div>\n<div>\n<p>Preporu\u010dene dnevne koli\u010dine prilago\u0111avati vstarosti, nivou aktivnosti, vremenskim uslovima i fizi\u010dkoj kondiciji<\/p>\n<p>Pakovanje \u010duvati zatvoreno, na suvom i hladnom mestu.<\/p>\n<\/div>\n<div>Proizvo\u0111a\u010d: Nestle Hungaria Kft. Buki Gyara<\/div>\n<\/div>\n<div>Zemlja porekla: Ma\u0111arska<\/div>\n\n    <div class=\"xs_social_share_widget xs_share_url after_content \t\tmain_content  wslu-style-1 wslu-share-box-shaped wslu-fill-colored wslu-none wslu-share-horizontal wslu-theme-font-no wslu-main_content\">\n\n\t\t\n        <ul>\n\t\t\t        <\/ul>\n    <\/div>","protected":false},"excerpt":{"rendered":"<p>Cat Chow hrana za ma\u010dke sa ukusom lososa.<\/p>","protected":false},"featured_media":49709,"comment_status":"open","ping_status":"closed","template":"","meta":{"_acf_changed":false},"pwb-brand":[327,329],"product_cat":[23,21,149],"product_tag":[],"class_list":{"0":"post-49708","1":"product","2":"type-product","3":"status-publish","4":"has-post-thumbnail","6":"pwb-brand-purina","7":"pwb-brand-purina-hrana-za-macke","8":"product_cat-macke","9":"product_cat-hrana-za-macke","10":"product_cat-granule-za-macke","12":"first","13":"instock","14":"taxable","15":"shipping-taxable","16":"purchasable","17":"product-type-simple"},"acf":[],"brands":[{"id":327,"name":"Purina","slug":"purina"},{"id":329,"name":"Purina Cat Food","slug":"purina-hrana-za-macke"}],"_links":{"self":[{"href":"https:\/\/pawz.rs\/en\/wp-json\/wp\/v2\/product\/49708","targetHints":{"allow":["GET"]}}],"collection":[{"href":"https:\/\/pawz.rs\/en\/wp-json\/wp\/v2\/product"}],"about":[{"href":"https:\/\/pawz.rs\/en\/wp-json\/wp\/v2\/types\/product"}],"replies":[{"embeddable":true,"href":"https:\/\/pawz.rs\/en\/wp-json\/wp\/v2\/comments?post=49708"}],"wp:featuredmedia":[{"embeddable":true,"href":"https:\/\/pawz.rs\/en\/wp-json\/wp\/v2\/media\/49709"}],"wp:attachment":[{"href":"https:\/\/pawz.rs\/en\/wp-json\/wp\/v2\/media?parent=49708"}],"wp:term":[{"taxonomy":"pwb-brand","embeddable":true,"href":"https:\/\/pawz.rs\/en\/wp-json\/wp\/v2\/pwb-brand?post=49708"},{"taxonomy":"product_cat","embeddable":true,"href":"https:\/\/pawz.rs\/en\/wp-json\/wp\/v2\/product_cat?post=49708"},{"taxonomy":"product_tag","embeddable":true,"href":"https:\/\/pawz.rs\/en\/wp-json\/wp\/v2\/product_tag?post=49708"}],"curies":[{"name":"wp","href":"https:\/\/api.w.org\/{rel}","templated":true}]}}