{"id":49710,"date":"2025-12-06T18:40:45","date_gmt":"2025-12-06T17:40:45","guid":{"rendered":"https:\/\/pawz.rs\/?post_type=product&#038;p=49710"},"modified":"2025-12-06T19:25:47","modified_gmt":"2025-12-06T18:25:47","slug":"cat-chow-3u1-adult-curetina-15kg","status":"publish","type":"product","link":"https:\/\/pawz.rs\/en\/cat-chow-3u1-adult-curetina-15kg\/","title":{"rendered":"Cat Chow 3u1 Adult \u0106uretina 15kg"},"content":{"rendered":"<p data-start=\"1667\" data-end=\"1849\"><strong>Cat Chow 3 u 1 Adult \u0106uretina 15kg<\/strong><\/p>\n<div>\n<div>\n<p>Kompletna hrana za odrasle ma\u010dke, bogata \u0107uretinom.<\/p>\n<p><strong>Sastav:<\/strong> \u017ditarice, meso i mesne prera\u0111evine (meso 10%), ekstrakti biljnih proteina, ulja i masti, povr\u0107e (2% su\u0161enog korena cikorije, 1,3%, \u0161argarepe, 1,3% spana\u0107a, 1,3% gra\u0161ka), prera\u0111evine biljnog porekla (su\u0161ena pulpa repe 2,7%, per\u0161un 0,4%), minerali, kvasci.<\/p>\n<p><strong>Dodaci (po kg):<\/strong> vitamin A: 14000 IJ; vitamin D3: 1160IJ; vitamin E: 100 mg; gvo\u017e\u0111e (E1): 162; jod (E2): 2,6; bakar (E4): 39; mangan (E5):17; cink (E6)2040; selen(E8): 0,26.<br \/>\n<strong>Sa antioksidansima:<\/strong> BHA (E320), BHT (E321), propil galat (E319).<\/p>\n<p><strong>Analytical composition:<\/strong> Proteini: 34%, sadr\u017eaj masti: 11%, sirovi pepeo: 7%, sirova vlakna: 4,5%.<\/p>\n<p><strong>Uputstvo za upotrebu:<\/strong><\/p>\n<ul>\n<li>Te\u017eina ma\u010dke = preporu\u010dene dnevne koli\u010dine<\/li>\n<li>Male ma\u010dke (2-4kg) = 35-70gr<\/li>\n<li>Srednje ma\u010dke (4-6kg) = 70-100gr<\/li>\n<\/ul>\n<p>Hranu treba uvoditi postepeno tokom 7 dana. Proizvod bi trebalo slu\u017eiti uz sve\u017eu vodu.<\/p>\n<p>Preporu\u010dene dnevne koli\u010dine prilago\u0111avati starosti, nivou aktivnosti, vremenskim uslovima i fizi\u010dkoj kondiciji.<\/p>\n<\/div>\n<div>Proizvo\u0111a\u010d: Nestle Hungaria Kft. Buki Gyara<\/div>\n<\/div>\n<div>Zemlja porekla: Ma\u0111arska<\/div>\n\n    <div class=\"xs_social_share_widget xs_share_url after_content \t\tmain_content  wslu-style-1 wslu-share-box-shaped wslu-fill-colored wslu-none wslu-share-horizontal wslu-theme-font-no wslu-main_content\">\n\n\t\t\n        <ul>\n\t\t\t        <\/ul>\n    <\/div>","protected":false},"excerpt":{"rendered":"<p>Cat Chow 3 u 1 hrana za ma\u010dke sa ukusom \u0107uretine.<\/p>","protected":false},"featured_media":49725,"comment_status":"open","ping_status":"closed","template":"","meta":{"_acf_changed":false},"pwb-brand":[327,329],"product_cat":[47,48,49],"product_tag":[],"class_list":{"0":"post-49710","1":"product","2":"type-product","3":"status-publish","4":"has-post-thumbnail","6":"pwb-brand-purina","7":"pwb-brand-purina-hrana-za-macke","8":"product_cat-psi","9":"product_cat-hrana-za-pse","10":"product_cat-granule-za-pse","12":"first","13":"instock","14":"taxable","15":"shipping-taxable","16":"purchasable","17":"product-type-simple"},"acf":[],"brands":[{"id":327,"name":"Purina","slug":"purina"},{"id":329,"name":"Purina Cat Food","slug":"purina-hrana-za-macke"}],"_links":{"self":[{"href":"https:\/\/pawz.rs\/en\/wp-json\/wp\/v2\/product\/49710","targetHints":{"allow":["GET"]}}],"collection":[{"href":"https:\/\/pawz.rs\/en\/wp-json\/wp\/v2\/product"}],"about":[{"href":"https:\/\/pawz.rs\/en\/wp-json\/wp\/v2\/types\/product"}],"replies":[{"embeddable":true,"href":"https:\/\/pawz.rs\/en\/wp-json\/wp\/v2\/comments?post=49710"}],"wp:featuredmedia":[{"embeddable":true,"href":"https:\/\/pawz.rs\/en\/wp-json\/wp\/v2\/media\/49725"}],"wp:attachment":[{"href":"https:\/\/pawz.rs\/en\/wp-json\/wp\/v2\/media?parent=49710"}],"wp:term":[{"taxonomy":"pwb-brand","embeddable":true,"href":"https:\/\/pawz.rs\/en\/wp-json\/wp\/v2\/pwb-brand?post=49710"},{"taxonomy":"product_cat","embeddable":true,"href":"https:\/\/pawz.rs\/en\/wp-json\/wp\/v2\/product_cat?post=49710"},{"taxonomy":"product_tag","embeddable":true,"href":"https:\/\/pawz.rs\/en\/wp-json\/wp\/v2\/product_tag?post=49710"}],"curies":[{"name":"wp","href":"https:\/\/api.w.org\/{rel}","templated":true}]}}