{"id":49713,"date":"2025-12-06T19:04:36","date_gmt":"2025-12-06T18:04:36","guid":{"rendered":"https:\/\/pawz.rs\/?post_type=product&#038;p=49713"},"modified":"2025-12-06T19:08:33","modified_gmt":"2025-12-06T18:08:33","slug":"cat-chow-adult-pacetina-15kg","status":"publish","type":"product","link":"https:\/\/pawz.rs\/en\/cat-chow-adult-pacetina-15kg\/","title":{"rendered":"Cat Chow Adult Pa\u010detina 15kg"},"content":{"rendered":"<p data-start=\"1667\" data-end=\"1849\"><strong>Cat Chow Adult Pa\u010detina 15kg<\/strong><\/p>\n<div><\/div>\n<p>Kompletna hrana za odrasle ma\u010dke, bogata pa\u010detinom.<\/p>\n<p><strong>Sastav:<\/strong> \u017ditarice (42% celo zrno), meso i mesne prera\u0111evine (20%), ekstrakti biljnih proteina, ulja i masti (0,7% riblje ulje), prera\u0111evine biljnog porekla (2,7% su\u0161ene pulpe repe, 0,07% su\u0161enog per\u0161una), povr\u0107e (2% su\u0161enog korena cikorije, 0,07% su\u0161ene \u0161argarepe, 0,07% su\u0161enog spana\u0107a, minerali, kvasci (0,3%).<\/p>\n<p><strong>Dodaci (po kg)<\/strong>: Nutritivni dodaci (po kg): vitamin A: 17000 IJ; vitamin D3: 1410IJ; vitamin E: 120 mg; gvo\u017e\u0111e-(II)-sulfat monohidrat: 195 mg; kalcijumjodat anhidrovani: 3,2; bakar-(II)-sulfat pentahidrat: 47 mg; mangan-(II)-sulfat monohidrat:21; cinksulfat monohidrat: 245; natrijumselenit:0,3; Vitamini B grupe 150<\/p>\n<p><strong>Antioksidansi:<\/strong> E310, E320, E321<\/p>\n<p><strong>Analytical composition:<\/strong> Proteini: 32%, sadr\u017eaj masti: 11%, sirovi pepeo: 7,5%, sirova vlakna: 2,5%.<\/p>\n<p><strong>Uputstvo za upotrebu:<\/strong><br \/>\nHranu treba uvoditi postepeno tokom 7 dana. Proizvod bi trebalo slu\u017eiti uz sve\u017eu vodu.<br \/>\nPreporu\u010dene dnevne koli\u010dine prilago\u0111avati starosti, nivou aktivnosti, vremenskim uslovima i fizi\u010dkoj kondiciji.<\/p>\n<p>Proizvo\u0111a\u010d: Nestle Hungaria Kft. Buki Gyara<\/p>\n<div>Zemlja porekla: Ma\u0111arska<\/div>\n\n    <div class=\"xs_social_share_widget xs_share_url after_content \t\tmain_content  wslu-style-1 wslu-share-box-shaped wslu-fill-colored wslu-none wslu-share-horizontal wslu-theme-font-no wslu-main_content\">\n\n\t\t\n        <ul>\n\t\t\t        <\/ul>\n    <\/div>","protected":false},"excerpt":{"rendered":"<p>Cat Chow hrana za odrasle ma\u010dke sa ukusom pa\u010detine.<\/p>","protected":false},"featured_media":49714,"comment_status":"open","ping_status":"closed","template":"","meta":{"_acf_changed":false},"pwb-brand":[327,329],"product_cat":[23,21,149],"product_tag":[],"class_list":{"0":"post-49713","1":"product","2":"type-product","3":"status-publish","4":"has-post-thumbnail","6":"pwb-brand-purina","7":"pwb-brand-purina-hrana-za-macke","8":"product_cat-macke","9":"product_cat-hrana-za-macke","10":"product_cat-granule-za-macke","12":"first","13":"instock","14":"taxable","15":"shipping-taxable","16":"purchasable","17":"product-type-simple"},"acf":[],"brands":[{"id":327,"name":"Purina","slug":"purina"},{"id":329,"name":"Purina Cat Food","slug":"purina-hrana-za-macke"}],"_links":{"self":[{"href":"https:\/\/pawz.rs\/en\/wp-json\/wp\/v2\/product\/49713","targetHints":{"allow":["GET"]}}],"collection":[{"href":"https:\/\/pawz.rs\/en\/wp-json\/wp\/v2\/product"}],"about":[{"href":"https:\/\/pawz.rs\/en\/wp-json\/wp\/v2\/types\/product"}],"replies":[{"embeddable":true,"href":"https:\/\/pawz.rs\/en\/wp-json\/wp\/v2\/comments?post=49713"}],"wp:featuredmedia":[{"embeddable":true,"href":"https:\/\/pawz.rs\/en\/wp-json\/wp\/v2\/media\/49714"}],"wp:attachment":[{"href":"https:\/\/pawz.rs\/en\/wp-json\/wp\/v2\/media?parent=49713"}],"wp:term":[{"taxonomy":"pwb-brand","embeddable":true,"href":"https:\/\/pawz.rs\/en\/wp-json\/wp\/v2\/pwb-brand?post=49713"},{"taxonomy":"product_cat","embeddable":true,"href":"https:\/\/pawz.rs\/en\/wp-json\/wp\/v2\/product_cat?post=49713"},{"taxonomy":"product_tag","embeddable":true,"href":"https:\/\/pawz.rs\/en\/wp-json\/wp\/v2\/product_tag?post=49713"}],"curies":[{"name":"wp","href":"https:\/\/api.w.org\/{rel}","templated":true}]}}