{"id":49715,"date":"2025-12-06T19:10:14","date_gmt":"2025-12-06T18:10:14","guid":{"rendered":"https:\/\/pawz.rs\/?post_type=product&#038;p=49715"},"modified":"2025-12-06T19:20:09","modified_gmt":"2025-12-06T18:20:09","slug":"cat-chow-urinary-uth-piletina-15kg","status":"publish","type":"product","link":"https:\/\/pawz.rs\/en\/cat-chow-urinary-uth-piletina-15kg\/","title":{"rendered":"Cat Chow Urinary UTH Piletina 15kg"},"content":{"rendered":"<p data-start=\"1667\" data-end=\"1849\"><strong>Cat Chow Urinary UTH Piletina 15kg<\/strong><\/p>\n<div>\n<p>Potpuna hrana za odrasle ma\u010dke<\/p>\n<p>Purina Cat Chow UTH\u00a0 je veoma pogodan za sve odrasle ma\u010dke sa osetljivim i osetljivim organima urinarnog trakta. Zahvaljujuc\u0301i posebno ciljanim mineralima prac\u0301enim smanjenjem gnojnih proizvoda razgradnje, Purina Cat Chow Urinarni trakt Zdravlje ne preopterec\u0301uje mokrac\u0301ne i bubre\u017ene organe fiziolo\u0161ki i hranjivo. Starije ma\u010dke ili ma\u010dke sa genetskim zdravstvenim problemima obi\u010dno pate od upale mokrac\u0301e ili bubrega. Ova formula je posebno prilago\u0111ena njihovim nutritivnim potrebama &#8211; uravnote\u017eenom me\u0161avinom minerala kako bi se kontrolisao pH urina.<\/p>\n<p>Recept je specifi\u010dna kombinacija odabranih prirodnih sastojaka: per\u0161un, spanac\u0301, \u0161argarepa i gra\u0161ak. Hrana je bogata vitaminom E, koji podr\u017eava prirodnu odbranu. Taurin je veoma va\u017ean za ma\u010dke, jer ga one ne proizvode same. Ina\u010de, taurin stimuli\u0161e funkcionisanje srca i vida. Mlevena guska i cikorija su dobri za varenje.<\/p>\n<\/div>\n<div>\n<div><strong>Karakteristike proizvoda:<\/strong><\/div>\n<div>\n<ul>\n<li>Za odrasle ma\u010dke po\u010dev od 1 godine<\/li>\n<li>Za odrasle ma\u010dke sa osetljivim urinarnim traktom<\/li>\n<li>Kompletna hrana<\/li>\n<li>Ne preopterec\u0301uje bubrege i organe urinarnog trakta<\/li>\n<li>Bogata \u017eivotinjskim proteinima<\/li>\n<li>Uravnote\u017eene hranljive materije i odli\u010dan ukus<\/li>\n<li>Za ne\u017enu i zdravu probavu<\/li>\n<li>Sadr\u017ei taurin za normalno funkcionisanje srca i mre\u017enja\u010de<\/li>\n<li>Koli\u010dina precizno doziranog fosfora pogoduje dobrom funkcionisanju bubrega<\/li>\n<\/ul>\n<p>Bez dodavanja boja, aroma ili konzervansa<\/p>\n<p><strong>Sastav:<\/strong> cela zrna (42%) *, meso i nusproizvodi \u017eivotinjskog porekla (20%), ekstrakti biljnih proteina, ulja i masti (0,7% riblje ulje), nusproizvodi od povrc\u0301a (2,7% pulpe Dehidrirana podloga cikorije , 0,07% dehidrirane \u0161argarepe ekvivalentno 0,4% \u0161argarepe, 0,07% spanac\u0301a (0,1% dehidriranog per\u0161una ekvivalentno 0,4% per\u0161una), povrc\u0301e * Dehidrirano ekvivalentno 0,4% retkog), minerali, kvasac * (0,3%).<\/p>\n<\/div>\n<div>\n<p><strong>Dodaci (po kg):<\/strong> Vitamin A (17.000 UI \/ kg), Vitamin D3 (1.410 UI \/ kg), Vitamin E (120 UI \/ kg), Ferrofosfat monohidrat (195 mg \/ kg), Kalcijum bezvodni jodat (3,2 mg \/ kg) (21 mg \/ kg), cink monohidrat sulfat (245 mg \/ kg), natrijum selenit (0,3 mg \/ kg), vitamin B (150 mg \/ kg), antioksidanti.<\/p>\n<\/div>\n<\/div>\n<p>Proizvo\u0111a\u010d: Nestle Hungaria Kft. Buki Gyara<\/p>\n<div>Zemlja porekla: Ma\u0111arska<\/div>\n\n    <div class=\"xs_social_share_widget xs_share_url after_content \t\tmain_content  wslu-style-1 wslu-share-box-shaped wslu-fill-colored wslu-none wslu-share-horizontal wslu-theme-font-no wslu-main_content\">\n\n\t\t\n        <ul>\n\t\t\t        <\/ul>\n    <\/div>","protected":false},"excerpt":{"rendered":"<p>Cat Chow hrana za odrasle ma\u010dke za odr\u017eavanje bubrega sa ukusom piletine.<\/p>","protected":false},"featured_media":49717,"comment_status":"open","ping_status":"closed","template":"","meta":{"_acf_changed":false},"pwb-brand":[327,329],"product_cat":[23,21,149],"product_tag":[],"class_list":{"0":"post-49715","1":"product","2":"type-product","3":"status-publish","4":"has-post-thumbnail","6":"pwb-brand-purina","7":"pwb-brand-purina-hrana-za-macke","8":"product_cat-macke","9":"product_cat-hrana-za-macke","10":"product_cat-granule-za-macke","12":"first","13":"instock","14":"taxable","15":"shipping-taxable","16":"purchasable","17":"product-type-simple"},"acf":[],"brands":[{"id":327,"name":"Purina","slug":"purina"},{"id":329,"name":"Purina Cat Food","slug":"purina-hrana-za-macke"}],"_links":{"self":[{"href":"https:\/\/pawz.rs\/en\/wp-json\/wp\/v2\/product\/49715","targetHints":{"allow":["GET"]}}],"collection":[{"href":"https:\/\/pawz.rs\/en\/wp-json\/wp\/v2\/product"}],"about":[{"href":"https:\/\/pawz.rs\/en\/wp-json\/wp\/v2\/types\/product"}],"replies":[{"embeddable":true,"href":"https:\/\/pawz.rs\/en\/wp-json\/wp\/v2\/comments?post=49715"}],"wp:featuredmedia":[{"embeddable":true,"href":"https:\/\/pawz.rs\/en\/wp-json\/wp\/v2\/media\/49717"}],"wp:attachment":[{"href":"https:\/\/pawz.rs\/en\/wp-json\/wp\/v2\/media?parent=49715"}],"wp:term":[{"taxonomy":"pwb-brand","embeddable":true,"href":"https:\/\/pawz.rs\/en\/wp-json\/wp\/v2\/pwb-brand?post=49715"},{"taxonomy":"product_cat","embeddable":true,"href":"https:\/\/pawz.rs\/en\/wp-json\/wp\/v2\/product_cat?post=49715"},{"taxonomy":"product_tag","embeddable":true,"href":"https:\/\/pawz.rs\/en\/wp-json\/wp\/v2\/product_tag?post=49715"}],"curies":[{"name":"wp","href":"https:\/\/api.w.org\/{rel}","templated":true}]}}