{"id":49724,"date":"2025-12-06T19:22:33","date_gmt":"2025-12-06T18:22:33","guid":{"rendered":"https:\/\/pawz.rs\/?post_type=product&#038;p=49724"},"modified":"2025-12-06T19:31:32","modified_gmt":"2025-12-06T18:31:32","slug":"cat-chow-hairball-piletina-15kg","status":"publish","type":"product","link":"https:\/\/pawz.rs\/en\/cat-chow-hairball-piletina-15kg\/","title":{"rendered":"Cat Chow Hairball Piletina 15kg"},"content":{"rendered":"<p data-start=\"1667\" data-end=\"1849\"><strong>Cat Chow Hairball Piletina 15kg<\/strong><\/p>\n<div>\n<p>Kompletna hrana za odrasle ma\u010dke, bogata piletinom.<\/p>\n<p>Cat Chow\u00ae Hairball Control je posebno formulisan za odrasle ma\u010dke sa me\u0161avinom prirodnih vlakana koja poma\u017eu u upravljanju kuglicama i ukusom koji c\u0301e va\u0161a ma\u010dka sigurno voleti. Sadr\u017ei svih 25 osnovnih vitamina i minerala i pru\u017ea 100% potpunu i uravnote\u017eenu ishranu odraslih ma\u010daka.<\/p>\n<p><strong>Karakteristike proizvoda:\u00a0<\/strong><\/p>\n<\/div>\n<div>\n<ul>\n<li>100% kompletno i uravnote\u017eeno za odrasle ma\u010dke<\/li>\n<li>Me\u0161avina prirodnih vlakana poma\u017ee u upravljanju kuglicama za kosu<\/li>\n<li>Antioksidanti poma\u017eu u podr\u0161ci imunolo\u0161kom zdravlju<\/li>\n<li>Kvalitetni proteini za jake mi\u0161ic\u0301e<\/li>\n<li>Pru\u017ea svih 25 osnovnih vitamina i minerala<\/li>\n<\/ul>\n<p><strong>Sastav:<\/strong> Obrok od \u017eivine, mleveni \u017euti kukuruz, bra\u0161no od kukuruznog glutena, sojino bra\u0161no, mlevena p\u0161enica, \u017eivotinjska mast sa\u010duvana sa me\u0161anim tokoferolima, celuloza u prahu, riblje bra\u0161no, aroma \u017eivotinjske jetre, ljuske soje, kalcijum karbonat, fosforna kiselina, prirodna aroma, sol, holin hlorid, kalijum hlorid, taurin, cinkov sulfat, dodatak vitaminu E, \u017eelezov sulfat, mangan sulfat, niacin, dodatak vitaminu A, kalcijum pantotenat, tiamin mononitrat, bakar sulfat, crvena 40, dodatak riboflavin, vitamin B-12 dodatak, piridoksin hidrohlorid, folna kiselina, dodatak vitamina D-3, kalcijum jodat, biotin, kompleks menadion natrijum bisulfita (izvor aktivnosti vitamina K), natrijum selenit. F-4506-C<\/p>\n<p><strong>Analytical composition:<\/strong> Sirovi proteini (min.) 34,0%, surove masti (min.) 12,0%, sirova vlakna (maks.) 6,0%, vlaga (maks.) 12,0%, linolna kiselina (min.) 1,5%, arahidonska kiselina (min.) 0,05%, Kalcijum (Ca) (Min.) 1,1%, Fosfor (P) (Min.) 0,9%, Selen (Se) (Min.) 0,30 mg \/ kg, Vitamin A (Min.) 10.000 IU \/ kg, Vitamin E (Min.) 70 IU \/ kg, taurin (min.) 0,15%<\/p>\n<p>Preporu\u010dene dnevne koli\u010dine prilago\u0111avati vstarosti, nivou aktivnosti, vremenskim uslovima i fizi\u010dkoj kondiciji.<br \/>\nPakovanje \u010duvati zatvoreno, na suvom i hladnom mestu.<\/p>\n<\/div>\n<p>Proizvo\u0111a\u010d: Nestle Hungaria Kft. Buki Gyara<\/p>\n<div>Zemlja porekla: Ma\u0111arska<\/div>\n\n    <div class=\"xs_social_share_widget xs_share_url after_content \t\tmain_content  wslu-style-1 wslu-share-box-shaped wslu-fill-colored wslu-none wslu-share-horizontal wslu-theme-font-no wslu-main_content\">\n\n\t\t\n        <ul>\n\t\t\t        <\/ul>\n    <\/div>","protected":false},"excerpt":{"rendered":"<p>Cat Chow hrana za odrasle ma\u010dke za kontrolu loptica dlake sa ukusom piletine.<\/p>","protected":false},"featured_media":49726,"comment_status":"open","ping_status":"closed","template":"","meta":{"_acf_changed":false},"pwb-brand":[327,329],"product_cat":[23,21,149],"product_tag":[],"class_list":{"0":"post-49724","1":"product","2":"type-product","3":"status-publish","4":"has-post-thumbnail","6":"pwb-brand-purina","7":"pwb-brand-purina-hrana-za-macke","8":"product_cat-macke","9":"product_cat-hrana-za-macke","10":"product_cat-granule-za-macke","12":"first","13":"instock","14":"taxable","15":"shipping-taxable","16":"purchasable","17":"product-type-simple"},"acf":[],"brands":[{"id":327,"name":"Purina","slug":"purina"},{"id":329,"name":"Purina Cat Food","slug":"purina-hrana-za-macke"}],"_links":{"self":[{"href":"https:\/\/pawz.rs\/en\/wp-json\/wp\/v2\/product\/49724","targetHints":{"allow":["GET"]}}],"collection":[{"href":"https:\/\/pawz.rs\/en\/wp-json\/wp\/v2\/product"}],"about":[{"href":"https:\/\/pawz.rs\/en\/wp-json\/wp\/v2\/types\/product"}],"replies":[{"embeddable":true,"href":"https:\/\/pawz.rs\/en\/wp-json\/wp\/v2\/comments?post=49724"}],"wp:featuredmedia":[{"embeddable":true,"href":"https:\/\/pawz.rs\/en\/wp-json\/wp\/v2\/media\/49726"}],"wp:attachment":[{"href":"https:\/\/pawz.rs\/en\/wp-json\/wp\/v2\/media?parent=49724"}],"wp:term":[{"taxonomy":"pwb-brand","embeddable":true,"href":"https:\/\/pawz.rs\/en\/wp-json\/wp\/v2\/pwb-brand?post=49724"},{"taxonomy":"product_cat","embeddable":true,"href":"https:\/\/pawz.rs\/en\/wp-json\/wp\/v2\/product_cat?post=49724"},{"taxonomy":"product_tag","embeddable":true,"href":"https:\/\/pawz.rs\/en\/wp-json\/wp\/v2\/product_tag?post=49724"}],"curies":[{"name":"wp","href":"https:\/\/api.w.org\/{rel}","templated":true}]}}