{"id":49727,"date":"2025-12-06T19:32:29","date_gmt":"2025-12-06T18:32:29","guid":{"rendered":"https:\/\/pawz.rs\/?post_type=product&#038;p=49727"},"modified":"2026-02-06T11:30:21","modified_gmt":"2026-02-06T10:30:21","slug":"cat-chow-sterilised-piletina-15kg","status":"publish","type":"product","link":"https:\/\/pawz.rs\/en\/cat-chow-sterilised-piletina-15kg\/","title":{"rendered":"Cat Chow Sterilised Piletina 15kg"},"content":{"rendered":"<p data-start=\"1667\" data-end=\"1849\"><strong>Cat Chow Sterilised Piletina 15kg<\/strong><\/p>\n<div>\n<p>Purina Cat Chow Sterilized je posebno prou\u010davan za kastrirane i sterilisane ma\u010dke, jer njihove potrebe variraju. Pre kastracije metabolizam ma\u010daka se reguli\u0161e na dijeti sa pribli\u017eno konstantnim kalorijskim sadr\u017eajem. Ma\u010dka jede samo ono \u0161to je potrebno da pokrije svoje energetske potrebe. Nakon kastracije ovaj prirodni proces regulacije se gubi &#8211; ma\u010dka uzima vi\u0161e nego \u0161to joj treba, a to brzo uzrokuje prekomernu te\u017einu. Vec\u0301 48 sati nakon kastracije, ishrana ma\u010daka povec\u0301ava se za 20%, dok njene energetske potrebe padaju za oko 30%.<\/p>\n<p>Smanjen sadr\u017eaj ugljenih hidrata blago povec\u0301ava nivo glukoze u krvi, izbegavajuc\u0301i tako ranu glad. Infekcije urinarnog trakta \u010de\u0161c\u0301e se javljaju kod sterilnih ma\u010daka, posebno kada imaju prekomernu te\u017einu, jer \u010desto piju manje i tako proizvode manje urina. Zahvaljujuc\u0301i kontrolisanom sadr\u017eaju minerala, pH vrednost urina je tako\u0111e niska i to doprinosi zdravlju urinarnog trakta. Proteini visoke \u010dvrstoc\u0301e sa visokim sadr\u017eajem proteina stimuli\u0161u strukturu mi\u0161ic\u0301a i odr\u017eavanje mi\u0161ic\u0301a.<\/p>\n<p>Recept je specifi\u010dna kombinacija odabranih prirodnih sastojaka: per\u0161un, spanac\u0301, \u0161argarepa i gra\u0161ak. Ova hrana bogata je vitaminom E koji ja\u010da prirodnu odbranu ma\u010dke. Taurin je veoma va\u017ean za ma\u010dke, jer ga one ne proizvode same. Ina\u010de, taurin stimuli\u0161e funkcionisanje srca i vida. Mlevena guska i cikorija su dobri za varenje. Zahvaljujuc\u0301i odli\u010dnoj svarljivosti i asimilaciji Cat Cat hrane za ma\u010dke, zapremina \u017eeluca c\u0301e vam se smanjiti.<\/p>\n<\/div>\n<div>\n<p><strong>Karakteristike proizvoda:<\/strong><\/p>\n<\/div>\n<div>\n<ul>\n<li>Za odrasle ma\u010dke po\u010dev od 1 godine<\/li>\n<li>Kontroli\u0161e unos energije<\/li>\n<li>Promovi\u0161e zdravlje urinarnog trakta i stimuli\u0161e odr\u017eavanje mi\u0161ic\u0301ne mase<\/li>\n<li>Kompletna hrana<\/li>\n<li>Bogata \u017eivotinjskim proteinima<\/li>\n<li>Uravnote\u017eene hranljive materije i odli\u010dan ukus<\/li>\n<li>Za ne\u017enu i zdravu probavu<\/li>\n<li>Sadr\u017ei taurin za nesmetano funkcionisanje srca i mre\u017enja\u010de<\/li>\n<li>Bez dodavanja ve\u0161ta\u010dkih boja, aroma i konzervansa<\/li>\n<\/ul>\n<p><strong>Sastav:<\/strong> \u017ditarice * (39% integralnih \u017eitarica), meso i nusproizvodi \u017eivotinjskog porekla (20% **), ekstrakti biljnih proteina, ulja i masti, nusproizvodi od povrc\u0301a (2,7% dehidrirane pulpe repe, 0,07% per\u0161una Dehidrirani ekvivalent 0,4% per\u0161una), povrc\u0301e * (2% dehidriranog korena cikorije, 0,07% dehidrirane \u0161argarepe ekvivalentno 0,4% \u0161argarepe, 0,07% dehidriranog spanac\u0301a ekvivalentno 0,4% retkog), Minerali, kvasac * (0,3%).<\/p>\n<p><strong>Dodaci (po kg):<\/strong> Vitamin A (14.000 IJ), vitamin D3 (1.150 IJ), vitamin E (100 IJ), \u017eelezov monohidrat sulfat (160 mg), kalcijum anodni jodat (2,6 mg), mangan monohidrat sulfat (17 mg), cink monohidrat sulfat (200 mg), natrijum selenit (0,2 mg), vitamini grupe B (120 mg).<\/p>\n<p>Preporu\u010dene dnevne koli\u010dine prilago\u0111avati vstarosti, nivou aktivnosti, vremenskim uslovima i fizi\u010dkoj kondiciji.<br \/>\nPakovanje \u010duvati zatvoreno, na suvom i hladnom mestu.<\/p>\n<p>Proizvo\u0111a\u010d: Nestle Hungaria Kft. Buki Gyara<br \/>\nZemlja porekla: Ma\u0111arska<\/p>\n<\/div>\n\n    <div class=\"xs_social_share_widget xs_share_url after_content \t\tmain_content  wslu-style-1 wslu-share-box-shaped wslu-fill-colored wslu-none wslu-share-horizontal wslu-theme-font-no wslu-main_content\">\n\n\t\t\n        <ul>\n\t\t\t        <\/ul>\n    <\/div>","protected":false},"excerpt":{"rendered":"<p>Cat Chow hrana za odrasle sterilisane ma\u010dke sa ukusom piletine.<\/p>","protected":false},"featured_media":49728,"comment_status":"open","ping_status":"closed","template":"","meta":{"_acf_changed":false},"pwb-brand":[327,329],"product_cat":[23,21,149],"product_tag":[],"class_list":{"0":"post-49727","1":"product","2":"type-product","3":"status-publish","4":"has-post-thumbnail","6":"pwb-brand-purina","7":"pwb-brand-purina-hrana-za-macke","8":"product_cat-macke","9":"product_cat-hrana-za-macke","10":"product_cat-granule-za-macke","12":"first","13":"instock","14":"taxable","15":"shipping-taxable","16":"purchasable","17":"product-type-simple"},"acf":[],"brands":[{"id":327,"name":"Purina","slug":"purina"},{"id":329,"name":"Purina Cat Food","slug":"purina-hrana-za-macke"}],"_links":{"self":[{"href":"https:\/\/pawz.rs\/en\/wp-json\/wp\/v2\/product\/49727","targetHints":{"allow":["GET"]}}],"collection":[{"href":"https:\/\/pawz.rs\/en\/wp-json\/wp\/v2\/product"}],"about":[{"href":"https:\/\/pawz.rs\/en\/wp-json\/wp\/v2\/types\/product"}],"replies":[{"embeddable":true,"href":"https:\/\/pawz.rs\/en\/wp-json\/wp\/v2\/comments?post=49727"}],"wp:featuredmedia":[{"embeddable":true,"href":"https:\/\/pawz.rs\/en\/wp-json\/wp\/v2\/media\/49728"}],"wp:attachment":[{"href":"https:\/\/pawz.rs\/en\/wp-json\/wp\/v2\/media?parent=49727"}],"wp:term":[{"taxonomy":"pwb-brand","embeddable":true,"href":"https:\/\/pawz.rs\/en\/wp-json\/wp\/v2\/pwb-brand?post=49727"},{"taxonomy":"product_cat","embeddable":true,"href":"https:\/\/pawz.rs\/en\/wp-json\/wp\/v2\/product_cat?post=49727"},{"taxonomy":"product_tag","embeddable":true,"href":"https:\/\/pawz.rs\/en\/wp-json\/wp\/v2\/product_tag?post=49727"}],"curies":[{"name":"wp","href":"https:\/\/api.w.org\/{rel}","templated":true}]}}