{"id":49778,"date":"2025-12-09T09:58:32","date_gmt":"2025-12-09T08:58:32","guid":{"rendered":"https:\/\/pawz.rs\/?post_type=product&#038;p=49778"},"modified":"2025-12-09T10:36:07","modified_gmt":"2025-12-09T09:36:07","slug":"simple-solution-cat-extreme-stain-odour-remover-500ml","status":"publish","type":"product","link":"https:\/\/pawz.rs\/en\/simple-solution-cat-extreme-stain-odour-remover-500ml\/","title":{"rendered":"Simple Solution Cat Extreme Stain &#038; Odour Remover 500ml"},"content":{"rendered":"<p><strong>Simple Solution Cat Extreme Stain &amp; Odour Remover<\/strong><\/p>\n<p>Profesionalno sredstvo sa ekstremo jakom formulom za uklanjanje i najtvrdokornijih mrlja, 3 puta ja\u010dom od bilo kog drugog proizvoda na tr\u017ei\u0161tu.<\/p>\n<p>Sadr\u017ei jedinstvenu Pro-Bacteria formula sa enzimima koji deluju jako brzo i na stare, najtvrdokornije mrlje. Odli\u010dno uklanja ostatke od povra\u0107anja, mokra\u0107e, izmeta sa tepiha, podova i bilo koje druge podloge koja se sme prati. U potpunosti uklanja neprijatne mirise i odbija ljubimce od ponovnog obele\u017eavanja mesta.<\/p>\n<p><strong>Upotreba:<\/strong><br \/>\nPre upotrebe promu\u0107kati i testirati na jednom delu povr\u0161ine kojoj je potrebno tretiranje proizvodom. Ne koristiti na vuni i ko\u017ei.<br \/>\nZa tepihe tretirati duplo ve\u0107u pove\u0161inu u odnosu na nered (oko nereda), sa obe strane tepiha. Sa\u010dekati 5 minuta ili vi\u0161e,kako bi enzimi Pro-BacteriaTM delovali. Upiti vi\u0161ak te\u010dnosti sa tkaninom koja ne pu\u0161ta boju. Dozvolite da se povr\u0161ina prirodno osu\u0161i dok enzimi i Pro-BacteriaTM nastavi da \u010disti.<\/p>\n<p>Kada se osu\u0161i te\u010dnost od Extreme \u0107e sigurno nestati.<br \/>\nZa garderobu tretirati pre pranja u ve\u0161 ma\u0161ini.<br \/>\nZa usisiva\u010de i pero\u010dista\u010de dodati 120 ml na svakih 4 l deterd\u017eenta.<\/p>\n<p><strong>Sadr\u017eaj:<\/strong><br \/>\nPre\u010di\u0161\u0107ena voda, prirodne nepatogene bakterije, denaturisani etanol.<\/p>\n<p>Izbegavati kontakt sa o\u010dima, jer je mogu\u0107a iritacija.<br \/>\nUkoliko do\u0111e do kontakta sa o\u010dima isperite vodom i ukoliko do\u0111e do iritacije posetite lekara.<br \/>\nDr\u017eati dalje od \u017eivotinja.<br \/>\n\u010cuvati van doma\u0161aja dece.<\/p>\n<p>Proizvo\u0111a\u010d: Manna Pro, Barnack House Suite 2<br \/>\nZemlja porekla: Velika Britanija<\/p>\n\n    <div class=\"xs_social_share_widget xs_share_url after_content \t\tmain_content  wslu-style-1 wslu-share-box-shaped wslu-fill-colored wslu-none wslu-share-horizontal wslu-theme-font-no wslu-main_content\">\n\n\t\t\n        <ul>\n\t\t\t        <\/ul>\n    <\/div>","protected":false},"excerpt":{"rendered":"<p>Simple Solution Cat Extreme Stain &amp; Odour Remover je formula koja sadr\u017ei Pro-BacteriaTM kulturu koji razla\u017eu \u017eivotinjske fekalije.<\/p>","protected":false},"featured_media":49780,"comment_status":"open","ping_status":"closed","template":"","meta":{"_acf_changed":false},"pwb-brand":[721],"product_cat":[80,388,23],"product_tag":[],"class_list":{"0":"post-49778","1":"product","2":"type-product","3":"status-publish","4":"has-post-thumbnail","6":"pwb-brand-simple-solution","7":"product_cat-higijena-nega-macaka","8":"product_cat-higijenski-proizvodi","9":"product_cat-macke","11":"first","12":"instock","13":"taxable","14":"shipping-taxable","15":"purchasable","16":"product-type-simple"},"acf":[],"brands":[{"id":721,"name":"Simple Solution","slug":"simple-solution"}],"_links":{"self":[{"href":"https:\/\/pawz.rs\/en\/wp-json\/wp\/v2\/product\/49778","targetHints":{"allow":["GET"]}}],"collection":[{"href":"https:\/\/pawz.rs\/en\/wp-json\/wp\/v2\/product"}],"about":[{"href":"https:\/\/pawz.rs\/en\/wp-json\/wp\/v2\/types\/product"}],"replies":[{"embeddable":true,"href":"https:\/\/pawz.rs\/en\/wp-json\/wp\/v2\/comments?post=49778"}],"wp:featuredmedia":[{"embeddable":true,"href":"https:\/\/pawz.rs\/en\/wp-json\/wp\/v2\/media\/49780"}],"wp:attachment":[{"href":"https:\/\/pawz.rs\/en\/wp-json\/wp\/v2\/media?parent=49778"}],"wp:term":[{"taxonomy":"pwb-brand","embeddable":true,"href":"https:\/\/pawz.rs\/en\/wp-json\/wp\/v2\/pwb-brand?post=49778"},{"taxonomy":"product_cat","embeddable":true,"href":"https:\/\/pawz.rs\/en\/wp-json\/wp\/v2\/product_cat?post=49778"},{"taxonomy":"product_tag","embeddable":true,"href":"https:\/\/pawz.rs\/en\/wp-json\/wp\/v2\/product_tag?post=49778"}],"curies":[{"name":"wp","href":"https:\/\/api.w.org\/{rel}","templated":true}]}}