{"id":50438,"date":"2026-01-10T09:13:20","date_gmt":"2026-01-10T08:13:20","guid":{"rendered":"https:\/\/pawz.rs\/?post_type=product&#038;p=50438"},"modified":"2026-01-10T09:21:57","modified_gmt":"2026-01-10T08:21:57","slug":"padovan-grandmix-parrocchetti","status":"publish","type":"product","link":"https:\/\/pawz.rs\/en\/padovan-grandmix-parrocchetti\/","title":{"rendered":"Padovan Grandmix Parrocchetti"},"content":{"rendered":"<p><strong>Padovan Grandmix Parrochetti<\/p>\n<p><\/strong>POTPUNA KRMNA SMESA ZA SREDNJE PAPIGE (agapornis, nimfe)<\/p>\n<p>Me\u0161avina \u017eitarica i semena, uz dodato su\u0161eno vo\u0107e, usitnjenim keksom i mlevenim \u0161koljkama kao i dodatkom vitamina i oligoelemenata.<\/p>\n<p><strong>Sastav<\/strong>: Seme (prirodno): safflower (carthamus tincotorius) 5,6%, p\u0161enica (titicum vulgare) 6,2%, seme suncokreta (helianthus annus) 44,5%, kukuruz (zea mays) 5,6%, seme bundeve (cucurbita pepo) 4,4%, ovas (avena sativa) 5,6%, je\u010dam (hordeum vulgare) 4,4%; Vo\u0107e (dehidrirano): badem, le\u0161nik, kikiriki, jabuka, roga\u010d (ceratonia siliqua), banana;<\/p>\n<p><strong>Hranjivi aditivi:<\/strong> A vitamin 6000 IJ, D3 vitamin 750 IJ, E vitamin 10 mg, jod (3b201) 1,5 mg, mangan (3b503) 50 mg, cink (3b605) 40 mg. Boje.<\/p>\n<p><strong>Uputstvo za hranjenje<\/strong>: Osigurajte da je u posudi uvek dovoljna koli\u010dina hrane. \u010cista i sve\u017ea voda za pi\u0107e treba da bude uvek dostupna.<\/p>\n<p>Proizvo\u0111a\u010d: Valman s.r.l<br \/>\nCountry of origin: Germany<\/p>\n\n    <div class=\"xs_social_share_widget xs_share_url after_content \t\tmain_content  wslu-style-1 wslu-share-box-shaped wslu-fill-colored wslu-none wslu-share-horizontal wslu-theme-font-no wslu-main_content\">\n\n\t\t\n        <ul>\n\t\t\t        <\/ul>\n    <\/div>","protected":false},"excerpt":{"rendered":"<p>Padovan Grandmix Parrochetti za srednje papige<\/p>","protected":false},"featured_media":50441,"comment_status":"closed","ping_status":"closed","template":"","meta":{"_acf_changed":false},"pwb-brand":[1362],"product_cat":[1277,1119],"product_tag":[],"class_list":{"0":"post-50438","1":"product","2":"type-product","3":"status-publish","4":"has-post-thumbnail","6":"pwb-brand-padovan","7":"product_cat-hrana-za-ptice","8":"product_cat-ptice","10":"first","11":"instock","12":"taxable","13":"shipping-taxable","14":"purchasable","15":"product-type-variable","16":"has-default-attributes"},"acf":[],"brands":[{"id":1362,"name":"Padovan","slug":"padovan"}],"_links":{"self":[{"href":"https:\/\/pawz.rs\/en\/wp-json\/wp\/v2\/product\/50438","targetHints":{"allow":["GET"]}}],"collection":[{"href":"https:\/\/pawz.rs\/en\/wp-json\/wp\/v2\/product"}],"about":[{"href":"https:\/\/pawz.rs\/en\/wp-json\/wp\/v2\/types\/product"}],"replies":[{"embeddable":true,"href":"https:\/\/pawz.rs\/en\/wp-json\/wp\/v2\/comments?post=50438"}],"wp:featuredmedia":[{"embeddable":true,"href":"https:\/\/pawz.rs\/en\/wp-json\/wp\/v2\/media\/50441"}],"wp:attachment":[{"href":"https:\/\/pawz.rs\/en\/wp-json\/wp\/v2\/media?parent=50438"}],"wp:term":[{"taxonomy":"pwb-brand","embeddable":true,"href":"https:\/\/pawz.rs\/en\/wp-json\/wp\/v2\/pwb-brand?post=50438"},{"taxonomy":"product_cat","embeddable":true,"href":"https:\/\/pawz.rs\/en\/wp-json\/wp\/v2\/product_cat?post=50438"},{"taxonomy":"product_tag","embeddable":true,"href":"https:\/\/pawz.rs\/en\/wp-json\/wp\/v2\/product_tag?post=50438"}],"curies":[{"name":"wp","href":"https:\/\/api.w.org\/{rel}","templated":true}]}}