{"id":51522,"date":"2026-02-28T15:45:50","date_gmt":"2026-02-28T14:45:50","guid":{"rendered":"https:\/\/pawz.rs\/?post_type=product&#038;p=51522"},"modified":"2026-02-28T15:55:05","modified_gmt":"2026-02-28T14:55:05","slug":"trixie-podloga-za-unutrasnju-ogradu-140x70cm","status":"publish","type":"product","link":"https:\/\/pawz.rs\/en\/trixie-podloga-za-unutrasnju-ogradu-140x70cm\/","title":{"rendered":"Trixie Podloga za Unutra\u0161nju Ogradu 140x70cm"},"content":{"rendered":"<p><strong>Trixie Podloga za Unutra\u0161nju Ogradu 140x70cm<\/strong><\/p>\n<ul>\n<li>pogodno za artikal br. <a href=\"https:\/\/pawz.rs\/en\/trixie-unutrasnja-ograda-metal-plastika-140x35x70cm-bela\/\">TR62460<\/a><\/li>\n<li>\u0161titi od prljanja<\/li>\n<li>vodootporan materijal<\/li>\n<li>jednostavno pri\u010dvr\u0161\u0107ivanje pomo\u0107u kai\u0161eva<\/li>\n<li>oja\u010dan obod sa penastim punjenjem, dodatno stabilan<\/li>\n<li>lako se \u010disti brisanjem vla\u017enom krpom<\/li>\n<li>poliester<\/li>\n<li>u skladu sa Odeljkom o dobrobiti \u017eivotinja 18 (AT)<\/li>\n<\/ul>\n<p>Proizvo\u0111a\u010d: TRIXIE Pet Products, Inc<br \/>\nZemlja Porekla: Nema\u010dka<\/p>\n\n    <div class=\"xs_social_share_widget xs_share_url after_content \t\tmain_content  wslu-style-1 wslu-share-box-shaped wslu-fill-colored wslu-none wslu-share-horizontal wslu-theme-font-no wslu-main_content\">\n\n\t\t\n        <ul>\n\t\t\t        <\/ul>\n    <\/div>","protected":false},"excerpt":{"rendered":"<p>Trixie unutra\u0161nja podloga namenjena je psima i ma\u010dkama, ali naro\u010dito glodarima<\/p>","protected":false},"featured_media":31171,"comment_status":"open","ping_status":"closed","template":"","meta":{"_acf_changed":false},"pwb-brand":[465],"product_cat":[986,763,23,765,202,47,769],"product_tag":[],"class_list":{"0":"post-51522","1":"product","2":"type-product","3":"status-publish","4":"has-post-thumbnail","6":"pwb-brand-trixie","7":"product_cat-glodari","8":"product_cat-krevetici-i-transporteri","9":"product_cat-macke","10":"product_cat-oprema-za-macke","11":"product_cat-oprema-za-pse","12":"product_cat-psi","13":"product_cat-krevetici-i-transporteri-macke","15":"first","16":"instock","17":"taxable","18":"shipping-taxable","19":"purchasable","20":"product-type-simple"},"acf":[],"brands":[{"id":465,"name":"Trixie","slug":"trixie"}],"_links":{"self":[{"href":"https:\/\/pawz.rs\/en\/wp-json\/wp\/v2\/product\/51522","targetHints":{"allow":["GET"]}}],"collection":[{"href":"https:\/\/pawz.rs\/en\/wp-json\/wp\/v2\/product"}],"about":[{"href":"https:\/\/pawz.rs\/en\/wp-json\/wp\/v2\/types\/product"}],"replies":[{"embeddable":true,"href":"https:\/\/pawz.rs\/en\/wp-json\/wp\/v2\/comments?post=51522"}],"wp:featuredmedia":[{"embeddable":true,"href":"https:\/\/pawz.rs\/en\/wp-json\/wp\/v2\/media\/31171"}],"wp:attachment":[{"href":"https:\/\/pawz.rs\/en\/wp-json\/wp\/v2\/media?parent=51522"}],"wp:term":[{"taxonomy":"pwb-brand","embeddable":true,"href":"https:\/\/pawz.rs\/en\/wp-json\/wp\/v2\/pwb-brand?post=51522"},{"taxonomy":"product_cat","embeddable":true,"href":"https:\/\/pawz.rs\/en\/wp-json\/wp\/v2\/product_cat?post=51522"},{"taxonomy":"product_tag","embeddable":true,"href":"https:\/\/pawz.rs\/en\/wp-json\/wp\/v2\/product_tag?post=51522"}],"curies":[{"name":"wp","href":"https:\/\/api.w.org\/{rel}","templated":true}]}}