{"id":5275,"date":"2023-03-11T17:03:12","date_gmt":"2023-03-11T16:03:12","guid":{"rendered":"https:\/\/pawz.rs\/?post_type=product&#038;p=5275"},"modified":"2024-05-07T14:04:36","modified_gmt":"2024-05-07T12:04:36","slug":"np-mini-junior-poultry-2-12-months-all-breeds","status":"publish","type":"product","link":"https:\/\/pawz.rs\/en\/np-mini-junior-poultry-2-12-months-all-breeds\/","title":{"rendered":"NP Mini Junior Poultry 2-12 Months All Breeds"},"content":{"rendered":"<p><strong>NP Mini Junior Poultry 2-12 Months All Breeds<\/strong><\/p>\n<div>Kompletna suva hrana namenjena ishrani \u0161tenaca i juniora malih rasa pasa, starosti od 2-12 meseci, koji u odraslom dobu imaju od 1-10kg.<\/div>\n<div>\n<ul>\n<li>100% kompletna i izbalansirana hrana namenjena ishrani \u0161tenaca i mladih pasa u razvoju<\/li>\n<li>Hrana je oboga\u0107ena sastojcima prirodnog porekla najvi\u0161eg kvaliteta koji obezbedjuju savr\u0161en rast, Razvoj, kondiciju i zdravlje Va\u0161eg ljubimca<\/li>\n<li>Meso \u017eivinskog porekla najvi\u0161eg kvaliteta kao glavni izvor proteina<\/li>\n<li>Pru\u017ea Va\u0161em psu sve neophodne hranljive elemente, kako bi se osigurao pravilan razvoj kostiju , zglobova i skeletnog sistema<\/li>\n<li>Stimuli\u0161e procese u\u010denja<\/li>\n<\/ul>\n<div><strong>Benefiti<\/strong>:<\/div>\n<ul>\n<li>Dinami\u010dki mikronizovani klinoptilolit aktivno stimuli\u0161e zdravlje intestinalnog trakta i apsorpciju nutrietinata. Zarobljava toksine koje proizvode bakterije u digestivnom traktu i oja\u010dava prirodni imunitet organizma<\/li>\n<li>Formula bogata proteinima\u00a0 \u017eivotinjskog porekla koji pru\u017eaju dovoljno energije za zdrav rast i razvoj \u0161tenadi<\/li>\n<li>Super premium hrana sa dodatkom glukozamina i hondroitina odr\u017eava zglobove zdravim i pru\u017ea dobru pokretljivost<\/li>\n<li>Esencijalne masne kiseline su neprocenjive kako bi se oja\u010dao prirodni imunitet organizma, odr\u017eao pravilan rad mo\u017edanog i kardio-vaskularnog sistema i smanjili upalni procesi<\/li>\n<\/ul>\n<div>\n<p><strong>Sastav:<\/strong>\u00a0\u017eivinsko meso\u00a0 42% ( su\u0161eno i fino mleveno ), pirina\u010d, kukuruz , \u017eivinska mast, kukuruzni gluten, lignoceluloza, pivski kvasac, hidrolizat pile\u0107e d\u017eigerice, lososovo ulje, pulpa, seme lana, su\u0161ena jaja,\u00a0 dinami\u010dki mikronizovani klinoptilolit 1%, ekstrakt cikorije , ekstrakt juke, kvasci ( beta-glukani ), glukozamin ( 250 mg\/kg ), hondroitin sulfat ( 100 mg\/kg )<\/p>\n<\/div>\n<div>\n<p><strong>Dodaci po 1kg proizvoda<\/strong>:\u00a0<strong>Nutritivni dodaci:<\/strong>\u00a0vitamin A (3a672a) \u2013 22500 IU, vitamin D3 (3a671) \u2013 1875 IU, vitamin E (3a700) \u2013 663 mg, foli\u010dna kiselina\u00a0 (3a316) \u2013 1,63 mg, biotin (3a880) \u2013 0,25 mg, niacin (3a314) \u2013 57 mg, vitamin B6 (3a831) \u2013 5 mg, vitamin B1 \u2013 5 mg, vitamin B12 \u2013 0,06 \u00b5g, gvo\u017e\u0111e(II) sulfat monohidrat (3b103) \u201363 mg, kalcijum jod anhidrozis (3b202) \u2013 1,3 mg, bakar(II) sulfat pentahidrat (3b405) \u20136,3 mg, mangan sulfat monohidrat (3b503) \u2013 25mg, cink sulfat monohidrat (3b605) \u2013 144 mg, natrijum selenit (3b801) \u2013 0,13mg, L-carnitin (3a910) \u2013 150 mg, taurin (3a370) \u2013 125 mg, L-triptofan (3c440) \u2013 500 mg, DL-metionin, tehni\u010dki \u010dist (3c301) \u2013 1000 mg ,<strong>Tehnolo\u0161ki dodaci<\/strong>: ekstrakt ruzmarina, ekstrakt tokoferola iz biljnih ulja (1b306(i)).<\/p>\n<\/div>\n<div>\n<p><strong>Analytical composition:<\/strong> sirovi proteini 32%, sirova vlakna 1,4%, sirove\u00a0 masti 20%, sirovi pepeo 6,5%, kalcijum 1,2%, fosfor 0,9%, kalijum 0,65%, natrijum 0,4%, Omega 3 masne kiseline 0,44%, Omega 6 masne kiseline 2,66%<\/p>\n<p>Serve food in dry form with available fresh water.<br \/>\nFor your pet&#039;s health, consult a veterinarian regularly.<\/p>\n<p>Store the product in a dry, dark and cool place.<\/p>\n<p>Proizvo\u0111a\u010d: Akvatera LT (Nature&#8217;s Protection)<br \/>\nZemlja porekla: Litvanija (EU)<\/p>\n<\/div>\n<\/div>\n\n    <div class=\"xs_social_share_widget xs_share_url after_content \t\tmain_content  wslu-style-1 wslu-share-box-shaped wslu-fill-colored wslu-none wslu-share-horizontal wslu-theme-font-no wslu-main_content\">\n\n\t\t\n        <ul>\n\t\t\t        <\/ul>\n    <\/div>","protected":false},"excerpt":{"rendered":"<p>Nature&#8217;s Protection Mini Junior Poultry 2-12 Months All Breeds je kompletna suva hrana namenjena ishrani\u00a0 \u0161tenaca i juniora malih rasa pasa, starosti od 2-12 meseci, koji u odraslom dobu imaju od 1-10kg<\/p>","protected":false},"featured_media":5229,"comment_status":"open","ping_status":"closed","template":"","meta":{"_acf_changed":false},"pwb-brand":[312,314],"product_cat":[49,48,47],"product_tag":[],"class_list":{"0":"post-5275","1":"product","2":"type-product","3":"status-publish","4":"has-post-thumbnail","6":"pwb-brand-np-natures-protection","7":"pwb-brand-np-nature-s-protection-hrana-za-pse","8":"product_cat-granule-za-pse","9":"product_cat-hrana-za-pse","10":"product_cat-psi","12":"first","13":"instock","14":"taxable","15":"shipping-taxable","16":"purchasable","17":"product-type-variable","18":"has-default-attributes"},"acf":[],"brands":[{"id":312,"name":"NP - Natures Protection","slug":"np-natures-protection"},{"id":314,"name":"NP \u2013 Natures Protection Dog Food","slug":"np-nature-s-protection-hrana-za-pse"}],"_links":{"self":[{"href":"https:\/\/pawz.rs\/en\/wp-json\/wp\/v2\/product\/5275","targetHints":{"allow":["GET"]}}],"collection":[{"href":"https:\/\/pawz.rs\/en\/wp-json\/wp\/v2\/product"}],"about":[{"href":"https:\/\/pawz.rs\/en\/wp-json\/wp\/v2\/types\/product"}],"replies":[{"embeddable":true,"href":"https:\/\/pawz.rs\/en\/wp-json\/wp\/v2\/comments?post=5275"}],"wp:featuredmedia":[{"embeddable":true,"href":"https:\/\/pawz.rs\/en\/wp-json\/wp\/v2\/media\/5229"}],"wp:attachment":[{"href":"https:\/\/pawz.rs\/en\/wp-json\/wp\/v2\/media?parent=5275"}],"wp:term":[{"taxonomy":"pwb-brand","embeddable":true,"href":"https:\/\/pawz.rs\/en\/wp-json\/wp\/v2\/pwb-brand?post=5275"},{"taxonomy":"product_cat","embeddable":true,"href":"https:\/\/pawz.rs\/en\/wp-json\/wp\/v2\/product_cat?post=5275"},{"taxonomy":"product_tag","embeddable":true,"href":"https:\/\/pawz.rs\/en\/wp-json\/wp\/v2\/product_tag?post=5275"}],"curies":[{"name":"wp","href":"https:\/\/api.w.org\/{rel}","templated":true}]}}