{"id":5291,"date":"2023-03-11T18:31:15","date_gmt":"2023-03-11T17:31:15","guid":{"rendered":"https:\/\/pawz.rs\/?post_type=product&#038;p=5291"},"modified":"2024-01-29T15:18:38","modified_gmt":"2024-01-29T14:18:38","slug":"np-mini-adult-lamb","status":"publish","type":"product","link":"https:\/\/pawz.rs\/en\/np-mini-adult-lamb\/","title":{"rendered":"NP Mini Adult Lamb Small Breeds"},"content":{"rendered":"<p><strong>NP Mini Adult Lamb Small Breeds<\/strong><\/p>\n<div>Kompletna suva hrana sa jagnje\u0107im mesom, namenjena ishrani pasa malih rasa koji u odraslom dobu imaju izme\u0111u 1kg i 10kg<\/div>\n<ul>\n<li>100% kompletna I izbalansirana hrana napravljena tako da Va\u0161 pas bude u optimalnoj kondiciji<\/li>\n<li>Jagnjetina iz \u0160kotske najvi\u0161eg kvaliteta kao glavni izvor proteina<\/li>\n<li>Kompletna, ukusna hrana za pse napravljena od sastojaka najvi\u0161eg kvaliteta, a spremljena\u00a0 po posebnom receptu. Lako svarljiva i kao rezultat toga daje malu koli\u010dinu stolice<\/li>\n<li>Ne sadr\u017ei p\u0161enicu pa samim tim smanjuje rizik pojave alergije na gluten<\/li>\n<\/ul>\n<div><strong>Benefiti<\/strong>:<\/div>\n<ul>\n<li>Dinami\u010dki mikronizovani klinoptilolit aktivno stimuli\u0161e zdravlje gastro-intestinalnog trakta i apsorpciju nutritienata. Zarobljava toksine koje proizvode bakterije u digestivnom traktu i oja\u010dava prirodni imunitet organizma<\/li>\n<li>L- karnitin u ovoj hrani poma\u017ee da se masti lako pretvaraju u energiju i da se ne talo\u017ee u organizmu<\/li>\n<li>Kompletna, ukusna hrana za pse napravljena od sastojaka najvi\u0161eg kvaliteta,sa jagnjetinom kao glavnim izvorom proteina. Lako svarljiva i kao rezultat toga daje malu koli\u010dinu stolice<\/li>\n<li>Esencijalne masne kiseline su neprocenjive kako bi se oja\u010dao prirodni imunitet organizma, odr\u017eao pravilan rad mo\u017edanog i kardio-vaskularnog sistema i smanjili upalni procesi<\/li>\n<\/ul>\n<div>\n<p><strong>Sastav<\/strong>: jagnje\u0107e meso 38% ( su\u0161eno i fino mleveno ), pirina\u010d, kukuruz , \u017eivinska mast, kukuruzni gluten, je\u010dam, pulpa \u0161e\u0107erne repice, seme lana, dinami\u010dki mikronizovani klinoptilolit 1%, derivati ribe, ekstrakt cikorije, ekstrakt juke, manan-oligosaharidi (MOS), neven<\/p>\n<p><strong>Analiti\u010dki sastav<\/strong>: sirovi proteini 24%, sirova vlakna 2,5%, sirova ulja i masti 13%, sirovi pepeo 7%, kalcijum 1,2%, fosfor 1%, kalijum 0,5%, natrijum 0,4%, Omega 3 masne kiseline 0,35%, Omega 6 masne kiseline 2,65%<\/p>\n<p><strong>Dodaci po 1kg proizvoda:<\/strong>\u00a0<strong>Nutritivni dodaci:\u00a0<\/strong>vitamin A (3a672a) \u2013 18000 IU, vitamin D3 (3a671) \u2013 1500 IU, vitamin E (3a700) \u2013 530 mg, gvo\u017e\u0111e(II) sulfat monohidrat (3b103) \u201350 mg, kalcijum jod anhidrozis (3b202) \u2013 1,5 mg, bakar(II) sulfat pentahidrat (3b405) \u2013 5 mg, mangan sulfat monohidrat (3b503) \u2013 20 mg, cink sulfat monohidrat (3b605) \u2013 115 mg, natrijum selenit (3b801) \u2013 0,1mg, L-carnitin (3a910) \u2013 100 mg ,<strong>Tehnolo\u0161ki dodaci:<\/strong> ekstrakt ruzmarina, ekstrakt tokoferola iz biljnih ulja (1b306(i)).<\/p>\n<p>Serve food in dry form with available fresh water.<br \/>\nFor your pet&#039;s health, consult a veterinarian regularly.<\/p>\n<p>Store the product in a dry, dark and cool place.<\/p>\n<p>Proizvo\u0111a\u010d: Akvatera LT (Nature&#8217;s Protection)<br \/>\nZemlja porekla: Litvanija (EU)<\/p>\n<\/div>\n\n    <div class=\"xs_social_share_widget xs_share_url after_content \t\tmain_content  wslu-style-1 wslu-share-box-shaped wslu-fill-colored wslu-none wslu-share-horizontal wslu-theme-font-no wslu-main_content\">\n\n\t\t\n        <ul>\n\t\t\t        <\/ul>\n    <\/div>","protected":false},"excerpt":{"rendered":"<p>Nature&#8217;s Protection Mini Adult Lamb Small Breeds je kompletna suva hrana sa jagnje\u0107im mesom, namenjena ishrani pasa malih rasa koji u odraslom dobu imaju izme\u0111u 1kg i 10kg<\/p>","protected":false},"featured_media":5227,"comment_status":"open","ping_status":"closed","template":"","meta":{"_acf_changed":false},"pwb-brand":[312,314],"product_cat":[49,48,47],"product_tag":[],"class_list":{"0":"post-5291","1":"product","2":"type-product","3":"status-publish","4":"has-post-thumbnail","6":"pwb-brand-np-natures-protection","7":"pwb-brand-np-nature-s-protection-hrana-za-pse","8":"product_cat-granule-za-pse","9":"product_cat-hrana-za-pse","10":"product_cat-psi","12":"first","13":"instock","14":"taxable","15":"shipping-taxable","16":"purchasable","17":"product-type-variable","18":"has-default-attributes"},"acf":[],"brands":[{"id":312,"name":"NP - Natures Protection","slug":"np-natures-protection"},{"id":314,"name":"NP \u2013 Natures Protection Dog Food","slug":"np-nature-s-protection-hrana-za-pse"}],"_links":{"self":[{"href":"https:\/\/pawz.rs\/en\/wp-json\/wp\/v2\/product\/5291","targetHints":{"allow":["GET"]}}],"collection":[{"href":"https:\/\/pawz.rs\/en\/wp-json\/wp\/v2\/product"}],"about":[{"href":"https:\/\/pawz.rs\/en\/wp-json\/wp\/v2\/types\/product"}],"replies":[{"embeddable":true,"href":"https:\/\/pawz.rs\/en\/wp-json\/wp\/v2\/comments?post=5291"}],"wp:featuredmedia":[{"embeddable":true,"href":"https:\/\/pawz.rs\/en\/wp-json\/wp\/v2\/media\/5227"}],"wp:attachment":[{"href":"https:\/\/pawz.rs\/en\/wp-json\/wp\/v2\/media?parent=5291"}],"wp:term":[{"taxonomy":"pwb-brand","embeddable":true,"href":"https:\/\/pawz.rs\/en\/wp-json\/wp\/v2\/pwb-brand?post=5291"},{"taxonomy":"product_cat","embeddable":true,"href":"https:\/\/pawz.rs\/en\/wp-json\/wp\/v2\/product_cat?post=5291"},{"taxonomy":"product_tag","embeddable":true,"href":"https:\/\/pawz.rs\/en\/wp-json\/wp\/v2\/product_tag?post=5291"}],"curies":[{"name":"wp","href":"https:\/\/api.w.org\/{rel}","templated":true}]}}