{"id":5341,"date":"2023-03-12T08:41:12","date_gmt":"2023-03-12T07:41:12","guid":{"rendered":"https:\/\/pawz.rs\/?post_type=product&#038;p=5341"},"modified":"2024-05-07T13:57:23","modified_gmt":"2024-05-07T11:57:23","slug":"np-junior-lamb-2-18-months-all-breeds","status":"publish","type":"product","link":"https:\/\/pawz.rs\/en\/np-junior-lamb-2-18-months-all-breeds\/","title":{"rendered":"NP Junior Lamb 2-18 Months All Breeds"},"content":{"rendered":"<p><strong>NP Junior Lamb 2-18 Months All Breeds<\/strong><\/p>\n<div>\n<div>\n<div>Kompletna suva hrana sa jagnje\u0107im mesom namenjena ishrani \u0161tenaca u razvoju starosti od 2-18 meseci<\/div>\n<ul>\n<li>100% kompletna i izbalansirana hrana namenjena ishrani \u0161tenaca i mladih pasa u razvoju<\/li>\n<li>Hrana je oboga\u0107ena sastojcima prirodnog porekla najvi\u0161eg kvaliteta koji garantuju savr\u0161en rast, Razvoj, kondiciju i zdravlje Va\u0161eg ljubimca<\/li>\n<li>Jagnjetina iz \u0160kotske najvi\u0161eg kvaliteta kao glavni izvor proteina<\/li>\n<li>Pru\u017ea Va\u0161em psu sve neophodne hranljive elemente kako bi se osigurao pravilan razvoj zglobova, kostiju i skeletnog sistema<\/li>\n<li>Kompletna i ukusna hrana za pse napravljena od sastojaka najvi\u0161eg kvaliteta, a spremljena\u00a0 po posebnom receptu. Lako svarljiva i kao rezultat toga daje malu koli\u010dinu stolice<\/li>\n<\/ul>\n<div><strong>Benefiti<\/strong>:<\/div>\n<ul>\n<li>Dinami\u010dki mikronizovani klinoptilolit aktivno stimuli\u0161e zdravlje intestinalnog trakta i apsorpciju nutritienata. Zarobljava toksine koje proizvode bakterije u digestivnom traktu i oja\u010dava prirodni imunitet organizma<\/li>\n<li>Super premium hrana sa dodatkom glukozamina i hondroitina odr\u017eava zglobove zdravim i pru\u017ea dobru pokretljivost istih<\/li>\n<li>Hrskave granule oboga\u0107ene kalcijumom poma\u017eu spre\u010davanje nastanka kamenca i odr\u017eava zube i desni zdravim<\/li>\n<\/ul>\n<div>\n<p><strong>Sastav<\/strong>: jagnje\u0107e meso 38% ( su\u0161eno i fino mleveno ), pirina\u010d, kukuruz , kukuruzni\u00a0 gluten, \u017eivinska mast, lingo-celuloza,\u00a0 pulpa \u0161e\u0107erne repice, dikalcijum fosfat, dinami\u010dki mikronizovani klinoptilolit 1%, pivski kvasac, ekstrakt cikorije, ekstrakt juke, glukozamin ( 250 mg\/kg ), hondroitin-sulfat ( 100 mg\/kg )<\/p>\n<p><strong>Dodaci po 1kg proizvoda: Nutritivni dodaci:\u00a0<\/strong>vitamin A (3a672a) \u2013 22500 IU, vitamin D3 (3a671) \u2013 1875 IU, vitamin E (3a700) \u2013 663 mg, gvo\u017e\u0111e(II) sulpfat monohidrat (3b103) \u2013 63 mg, kalcijum jod anhidrozis (3b202) \u2013 1,9 mg, bakar(II) sulfat pentahidrat (3b405) \u2013 6,3 mg, mangan sulfat monohidrat (3b503) \u2013 25 mg, cink sulfat monohidrat (3b605) \u2013 144 mg, natrijum selenit (3b801) \u2013 0,13\u00a0 mg, taurin (3a370) \u2013 125 mg, DL-metionin, tehni\u010dki \u010dist (3c301) \u2013 1 g, L-triptofan (3c440) \u2013 500 mg;\u00a0<strong>Tehnolo\u0161ki dodaci:<\/strong>\u00a0ekstrakt ruzmarina, ekstrakt tokoferola iz biljnih ulja (1b306(i)).<\/p>\n<p><strong>Analytical composition:<\/strong>\u00a0sirovi proteini 28%, sirova vlakna 1,7%, sirove masti 17%, sirovi pepeo 6,9%, kalcijum 1,2%, fosfor 09%, kalijum 0,6%, natrijum 0,4%, Omega 3 masne kiseline 0,73%, Omega 6 masne kiseline 2,96%<\/p>\n<\/div>\n<p>Serve food in dry form with available fresh water.<br \/>\nFor your pet&#039;s health, consult a veterinarian regularly.<\/p>\n<p>Store the product in a dry, dark and cool place.<\/p>\n<p>Proizvo\u0111a\u010d: Akvatera LT (Nature&#8217;s Protection)<br \/>\nZemlja porekla: Litvanija (EU)<\/p>\n<\/div>\n<\/div>\n\n    <div class=\"xs_social_share_widget xs_share_url after_content \t\tmain_content  wslu-style-1 wslu-share-box-shaped wslu-fill-colored wslu-none wslu-share-horizontal wslu-theme-font-no wslu-main_content\">\n\n\t\t\n        <ul>\n\t\t\t        <\/ul>\n    <\/div>","protected":false},"excerpt":{"rendered":"<p>Nature&#8217;s Protection Junior Lamb 2-18 Months All Breeds je kompletna suva hrana sa jagnje\u0107im mesom namenjena ishrani \u0161tenaca u razvoju starosti od 2-18 meseci<\/p>","protected":false},"featured_media":5238,"comment_status":"open","ping_status":"closed","template":"","meta":{"_acf_changed":false},"pwb-brand":[312,314],"product_cat":[49,47,48],"product_tag":[],"class_list":{"0":"post-5341","1":"product","2":"type-product","3":"status-publish","4":"has-post-thumbnail","6":"pwb-brand-np-natures-protection","7":"pwb-brand-np-nature-s-protection-hrana-za-pse","8":"product_cat-granule-za-pse","9":"product_cat-psi","10":"product_cat-hrana-za-pse","12":"first","13":"instock","14":"taxable","15":"shipping-taxable","16":"purchasable","17":"product-type-variable","18":"has-default-attributes"},"acf":[],"brands":[{"id":312,"name":"NP - Natures Protection","slug":"np-natures-protection"},{"id":314,"name":"NP \u2013 Natures Protection Dog Food","slug":"np-nature-s-protection-hrana-za-pse"}],"_links":{"self":[{"href":"https:\/\/pawz.rs\/en\/wp-json\/wp\/v2\/product\/5341","targetHints":{"allow":["GET"]}}],"collection":[{"href":"https:\/\/pawz.rs\/en\/wp-json\/wp\/v2\/product"}],"about":[{"href":"https:\/\/pawz.rs\/en\/wp-json\/wp\/v2\/types\/product"}],"replies":[{"embeddable":true,"href":"https:\/\/pawz.rs\/en\/wp-json\/wp\/v2\/comments?post=5341"}],"wp:featuredmedia":[{"embeddable":true,"href":"https:\/\/pawz.rs\/en\/wp-json\/wp\/v2\/media\/5238"}],"wp:attachment":[{"href":"https:\/\/pawz.rs\/en\/wp-json\/wp\/v2\/media?parent=5341"}],"wp:term":[{"taxonomy":"pwb-brand","embeddable":true,"href":"https:\/\/pawz.rs\/en\/wp-json\/wp\/v2\/pwb-brand?post=5341"},{"taxonomy":"product_cat","embeddable":true,"href":"https:\/\/pawz.rs\/en\/wp-json\/wp\/v2\/product_cat?post=5341"},{"taxonomy":"product_tag","embeddable":true,"href":"https:\/\/pawz.rs\/en\/wp-json\/wp\/v2\/product_tag?post=5341"}],"curies":[{"name":"wp","href":"https:\/\/api.w.org\/{rel}","templated":true}]}}