{"id":5351,"date":"2023-03-12T09:06:43","date_gmt":"2023-03-12T08:06:43","guid":{"rendered":"https:\/\/pawz.rs\/?post_type=product&#038;p=5351"},"modified":"2024-01-29T15:13:38","modified_gmt":"2024-01-29T14:13:38","slug":"np-mini-senor-small-breeds-2kg","status":"publish","type":"product","link":"https:\/\/pawz.rs\/en\/np-mini-senor-small-breeds-2kg\/","title":{"rendered":"NP Mini Senor Small Breeds 2kg"},"content":{"rendered":"<p><strong>NP Mini Senor Small Breeds 2kg<\/strong><\/p>\n<div>\n<p>Kompletna suva hrana namenjena ishrani pasa malih rasa od 7 godine starosti<\/p>\n<ul>\n<li>Kompletna izbalansirana hrana koja zadovoljava sve nutritivne potrebe, odr\u017eava optimalno stanje organizma i imunitet Va\u0161eg psa u njegovim zlatnim godinama<\/li>\n<li>Lako svarljivo \u017eivinsko meso kao glavni izvor proteina kako bi se obezbedila optimalna funkcija digestivnog trakta<\/li>\n<li>Pa\u017eljivo odabarana kombinacija nutrienata mo\u017ee obezbediti jake kosti i zglobove kao i zdrave zube<\/li>\n<li>Taurin obezbe\u0111uje zdravo srce, kardio-vaskularni sistem i o\u010di<\/li>\n<\/ul>\n<p><strong>Benefiti:\u00a0<\/strong><\/p>\n<ul>\n<li>-Dinami\u010dki mikronizovani klinoptilolit aktivno stimuli\u0161e zdravlje gastro-intestinalnog trakta i apsorpciju nutritienata. Zarobljava toksine koje proizvode bakterije u digestivnom traktu i oja\u010dava prirodni imunitet organizma<\/li>\n<li>Hrskave granule poma\u017eu u smanjivanju nastanka zubnog kamenca \u010dine\u0107i zube i desni zdravima<\/li>\n<li>Dodatak hrondotoina i glukozamina odr\u017eava zglobove zdravim i obezbe\u0111uje optimalnu pokretljivost<\/li>\n<li>Taurin \u0161titi srce i kardio-vaskularni sistem. \u0160titi i o\u010di od \u0161tetnog uticaja slobodnih radikala<\/li>\n<\/ul>\n<p><strong>Sastav:\u00a0<\/strong>\u017eivinsko meso 37% ( su\u0161eno i fino mleveno ), pirina\u010d, kukuruz , kukuruzni gluten, \u017eivinska mast, derivati ribe, pulpa \u0161e\u0107erne repice, dikalcijum fosfat, dinami\u010dki mikronizovani klinoptilolit 1%, seme lana, gra\u0161ak, lososvo ulje, su\u0161ena jaja, glukozamin ( 500 mg\/kg ), ekstrakt juke, hondroitin-sulfat ( 200 mg\/kg )<\/p>\n<p><strong>Dodaci po 1kg proizvoda: Nutritivni dodaci:<\/strong>\u00a0vitamin A (3a672a) \u2013 19800 IU, vitamin D3 (3a671) \u2013 1650 IU, vitamin E (3a700) \u2013 583 mg, gvo\u017e\u0111e(II) sulfat monohidrat (3b103) \u2013 55 mg, kalcijum jod anhidrozis (3b202) \u2013 1,7 mg, bakar(II) sulfat pentahidrat (3b405) \u2013 5,5 mg, mangan sulfat monohidrat (3b503) \u2013 22 mg, cink sulfat monohidrat (3b605) \u2013 126,5 mg, natrijum selenit (3b801) \u2013 0,11 mg, taurin (3a370) \u2013 250 mg,\u00a0\u00a0L-karnitin (3a910) \u2013 50 mg .\u00a0<strong>Tehnolo\u0161ki dodaci:<\/strong>\u00a0ekstrakt ruzmarina, ekstrakt tokoferola iz biljnih ulja (1b306(i)).<\/p>\n<p><strong>Analytical composition:<\/strong> sirovi proteini 29%, sirova vlakna 1,5%, sirova ulja i masti 15%, sirovi pepeo 6,5%, kalcijum 1%, fosfor 0,8%, kalijum 0,6%, natrijum 0,4%, Omega 3 masne kiseline 0,35%, Omega 6 masne kiseline 2,60%<\/p>\n<p>Serve food in dry form with available fresh water.<br \/>\nFor your pet&#039;s health, consult a veterinarian regularly.<\/p>\n<p>Store the product in a dry, dark and cool place.<\/p>\n<p>Proizvo\u0111a\u010d: Akvatera LT (Nature&#8217;s Protection)<br \/>\nZemlja porekla: Litvanija (EU)<\/p>\n<\/div>\n\n    <div class=\"xs_social_share_widget xs_share_url after_content \t\tmain_content  wslu-style-1 wslu-share-box-shaped wslu-fill-colored wslu-none wslu-share-horizontal wslu-theme-font-no wslu-main_content\">\n\n\t\t\n        <ul>\n\t\t\t        <\/ul>\n    <\/div>","protected":false},"excerpt":{"rendered":"<div class=\"col-md-12 text-center\">\n<p>Nature&#8217;s Protection Mini Senor Small Breeds je kompletna suva hrana namenjena ishrani pasa malih rasa od 7 godine starosti<\/p>\n<\/div>","protected":false},"featured_media":5230,"comment_status":"open","ping_status":"closed","template":"","meta":{"_acf_changed":false},"pwb-brand":[312,314],"product_cat":[49,48,47],"product_tag":[],"class_list":{"0":"post-5351","1":"product","2":"type-product","3":"status-publish","4":"has-post-thumbnail","6":"pwb-brand-np-natures-protection","7":"pwb-brand-np-nature-s-protection-hrana-za-pse","8":"product_cat-granule-za-pse","9":"product_cat-hrana-za-pse","10":"product_cat-psi","12":"first","13":"instock","14":"taxable","15":"shipping-taxable","16":"purchasable","17":"product-type-simple"},"acf":[],"brands":[{"id":312,"name":"NP - Natures Protection","slug":"np-natures-protection"},{"id":314,"name":"NP \u2013 Natures Protection Dog Food","slug":"np-nature-s-protection-hrana-za-pse"}],"_links":{"self":[{"href":"https:\/\/pawz.rs\/en\/wp-json\/wp\/v2\/product\/5351","targetHints":{"allow":["GET"]}}],"collection":[{"href":"https:\/\/pawz.rs\/en\/wp-json\/wp\/v2\/product"}],"about":[{"href":"https:\/\/pawz.rs\/en\/wp-json\/wp\/v2\/types\/product"}],"replies":[{"embeddable":true,"href":"https:\/\/pawz.rs\/en\/wp-json\/wp\/v2\/comments?post=5351"}],"wp:featuredmedia":[{"embeddable":true,"href":"https:\/\/pawz.rs\/en\/wp-json\/wp\/v2\/media\/5230"}],"wp:attachment":[{"href":"https:\/\/pawz.rs\/en\/wp-json\/wp\/v2\/media?parent=5351"}],"wp:term":[{"taxonomy":"pwb-brand","embeddable":true,"href":"https:\/\/pawz.rs\/en\/wp-json\/wp\/v2\/pwb-brand?post=5351"},{"taxonomy":"product_cat","embeddable":true,"href":"https:\/\/pawz.rs\/en\/wp-json\/wp\/v2\/product_cat?post=5351"},{"taxonomy":"product_tag","embeddable":true,"href":"https:\/\/pawz.rs\/en\/wp-json\/wp\/v2\/product_tag?post=5351"}],"curies":[{"name":"wp","href":"https:\/\/api.w.org\/{rel}","templated":true}]}}