{"id":5355,"date":"2023-03-12T09:17:10","date_gmt":"2023-03-12T08:17:10","guid":{"rendered":"https:\/\/pawz.rs\/?post_type=product&#038;p=5355"},"modified":"2024-01-29T15:12:29","modified_gmt":"2024-01-29T14:12:29","slug":"np-weight-control-sterilised-poultry-with-krill-adult-all-breeds","status":"publish","type":"product","link":"https:\/\/pawz.rs\/en\/np-weight-control-sterilised-poultry-with-krill-adult-all-breeds\/","title":{"rendered":"NP Weight Control Sterilised Poultry with Krill Adult All Breeds"},"content":{"rendered":"<p><strong>NP Weight Control Sterilised Poultry with Krill Adult All Breeds<\/strong><\/p>\n<div>Kompletna suva hrana namenjena ishrani pasa svih rasa nakon sterilizacije. Takodje je namenjena i psima koji imaju tendenciju ka gojenju.<\/div>\n<div>\n<ul>\n<li>\u00a0100% kompletna i izbalansirana hrana sa 35% manje masti i jedinstvenim Arkti\u010dkim krilom ( plankton arkti\u010dkih ra\u010di\u0107a iz 100% odr\u017eivih izvora )<\/li>\n<li>Psi rado jedu ovu lako svarljivu hranu. Namenjena je ishrani pasa nakon sterilizacije ali i onima sa tendencijom ka gojenju<\/li>\n<li>Sadr\u017ei oko 35% manje masti u odnosu\u00a0 na ostale hrane za odrasle pse<\/li>\n<li>Sadr\u017ei izvore Omega 3 i Omega 6 masnih kiselina za odr\u017eavanje bogatog krzna dok pas gubi vi\u0161ak telesne te\u017eine<\/li>\n<li>Sadr\u017ei L-karnitin koji poma\u017ee u sagorevanju masti<\/li>\n<\/ul>\n<div><strong>Benefiti<\/strong>:<\/div>\n<ul>\n<li>Dinami\u010dki mikronizovani klinoptilolit aktivno stimuli\u0161e zdravlje gastro-intestinalnog trakta i apsorpciju nutritienata. Zarobljava toksine koje proizvode bakterije u digestivnom traktu i oja\u010dava prirodni imunitet organizma<\/li>\n<li>L-karnitin u ovoj hrani poma\u017ee da se sagoreva mast, pretvara u energiju i smanji njena koli\u010dina u organizmu<\/li>\n<li>Kompletna, ukusna hrana za pse napravljena od sastojaka najvi\u0161eg kvaliteta, a spremljena\u00a0 po posebnom receptu. Lako svarljiva i kao rezultat toga daje malu koli\u010dinu stolice<\/li>\n<li>Esencijalne masne kiseline su neprocenjive kako bi se oja\u010dao prirodni imunitet organizma, odr\u017eao pravilan rad mo\u017edanog i kardio-vaskularnog sistema i smanjili upalni procesi<\/li>\n<\/ul>\n<div>\n<p><strong>Sastav:<\/strong>\u00a0\u017eivinsko meso\u00a0 35% ( su\u0161eno i fino mleveno ), pirina\u010d, sirak, je\u010dam, kukuruz , \u017eivinska mast, krill ( min 4%), derivati ribe, pulpa \u0161e\u0107erne repice, gra\u0161ak, pivski kvasac, lososovo ulje, seme lana, su\u0161ena jaja,\u00a0 dinami\u010dki mikronizovani klinoptilolit 1%, ekstrakt juke, manan oligosaharidi ( MOS ),pivski kvasac, neven<\/p>\n<\/div>\n<div><strong>Dodaci po 1kg proizvoda: Nutritivni dodaci<\/strong>: vitamin A (3a672a) \u2013 18000 IU, vitamin D3 (3a671) \u2013 1500 IU, vitamin E (3a700) \u2013 530 mg, gvo\u017e\u0111e(II) sulfat monohidrat (3b103) \u201350 mg, kalcijum jod anhidrozis (3b202) \u2013 1,5 mg, bakar(II) sulfat pentahidrat (3b405) \u20135 mg, mangan sulfat monohidrat (3b503) \u2013 20mg, cink sulfat monohidrat (3b605) \u2013 115 mg, natrijum selenit (3b801) \u2013 0,1mg , L-karnitin (3a910) \u2013 100 mg.\u00a0 ,T<strong>ehnolo\u0161ki dodaci:\u00a0<\/strong>ekstrakt ruzmarina, ekstrakt tokoferola iz biljnih ulja (1b306(i)).<\/div>\n<div><strong><br \/>\nAnalytical composition:<\/strong> sirovi proteini 21%, sirova vlakna 2,5%, sirova ulja i\u00a0 masti 10%, sirovi pepeo 6,3%, kalcijum 0,8%, fosfor 0,7%, kalijum 0,6%, natrijum 0,3%,\u00a0 Omega 3 masne kiseline 0,32%, Omega 6 masne kiseline 1,72%Zbog zdravlja Va\u0161eg ljubimca redovno konsultujte veterinara.<br \/>\nProizvod \u010duvati na suvom, tamnom i hladnom mestu.Proizvo\u0111a\u010d: Akvatera LT (Nature&#8217;s Protection)<br \/>\nZemlja porekla: Litvanija (EU)<\/p>\n<\/div>\n<\/div>\n\n    <div class=\"xs_social_share_widget xs_share_url after_content \t\tmain_content  wslu-style-1 wslu-share-box-shaped wslu-fill-colored wslu-none wslu-share-horizontal wslu-theme-font-no wslu-main_content\">\n\n\t\t\n        <ul>\n\t\t\t        <\/ul>\n    <\/div>","protected":false},"excerpt":{"rendered":"<p>NP Weight Control Sterilised Poultry with Krill Adult All Breed je kompletna suva hrana namenjena ishrani pasa svih rasa nakon sterilizacije. Takodje je namenjena i psima koji imaju tendenciju ka gojenju.<\/p>","protected":false},"featured_media":5233,"comment_status":"open","ping_status":"closed","template":"","meta":{"_acf_changed":false,"_aa_vp_cena":"","_aa_online_cena":""},"pwb-brand":[312,314],"product_cat":[49,48,47],"product_tag":[],"class_list":{"0":"post-5355","1":"product","2":"type-product","3":"status-publish","4":"has-post-thumbnail","6":"pwb-brand-np-natures-protection","7":"pwb-brand-np-nature-s-protection-hrana-za-pse","8":"product_cat-granule-za-pse","9":"product_cat-hrana-za-pse","10":"product_cat-psi","12":"first","13":"instock","14":"taxable","15":"shipping-taxable","16":"purchasable","17":"product-type-variable","18":"has-default-attributes"},"acf":[],"brands":[{"id":312,"name":"NP - Natures Protection","slug":"np-natures-protection"},{"id":314,"name":"NP \u2013 Natures Protection Dog Food","slug":"np-nature-s-protection-hrana-za-pse"}],"_links":{"self":[{"href":"https:\/\/pawz.rs\/en\/wp-json\/wp\/v2\/product\/5355","targetHints":{"allow":["GET"]}}],"collection":[{"href":"https:\/\/pawz.rs\/en\/wp-json\/wp\/v2\/product"}],"about":[{"href":"https:\/\/pawz.rs\/en\/wp-json\/wp\/v2\/types\/product"}],"replies":[{"embeddable":true,"href":"https:\/\/pawz.rs\/en\/wp-json\/wp\/v2\/comments?post=5355"}],"wp:featuredmedia":[{"embeddable":true,"href":"https:\/\/pawz.rs\/en\/wp-json\/wp\/v2\/media\/5233"}],"wp:attachment":[{"href":"https:\/\/pawz.rs\/en\/wp-json\/wp\/v2\/media?parent=5355"}],"wp:term":[{"taxonomy":"pwb-brand","embeddable":true,"href":"https:\/\/pawz.rs\/en\/wp-json\/wp\/v2\/pwb-brand?post=5355"},{"taxonomy":"product_cat","embeddable":true,"href":"https:\/\/pawz.rs\/en\/wp-json\/wp\/v2\/product_cat?post=5355"},{"taxonomy":"product_tag","embeddable":true,"href":"https:\/\/pawz.rs\/en\/wp-json\/wp\/v2\/product_tag?post=5355"}],"curies":[{"name":"wp","href":"https:\/\/api.w.org\/{rel}","templated":true}]}}