{"id":5361,"date":"2023-03-12T10:12:18","date_gmt":"2023-03-12T09:12:18","guid":{"rendered":"https:\/\/pawz.rs\/?post_type=product&#038;p=5361"},"modified":"2023-03-22T11:43:51","modified_gmt":"2023-03-22T10:43:51","slug":"np-medium-adult-poultry-12kg","status":"publish","type":"product","link":"https:\/\/pawz.rs\/en\/np-medium-adult-poultry-12kg\/","title":{"rendered":"NP Medium Adult Poultry 12kg"},"content":{"rendered":"<p><strong>NP Medium Adult Poultry 12kg<\/strong><\/p>\n<div>Kompletna suva hrana namenjena ishrani odraslih pasa srednjih rasa koji u odraslom dobu imaju izme\u0111u 11kg i 25kg<\/div>\n<div>\n<ul>\n<li>Pru\u017ea Va\u0161em ljubimcu sve neophodne elemente kako bi imao jak imunitet i dovoljno energije u odraslom dobu<\/li>\n<li>Pa\u017eljivo izabrani sastojci osiguravaju odli\u010dan ukus hrane i fantasti\u010dnu svarljivost hrane \u0161to rezultira malom i \u010dvrstom stolicom<\/li>\n<li>Na\u0161 izbor nutritienata \u0161titi zdravlje hrskavice &#8211; za mnogo godina radosti i igre<\/li>\n<li>Sadr\u017ei minerale koji odr\u017eavaju zube i desni \u010distim i zdravim i pru\u017eaju optimalnu oralnu higijenu<\/li>\n<li>Pravilna koli\u010dina i balans esencijalnih masnih kiselina doprinose zdravlju ko\u017ee i bogatom sjajnom krznu<\/li>\n<\/ul>\n<div><strong>Benefiti:<\/strong><\/div>\n<ul>\n<li>Dinami\u010dki mikronizovani klinoptilolit aktivno stimuli\u0161e zdravlje gastro-intestinalnog trakta i apsorpciju nutritienata. Zarobljava toksine koje proizvode bakterije u digestivnom traktu i oja\u010dava prirodni imunitet organizma<\/li>\n<li>Formula bogata proteinima\u00a0 \u017eivotinjskog porekla u kombinaciji sa sastojcima iz mora i Omega 3 masnim kiselinama ,potpoma\u017eu zdravlje ko\u017ee i bogato gusto krzno<\/li>\n<li>Smanjuje rizik pojave alergije na gluten iz p\u0161enice<\/li>\n<li>Kompletna, ukusna hrana za pse napravljena od sastojaka najvi\u0161eg kvaliteta, a spremljena\u00a0 po posebnom receptu. Lako svarljiva i kao rezultat toga daje malu koli\u010dinu stolice<\/li>\n<li>Hrskave granule oboga\u0107ene kalcijumom poma\u017eu spre\u010davanje nastanka kamenca i odr\u017eavaju zube i desni zdravim<\/li>\n<\/ul>\n<div>\n<p><strong>Sastav<\/strong>: Proizvodi \u017eivinskog porekla, pirina\u010d, kukuruz , \u017eivinska mast, kukuruzni gluten, seme lana, gra\u0161ak, su\u0161ena jaja, pulpa \u0161e\u0107erne repice, dinami\u010dki mikronizovani klinoptilolit 1%, ekstrakt juke, sodium-heksa-meta-fosfat<\/p>\n<\/div>\n<div><strong>Dodaci po 1kg proizvoda:<\/strong>\u00a0<strong>Nutritivni dodaci:<\/strong>\u00a0vitamin A (3a672a) \u2013 18000 IU, vitamin D3 (3a671) \u2013 1500 IU, vitamin E (3a700) \u2013 530 mg, gvo\u017e\u0111e(II) sulfat monohidrat (3b103) \u201350 mg, kalcijum jod anhidrozis (3b202) \u2013 1,5 mg, bakar(II) sulfat pentahidrat(E4) \u2013 5 mg, mangansulfat monohidrat (3b503) \u2013 20 mg, cinksulfat monohidrat (3b605) \u2013 115 mg, natrijum selenit (E8) \u2013 0,1mg;\u00a0<strong>Tehnolo\u0161ki dodaci:<\/strong>\u00a0ekstrakt ruzmarina, ekstrakt tokoferola iz biljnih ulja (1b306(i)).<\/div>\n<div><strong><br \/>\nAnalytical composition:<\/strong> sirovi proteini 27%, sirova vlakna 2,1%, sirova ulja I masti 14%, sirovi pepeo 5,7%, kalcijum1,1%, fosfor 0,9%, kalijum 0,5%, natrijum 0,4%, Omega 3 masne kiseline 0,8%, Omega 6 masne kiseline 2 %Poslu\u017eiti hranu u suvom obliku uz dostupnu sve\u017eu vodu.<br \/>\nFor your pet&#039;s health, consult a veterinarian regularly.<\/p>\n<p>Store the product in a dry, dark and cool place.<\/p>\n<\/div>\n<div>Proizvo\u0111a\u010d: Akvatera LT (Nature&#8217;s Protection)<br \/>\nZemlja porekla: Litvanija (EU)<\/div>\n<\/div>\n\n    <div class=\"xs_social_share_widget xs_share_url after_content \t\tmain_content  wslu-style-1 wslu-share-box-shaped wslu-fill-colored wslu-none wslu-share-horizontal wslu-theme-font-no wslu-main_content\">\n\n\t\t\n        <ul>\n\t\t\t        <\/ul>\n    <\/div>","protected":false},"excerpt":{"rendered":"<div class=\"col-md-12 text-center\">\n<p>Nature&#8217;s Protection Medium Adult Poultry je kompletna suva hrana namenjena ishrani odraslih pasa srednjih rasa koji u odraslom dobu imaju izme\u0111u 11kg i 25kg<\/p>\n<\/div>","protected":false},"featured_media":5240,"comment_status":"open","ping_status":"closed","template":"","meta":{"_acf_changed":false,"_aa_vp_cena":"","_aa_online_cena":""},"pwb-brand":[312,314],"product_cat":[49,48,47],"product_tag":[],"class_list":{"0":"post-5361","1":"product","2":"type-product","3":"status-publish","4":"has-post-thumbnail","6":"pwb-brand-np-natures-protection","7":"pwb-brand-np-nature-s-protection-hrana-za-pse","8":"product_cat-granule-za-pse","9":"product_cat-hrana-za-pse","10":"product_cat-psi","12":"first","13":"instock","14":"taxable","15":"shipping-taxable","16":"purchasable","17":"product-type-simple"},"acf":[],"brands":[{"id":312,"name":"NP - Natures Protection","slug":"np-natures-protection"},{"id":314,"name":"NP \u2013 Natures Protection Dog Food","slug":"np-nature-s-protection-hrana-za-pse"}],"_links":{"self":[{"href":"https:\/\/pawz.rs\/en\/wp-json\/wp\/v2\/product\/5361","targetHints":{"allow":["GET"]}}],"collection":[{"href":"https:\/\/pawz.rs\/en\/wp-json\/wp\/v2\/product"}],"about":[{"href":"https:\/\/pawz.rs\/en\/wp-json\/wp\/v2\/types\/product"}],"replies":[{"embeddable":true,"href":"https:\/\/pawz.rs\/en\/wp-json\/wp\/v2\/comments?post=5361"}],"wp:featuredmedia":[{"embeddable":true,"href":"https:\/\/pawz.rs\/en\/wp-json\/wp\/v2\/media\/5240"}],"wp:attachment":[{"href":"https:\/\/pawz.rs\/en\/wp-json\/wp\/v2\/media?parent=5361"}],"wp:term":[{"taxonomy":"pwb-brand","embeddable":true,"href":"https:\/\/pawz.rs\/en\/wp-json\/wp\/v2\/pwb-brand?post=5361"},{"taxonomy":"product_cat","embeddable":true,"href":"https:\/\/pawz.rs\/en\/wp-json\/wp\/v2\/product_cat?post=5361"},{"taxonomy":"product_tag","embeddable":true,"href":"https:\/\/pawz.rs\/en\/wp-json\/wp\/v2\/product_tag?post=5361"}],"curies":[{"name":"wp","href":"https:\/\/api.w.org\/{rel}","templated":true}]}}