{"id":5362,"date":"2023-03-12T10:18:01","date_gmt":"2023-03-12T09:18:01","guid":{"rendered":"https:\/\/pawz.rs\/?post_type=product&#038;p=5362"},"modified":"2024-03-01T14:58:14","modified_gmt":"2024-03-01T13:58:14","slug":"np-maxi-junior-large-breed-2-18-monhts","status":"publish","type":"product","link":"https:\/\/pawz.rs\/en\/np-maxi-junior-large-breed-2-18-monhts\/","title":{"rendered":"NP Maxi Junior Large Breed 2-18 monhts 12 kg"},"content":{"rendered":"<p><strong>NP Maxi Junior Large Breed 2-18 monhts 12 kg<\/strong><\/p>\n<div>\n<div class=\"col-md-12 text-center\">\n<p>Kompletna suva hrana namenjena ishrani \u0161tenaca i juniora velikih rasa, starosti od 2-18 meseci, koji u odraslom dobu imaju preko 25 kg<\/p>\n<\/div>\n<\/div>\n<div>\n<div>\n<ul>\n<li>100% kompletna i izbalansirana hrana namenjena pravilnom razvoju skeletnog sistema i potpori pri procesu u\u010denja<\/li>\n<li>Hrana je oboga\u0107ena sastojcima prirodnog porekla najvi\u0161eg kvaliteta, kako bi se osigurala savr\u0161ena kondicija i optimalno zdravlje Va\u0161eg ljubimca<\/li>\n<li>Meso \u017eivinskog porekla najvi\u0161eg kvaliteta je glavni izvor proteina<\/li>\n<li>Pru\u017ea Va\u0161em ljubimcu sve neophodne sastojke za pravilan razvoj skeleta<\/li>\n<li>Stimuli\u0161e proces u\u010denja<\/li>\n<\/ul>\n<p><strong>Benefiti:<\/strong><\/p>\n<ul>\n<li>Dinami\u010dki mikronizovani klinoptilolit aktivno stimuli\u0161e zdravlje gastro-intestinalnog trakta i apsorpciju nutritienata. Zarobljava toksine koje proizvode bakterije u digestivnom traktu i oja\u010dava prirodni imunitet organizma<\/li>\n<li>Formula bogata proteinima \u017eivotinjskog porekla koji pru\u017eaju dovoljno energije za zdrav rast i razvoj \u0161tenaca<\/li>\n<li>Super premium hrana sa dodatkom glukozamina i hondroitina, odr\u017eava zglobove zdravim i pru\u017ea im dobru pokretljivost<\/li>\n<li>Esencijalne masne kiseline su neprocenjive kako bi se oja\u010dao prirodni imunitet organizma, odr\u017eao pravilan rad mo\u017edanog i kardio-vaskularnog sistema i smanjili upalni procesi<\/li>\n<\/ul>\n<p><strong>Sastav:<\/strong>\u00a0\u017eivinsko meso 42% ( su\u0161eno i fino mleveno ), pirina\u010d, kukuruz , \u017eivinska mast, kukuruzni gluten, pulpa \u0161e\u0107erne repice, seme lana, dinami\u010dki mikronizovani klinoptilolit 1%, derivati ribe, ekstrakt cikorije, pivski kvasac, ekstrakt juke, glukozamin ( 250 mg\/kg ), hondroitin-sulfat ( 100 mg\/kg )<\/p>\n<p><strong>Dodaci po 1kg proizvoda:<\/strong>\u00a0<strong>Nutritivni dodaci<\/strong>: vitamin A (3a672a) \u2013 22500 IU, vitamin D3 (3a671) \u2013 1875 IU, vitamin E (3a700) \u2013 663 mg, gvo\u017e\u0111e(II) sulfat monohidrat (3b103) \u201363 mg, kalcijum jod anhidrozis (3b202) \u2013 1,9 mg, bakar(II) sulfat pentahidrat (3b405) \u2013 6,55 mg, mangan sulfat monohidrat (3b503) \u2013 25 mg, cink sulfat monohidrat (3b605) \u2013 144 mg, natrijum selenit (3b801) \u2013 0,13\u00a0 mg, taurin (3a370) \u2013 125 mg\u00a0<strong>Tehnolo\u0161ki dodaci<\/strong>: ekstrakt ruzmarina, ekstrakt tokoferola iz biljnih ulja (1b306(i)).<\/p>\n<p><strong>Analytical composition:<\/strong> sirovi proteini 30%, sirova vlakna 1,8%, sirove masti 15%, sirovi pepeo 7%, kalcijum 1,2%, fosfor 09%, kalijum 0,6%, natrijum 0,35%, Omega 3 masne kiseline 0,44%, Omega 6 masne kiseline 2,95%<\/p>\n<p>Serve food in dry form with available fresh water.<br \/>\nFor your pet&#039;s health, consult a veterinarian regularly.<\/p>\n<p>Store the product in a dry, dark and cool place.<\/p>\n<p>Proizvo\u0111a\u010d: Akvatera LT (Nature&#8217;s Protection)<br \/>\nZemlja porekla: Litvanija (EU)<\/p>\n<\/div>\n<\/div>\n\n    <div class=\"xs_social_share_widget xs_share_url after_content \t\tmain_content  wslu-style-1 wslu-share-box-shaped wslu-fill-colored wslu-none wslu-share-horizontal wslu-theme-font-no wslu-main_content\">\n\n\t\t\n        <ul>\n\t\t\t        <\/ul>\n    <\/div>","protected":false},"excerpt":{"rendered":"<div class=\"col-md-12 text-center\">\n<div class=\"col-md-12 text-center\">\n<p>Nature&#8217;s Protection Maxi Junior Large Breed 2-18 monhts je kompletna suva hrana namenjena ishrani \u0161tenaca i juniora velikih rasa, starosti od 2-18 meseci, koji u odraslom dobu imaju preko 25 kg<\/p>\n<\/div>\n<\/div>","protected":false},"featured_media":5241,"comment_status":"open","ping_status":"closed","template":"","meta":{"_acf_changed":false},"pwb-brand":[312,314],"product_cat":[49,48,47],"product_tag":[],"class_list":{"0":"post-5362","1":"product","2":"type-product","3":"status-publish","4":"has-post-thumbnail","6":"pwb-brand-np-natures-protection","7":"pwb-brand-np-nature-s-protection-hrana-za-pse","8":"product_cat-granule-za-pse","9":"product_cat-hrana-za-pse","10":"product_cat-psi","12":"first","13":"instock","14":"taxable","15":"shipping-taxable","16":"purchasable","17":"product-type-simple"},"acf":[],"brands":[{"id":312,"name":"NP - Natures Protection","slug":"np-natures-protection"},{"id":314,"name":"NP \u2013 Natures Protection Dog Food","slug":"np-nature-s-protection-hrana-za-pse"}],"_links":{"self":[{"href":"https:\/\/pawz.rs\/en\/wp-json\/wp\/v2\/product\/5362","targetHints":{"allow":["GET"]}}],"collection":[{"href":"https:\/\/pawz.rs\/en\/wp-json\/wp\/v2\/product"}],"about":[{"href":"https:\/\/pawz.rs\/en\/wp-json\/wp\/v2\/types\/product"}],"replies":[{"embeddable":true,"href":"https:\/\/pawz.rs\/en\/wp-json\/wp\/v2\/comments?post=5362"}],"wp:featuredmedia":[{"embeddable":true,"href":"https:\/\/pawz.rs\/en\/wp-json\/wp\/v2\/media\/5241"}],"wp:attachment":[{"href":"https:\/\/pawz.rs\/en\/wp-json\/wp\/v2\/media?parent=5362"}],"wp:term":[{"taxonomy":"pwb-brand","embeddable":true,"href":"https:\/\/pawz.rs\/en\/wp-json\/wp\/v2\/pwb-brand?post=5362"},{"taxonomy":"product_cat","embeddable":true,"href":"https:\/\/pawz.rs\/en\/wp-json\/wp\/v2\/product_cat?post=5362"},{"taxonomy":"product_tag","embeddable":true,"href":"https:\/\/pawz.rs\/en\/wp-json\/wp\/v2\/product_tag?post=5362"}],"curies":[{"name":"wp","href":"https:\/\/api.w.org\/{rel}","templated":true}]}}