{"id":5363,"date":"2023-03-12T10:25:24","date_gmt":"2023-03-12T09:25:24","guid":{"rendered":"https:\/\/pawz.rs\/?post_type=product&#038;p=5363"},"modified":"2024-03-01T14:57:55","modified_gmt":"2024-03-01T13:57:55","slug":"np-senior-poultry-7-years-all-breeds","status":"publish","type":"product","link":"https:\/\/pawz.rs\/en\/np-senior-poultry-7-years-all-breeds\/","title":{"rendered":"NP Senior Poultry 7 Years+ All Breeds 12 kg"},"content":{"rendered":"<p><strong>NP Senior Poultry 7 Years and Older All Breeds 12 kg<\/strong><\/p>\n<div>\n<div class=\"col-md-12 text-center\">\n<p>Kompletna suva hrana namenjena ishrani pasa seniora svih rasa, starosti od 7 godina pa navi\u0161e<\/p>\n<\/div>\n<\/div>\n<div>\n<ul>\n<li>Posebno formulisana , 100% izbalansirana, hrana koja poma\u017ee da se odr\u017ei dobro zdravlje i op\u0161ta dobrobit za Va\u0161eg psa u njegovim zlatnim godinama<\/li>\n<li>Puna proteina \u017eivotinjskog porekla kako bi se o\u010duvalo mi\u0161i\u0107no tkivo<\/li>\n<li>Izvori ugljenih-hidrata su pa\u017eljivo odabrani uzimaju\u0107i u obzir opasnost od pojave dijabetesa kod pasa u starijem \u017eivotnom dobu<\/li>\n<li>Svi sastojci su odabrani i procesuirani na na\u010din da se smanji efekat starenja organa za varenje, lokomotornog Sistema i imunog sistema<\/li>\n<li>Posebno odabrani minerali u sastavu hrane poma\u017eu u o\u010duvanju \u010distih zuba i zdravih desni, doprinose\u0107i optimalnoj oralnoj higijeni i sve\u017eem dahu<\/li>\n<\/ul>\n<div><strong>Benefiti<\/strong>:<\/div>\n<ul>\n<li>Dinami\u010dki mikronizovani klinoptilolit aktivno stimuli\u0161e vitalnost gastro-intestinalnog trakta i apsorpciju nutritienata. Zarobljava toksine koje proizvode bakterije u digestivnom traktu i oja\u010dava prirodni imunitet organizma<\/li>\n<li>Hrskave granule oboga\u0107ene kalcijumom poma\u017eu spre\u010davanje nastanka kamenca i odr\u017eavaju zube i desni zdravim<\/li>\n<li>Smanjuje rizik pojave alergije na gluten iz p\u0161enice<\/li>\n<li>Vitamin E i ekstrakt ruzmarina poma\u017eu u za\u0161titi organizma od \u0161tetnog dejstva slobodnih radikala na potpuno prirodan na\u010din<\/li>\n<li>Super premium hrana sa dodatkom glukozamina i hondroitina odr\u017eava zglobove zdravim i pru\u017ea im dobru pokretljivost<\/li>\n<\/ul>\n<div><strong>Sastav<\/strong>: \u017eivinsko meso\u00a0 38% ( su\u0161eno i fino mleveno ),sirak, kukuruz ,\u017eivinska mast, kukuruzni gluten, je\u010dam, derivati ribe, pulpa \u0161e\u0107erne repice, gra\u0161ak, pivski kvasac, lososovo ulje, seme lana, su\u0161ena jaja, dinami\u010dki mikronizovani klinoptilolit 1%, natrijum-heksameta fosfat\u00a0 , ekstrakt juke, manan oligosaharidi ( MOS ),glukozamin ( 500 mg\/kg ), neven, hondroitin sulfat (200 mg\/kg )<\/div>\n<div><strong><br \/>\nDodaci po 1kg proizvoda:<\/strong>\u00a0<strong>Nutritivni dodaci<\/strong>: vitamin A (3a672a) \u2013 18000 IU, vitamin D3 (3a671) \u2013 1500 IU, vitamin E (3a700) \u2013 530 mg, gvo\u017e\u0111e(II) sulfat monohidrat (3b103) \u201350 mg, kalcijum jod anhidrozis (3b202) \u2013 1,5 mg, bakar(II) sulfat pentahidrat (3b405) \u20135 mg, mangan sulfat monohidrat (3b503) \u2013 20mg, cink sulfat monohidrat (3b605) \u2013 115 mg, natrijum selenit (3b801) \u2013 0,1mg,taurin (3a370) \u2013 250 mg, L-karnitin (3a910) \u2013 50 mg.\u00a0 ,<strong>Tehnolo\u0161ki dodaci:<\/strong>\u00a0ekstrakt ruzmarina, ekstrakt tokoferola iz biljnih ulja (1b306(i)).<\/div>\n<div><strong><br \/>\nAnalytical composition:<\/strong> sirovi proteini 29%, sirova vlakna 1,7%, sirove\u00a0 masti 14%, sirovi pepeo 6,1%, kalcijum 0,95%, fosfor 0,8%, kalijum 0,6%, natrijum 0,4%,Poslu\u017eiti hranu u suvom obliku uz dostupnu sve\u017eu vodu.<br \/>\nZbog zdravlja Va\u0161eg ljubimca redovno konsultujte veterinara.Proizvod \u010duvati na suvom, tamnom i hladnom mestu.Proizvo\u0111a\u010d: Akvatera LT (Nature&#8217;s Protection)<br \/>\nZemlja porekla: Litvanija (EU)<\/div>\n<\/div>\n\n    <div class=\"xs_social_share_widget xs_share_url after_content \t\tmain_content  wslu-style-1 wslu-share-box-shaped wslu-fill-colored wslu-none wslu-share-horizontal wslu-theme-font-no wslu-main_content\">\n\n\t\t\n        <ul>\n\t\t\t        <\/ul>\n    <\/div>","protected":false},"excerpt":{"rendered":"<div class=\"col-md-12 text-center\">\n<p>Nature&#8217;s Protection Senior Poultry 7 Years and Older All Breeds je kompletna suva hrana namenjena ishrani pasa seniora svih rasa, starosti od 7 godina pa navi\u0161e<\/p>\n<\/div>","protected":false},"featured_media":5232,"comment_status":"open","ping_status":"closed","template":"","meta":{"_acf_changed":false},"pwb-brand":[312,314],"product_cat":[49,48,47],"product_tag":[],"class_list":{"0":"post-5363","1":"product","2":"type-product","3":"status-publish","4":"has-post-thumbnail","6":"pwb-brand-np-natures-protection","7":"pwb-brand-np-nature-s-protection-hrana-za-pse","8":"product_cat-granule-za-pse","9":"product_cat-hrana-za-pse","10":"product_cat-psi","12":"first","13":"instock","14":"taxable","15":"shipping-taxable","16":"purchasable","17":"product-type-simple"},"acf":[],"brands":[{"id":312,"name":"NP - Natures Protection","slug":"np-natures-protection"},{"id":314,"name":"NP \u2013 Natures Protection Dog Food","slug":"np-nature-s-protection-hrana-za-pse"}],"_links":{"self":[{"href":"https:\/\/pawz.rs\/en\/wp-json\/wp\/v2\/product\/5363","targetHints":{"allow":["GET"]}}],"collection":[{"href":"https:\/\/pawz.rs\/en\/wp-json\/wp\/v2\/product"}],"about":[{"href":"https:\/\/pawz.rs\/en\/wp-json\/wp\/v2\/types\/product"}],"replies":[{"embeddable":true,"href":"https:\/\/pawz.rs\/en\/wp-json\/wp\/v2\/comments?post=5363"}],"wp:featuredmedia":[{"embeddable":true,"href":"https:\/\/pawz.rs\/en\/wp-json\/wp\/v2\/media\/5232"}],"wp:attachment":[{"href":"https:\/\/pawz.rs\/en\/wp-json\/wp\/v2\/media?parent=5363"}],"wp:term":[{"taxonomy":"pwb-brand","embeddable":true,"href":"https:\/\/pawz.rs\/en\/wp-json\/wp\/v2\/pwb-brand?post=5363"},{"taxonomy":"product_cat","embeddable":true,"href":"https:\/\/pawz.rs\/en\/wp-json\/wp\/v2\/product_cat?post=5363"},{"taxonomy":"product_tag","embeddable":true,"href":"https:\/\/pawz.rs\/en\/wp-json\/wp\/v2\/product_tag?post=5363"}],"curies":[{"name":"wp","href":"https:\/\/api.w.org\/{rel}","templated":true}]}}