{"id":5366,"date":"2023-03-12T10:43:07","date_gmt":"2023-03-12T09:43:07","guid":{"rendered":"https:\/\/pawz.rs\/?post_type=product&#038;p=5366"},"modified":"2024-02-13T18:10:16","modified_gmt":"2024-02-13T17:10:16","slug":"np-extra-salmon-all-breeds","status":"publish","type":"product","link":"https:\/\/pawz.rs\/en\/np-extra-salmon-all-breeds\/","title":{"rendered":"NP Extra Salmon All Breeds"},"content":{"rendered":"<p><strong>NP Extra Salmon All Breeds<\/strong><\/p>\n<div>\n<div>\n<div>\n<p>Kompletna suva hrana sa lososom, namenjena ishrani odraslih pasa svih rasa. Pogodna za ishranu pasa sa osetljivim digestivnim traktom<\/p>\n<\/div>\n<div>Losos kao glavni izvor proteina. Nutritivna vrednost lososa je neprocenjiva, a ova riba je bogata i mineralima. Va\u017eno je naglasiti da je ova hrana pripremljena isklju\u010divo od lososa bez dodatka drugih vrsta ribe. Bogata je Omega 3 masnim kiselinama koje su posebno va\u017ene za odr\u017eavanje zdravlja ko\u017ee i dlake pasa malih rasa<\/div>\n<ul>\n<li>Glavni izvor proteina je losos iz Norve\u0161ke<\/li>\n<li>Hrana je bogata Omega 3 masnim kiselinama koje odr\u017eavaju ko\u017eu i dlaku zdravom<\/li>\n<li>Puna probiotika \/ vlakana ( mana-oligosaharidi, \u0161e\u0107erna repica, ekstrakt juke i cikorije ), potpoma\u017ee varenje<\/li>\n<li>Sadr\u017ei cvet nevena koji ima anti-upalne osobine, te ova hrana poma\u017ee oja\u010davanju prirodnog imuno sistema pasa<\/li>\n<li>Sadr\u017ei L-karnitin koji poma\u017ee telu da lako sagoreva masti \u010dine\u0107i ovu hranu idealnom za pse sa prekomernom telesnom te\u017einom<\/li>\n<li>Idealna za ishranu probirljivih pasa, pasa sklonih alergijama i pasa sa osetljivim digestivnim traktom<\/li>\n<li>Bez ve\u0161ta\u010dkih boja, aroma i aditiva<\/li>\n<\/ul>\n<div><strong>Benefiti<\/strong>:<\/div>\n<ul>\n<li>Dinami\u010dki mikronizovani klinoptilolit aktivno stimuli\u0161e zdravlje gastro-intestinalnog trakta i apsorpciju nutritienata. Zarobljava toksine koje proizvode bakterije iz hrane u digestivnom traktu I oja\u010dava prirodni imunitet organizma<\/li>\n<li>Proteini \u017eivotinjskog porekla pa\u017eljivo balansirani sa sastojcima iz mora i Omega 3 masnim kiselinama, odr\u017eavaju ko\u017eu zdravom, a dlaku gustom i bujnom<\/li>\n<li>Smanjuje mogu\u0107nost pojave alergije izazvane glutenom iz p\u0161enice<\/li>\n<li>L- karnitin u hrani je va\u017ean za proizvodnju energije u organizmu i odr\u017eavanje optimalne funkcije jetre, srca, bubrega i imunog sistema<\/li>\n<li>Esencijalne masne kiseline su posebno va\u017ene kod oja\u010davanja prirodnog imuniteta organizma, odr\u017eavanja optimalne funkcije mozga i kardio-vaskularnog sistema kao u u smanjivanju upalnih procesa<\/li>\n<\/ul>\n<div><strong>Sastav:<\/strong>\u00a0losos 30% (su\u0161en i fino mleven ), pirina\u010d, kukuruz , kukuruzni gluten, mrvljeni pirina\u010d, kukuruzni obrok, \u017eivinska mast, je\u010dam,\u00a0 pulpa \u0161e\u0107erne repice, hidrolizovani \u017eivotinjski protein, dikalcijum fosfat, dinami\u010dki mikronizovani klinoptilolit 1%, seme lana, manan- oligosaharidi, ekstrakt cikorije ( izvor FOS-a ), ekstrakt juke, neven<\/div>\n<div><strong><br \/>\nAnalytical composition:<\/strong>\u00a0sirovi proteini 24%, sirova vlakna 2,5%, sirova ulja i masti 13%, sirovi pepeo 7%, kalcijum 1,2%, fosfor 1%, kalijum 0,5%, natrijum 0,4%,<\/div>\n<div><strong><br \/>\nDodaci po 1kg proizvoda:<\/strong>\u00a0<strong>Nutritivni dodaci:<\/strong>\u00a0vitamin A (3a672a) \u2013 18000 IU, vitamin D3 (3a671) \u2013 1500 IU, vitamin E (3a700) \u2013 530 mg, gvo\u017e\u0111e(II) sulfat monohidrat (3b103) \u2013 65 mg, kalcijum jod anhidrozis (3b202) \u2013 1,95 mg, bakar(II) sulfat pentahidrat (3b405) \u2013 6,5 mg, mangan sulfat monohidrat (3b503) \u2013 26 mg, cink sulfat monohidrat (3b605) \u2013 149,5 mg, natrijum selenit (3b801) \u2013 0,13\u00a0 mg, L-karnitin (3a910) \u2013 50 mg.\u00a0<strong>Tehnolo\u0161ki dodaci:<\/strong> ekstrakt ruzmarina, ekstrakt tokoferola iz biljnih ulja (1b306(i)).Poslu\u017eiti hranu u suvom obliku uz dostupnu sve\u017eu vodu.<br \/>\nFor your pet&#039;s health, consult a veterinarian regularly.<\/div>\n<div>Proizvod \u010duvati na suvom, tamnom i hladnom mestu.Proizvo\u0111a\u010d: Akvatera LT (Nature&#8217;s Protection)<br \/>\nZemlja porekla: Litvanija (EU)<\/div>\n<\/div>\n<\/div>\n\n    <div class=\"xs_social_share_widget xs_share_url after_content \t\tmain_content  wslu-style-1 wslu-share-box-shaped wslu-fill-colored wslu-none wslu-share-horizontal wslu-theme-font-no wslu-main_content\">\n\n\t\t\n        <ul>\n\t\t\t        <\/ul>\n    <\/div>","protected":false},"excerpt":{"rendered":"<div class=\"col-md-12 text-center\">\n<p>Nature&#8217;s Protection All Breeds Extra Salmon je kompletna suva hrana sa lososom, namenjena ishrani odraslih pasa svih rasa. Pogodna za ishranu pasa sa osetljivim digestivnim traktom<\/p>\n<\/div>","protected":false},"featured_media":5236,"comment_status":"open","ping_status":"closed","template":"","meta":{"_acf_changed":false},"pwb-brand":[312,314],"product_cat":[49,47,48],"product_tag":[],"class_list":{"0":"post-5366","1":"product","2":"type-product","3":"status-publish","4":"has-post-thumbnail","6":"pwb-brand-np-natures-protection","7":"pwb-brand-np-nature-s-protection-hrana-za-pse","8":"product_cat-granule-za-pse","9":"product_cat-psi","10":"product_cat-hrana-za-pse","12":"first","13":"instock","14":"taxable","15":"shipping-taxable","16":"purchasable","17":"product-type-variable","18":"has-default-attributes"},"acf":[],"brands":[{"id":312,"name":"NP - Natures Protection","slug":"np-natures-protection"},{"id":314,"name":"NP \u2013 Natures Protection Dog Food","slug":"np-nature-s-protection-hrana-za-pse"}],"_links":{"self":[{"href":"https:\/\/pawz.rs\/en\/wp-json\/wp\/v2\/product\/5366","targetHints":{"allow":["GET"]}}],"collection":[{"href":"https:\/\/pawz.rs\/en\/wp-json\/wp\/v2\/product"}],"about":[{"href":"https:\/\/pawz.rs\/en\/wp-json\/wp\/v2\/types\/product"}],"replies":[{"embeddable":true,"href":"https:\/\/pawz.rs\/en\/wp-json\/wp\/v2\/comments?post=5366"}],"wp:featuredmedia":[{"embeddable":true,"href":"https:\/\/pawz.rs\/en\/wp-json\/wp\/v2\/media\/5236"}],"wp:attachment":[{"href":"https:\/\/pawz.rs\/en\/wp-json\/wp\/v2\/media?parent=5366"}],"wp:term":[{"taxonomy":"pwb-brand","embeddable":true,"href":"https:\/\/pawz.rs\/en\/wp-json\/wp\/v2\/pwb-brand?post=5366"},{"taxonomy":"product_cat","embeddable":true,"href":"https:\/\/pawz.rs\/en\/wp-json\/wp\/v2\/product_cat?post=5366"},{"taxonomy":"product_tag","embeddable":true,"href":"https:\/\/pawz.rs\/en\/wp-json\/wp\/v2\/product_tag?post=5366"}],"curies":[{"name":"wp","href":"https:\/\/api.w.org\/{rel}","templated":true}]}}