{"id":54,"date":"2022-08-23T09:38:57","date_gmt":"2022-08-23T07:38:57","guid":{"rendered":"https:\/\/pawz.rs\/?post_type=product&#038;p=54"},"modified":"2023-08-24T12:26:51","modified_gmt":"2023-08-24T10:26:51","slug":"cibau-sensitive-jagnjetina-medium-maxi","status":"publish","type":"product","link":"https:\/\/pawz.rs\/en\/cibau-sensitive-jagnjetina-medium-maxi\/","title":{"rendered":"CIBAU Sensitive Jagnjetina Medium\/Maxi"},"content":{"rendered":"<p><strong>CIBAU Sensitive Jagnjetina Medium\/Maxi (Lamb)<\/strong><\/p>\n<p>Kompletna, izbalansirana hrana za odrasle pse sa digestivnim problemima i alergijama (namenjena svim rasama).<\/p>\n<p><strong>SASTAV<\/strong><br \/>\nDehidrirana jagnjetina (28%), pirina\u010d (28%), kukuruz (23%), pile\u0107a mast (5%), dehidrirana riba, suva pulpa cvekle (4%), jaja u prahu (4%), riblje ulje (2%), biljno ulje (1%), natrijum hlorid, suvi pivski kvasac (0,3%).<\/p>\n<p><strong>NUTRITIVNI SASTOJCI ADITIVI PO KG<\/strong><br \/>\nHranljivi dodaci: vitamin A 10000 IJ; vitamin D3 1000 IJ; vitamin E 100 mg; vitamin C 100 mg; nijacin 25 mg; pantotenska kiselina 10 mg; vitamin B2 5 mg; vitamin B6 4 mg; vitamin B1 3 mg; vitamin H 0,25 mg; folna kiselina 0,30 mg; vitamin B12 0,04 mg; holin hlorid 1500 mg; cink oksid 108 mg; cink sulfat monohidrat 120 mg; mangan sulfat monohidrat 150 mg; gvo\u017e\u0111e sulfat monohidrat 44 mg; gvo\u017e\u0111e karbonat 60 mg; bakar sulfat pentahidrat 50 mg; bezvodni kalcijum jodat 2,4 mg; natrijum selenit 0,22 mg; DL-metionin 1500 mg.<\/p>\n<p><strong>ANALITI\u010cKI SASTAV<\/strong><br \/>\nSirovi proteini 23%; sirove masti i ulja 10%; sirova vlakna 2%; sirovi pepeo 7%; kalcijum 1,2%; fosfor 0,9%.<\/p>\n<p><strong>ENERGETSKA VREDNOST<\/strong><br \/>\nEM Kcal\/Kg 3423 &#8211; Mj\/Kg 14,32<\/p>\n<p>Preporu\u010dene dnevne koli\u010dine prilagoditi vremenskim uslovima, nivou aktivnosti, starosti i fizi\u010dkoj kondiciji.<\/p>\n<p>Serve food in dry form with available fresh water.<br \/>\nFor your pet&#039;s health, consult a veterinarian regularly.<\/p>\n<p>Store the product in a dry, dark and cool place.<\/p>\n<p>Proizvo\u0111a\u010d: Farmina Pet Foods, In\u0111ija, Srbija<br \/>\nZemlja porekla: Srbija<\/p>\n\n    <div class=\"xs_social_share_widget xs_share_url after_content \t\tmain_content  wslu-style-1 wslu-share-box-shaped wslu-fill-colored wslu-none wslu-share-horizontal wslu-theme-font-no wslu-main_content\">\n\n\t\t\n        <ul>\n\t\t\t        <\/ul>\n    <\/div>","protected":false},"excerpt":{"rendered":"<p>CIBAU Sensitive Lamb Medium\/Maxi &#8211; Kompletna, izbalansirana hrana za odrasle pse sa digestivnim problemima i alergijama (namenjena svim rasama).<\/p>","protected":false},"featured_media":3460,"comment_status":"open","ping_status":"closed","template":"","meta":{"_acf_changed":false},"pwb-brand":[304],"product_cat":[47,48,49],"product_tag":[],"class_list":{"0":"post-54","1":"product","2":"type-product","3":"status-publish","4":"has-post-thumbnail","6":"pwb-brand-cibau-hrana-za-pse","7":"product_cat-psi","8":"product_cat-hrana-za-pse","9":"product_cat-granule-za-pse","11":"first","12":"instock","13":"taxable","14":"shipping-taxable","15":"purchasable","16":"product-type-variable","17":"has-default-attributes"},"acf":[],"brands":[{"id":304,"name":"Cibau","slug":"cibau-hrana-za-pse"}],"_links":{"self":[{"href":"https:\/\/pawz.rs\/en\/wp-json\/wp\/v2\/product\/54","targetHints":{"allow":["GET"]}}],"collection":[{"href":"https:\/\/pawz.rs\/en\/wp-json\/wp\/v2\/product"}],"about":[{"href":"https:\/\/pawz.rs\/en\/wp-json\/wp\/v2\/types\/product"}],"replies":[{"embeddable":true,"href":"https:\/\/pawz.rs\/en\/wp-json\/wp\/v2\/comments?post=54"}],"wp:featuredmedia":[{"embeddable":true,"href":"https:\/\/pawz.rs\/en\/wp-json\/wp\/v2\/media\/3460"}],"wp:attachment":[{"href":"https:\/\/pawz.rs\/en\/wp-json\/wp\/v2\/media?parent=54"}],"wp:term":[{"taxonomy":"pwb-brand","embeddable":true,"href":"https:\/\/pawz.rs\/en\/wp-json\/wp\/v2\/pwb-brand?post=54"},{"taxonomy":"product_cat","embeddable":true,"href":"https:\/\/pawz.rs\/en\/wp-json\/wp\/v2\/product_cat?post=54"},{"taxonomy":"product_tag","embeddable":true,"href":"https:\/\/pawz.rs\/en\/wp-json\/wp\/v2\/product_tag?post=54"}],"curies":[{"name":"wp","href":"https:\/\/api.w.org\/{rel}","templated":true}]}}