{"id":5431,"date":"2023-03-12T14:05:24","date_gmt":"2023-03-12T13:05:24","guid":{"rendered":"https:\/\/pawz.rs\/?post_type=product&#038;p=5431"},"modified":"2025-06-27T12:59:49","modified_gmt":"2025-06-27T10:59:49","slug":"purina-pro-plan-cat-junior-piletina","status":"publish","type":"product","link":"https:\/\/pawz.rs\/en\/purina-pro-plan-cat-junior-piletina\/","title":{"rendered":"Purina Pro Plan Cat Junior Piletina"},"content":{"rendered":"<p><strong>Purina Pro Plan Cat Junior Piletina<\/strong><\/p>\n<p>Ova formula je izbalansirana od strane eksperata za obezbe\u0111ivanje prave nutritivne podr\u0161ke Va\u0161em ma\u010detu u prvoj godini \u017eivota.<\/p>\n<p>Oboga\u0107ena proteinima za zdrav rast, ova hrana zadr\u017ei OPTISTART<sup>\u00ae<\/sup> formulu, me\u0161avinu sastojaka koja sadr\u017ei kolostrum &#8211; posebni hranljivi sastojak iz maj\u010dinog mleka koji je bogat antitelima i podr\u017eava sna\u017ean imuni sistem.<\/p>\n<p>SASTAV<br \/>\nPiletina (20%), su\u0161eni proteini \u017eivine, pirina\u010d, p\u0161eni\u010dni gluten, \u017eivotinjska mast, kukuruz, kukuruzno proteinsko bra\u0161no, proteini gra\u0161ka, kukuruzni skrob, su\u0161eno jaje, minerali, hidrolizat \u017eivotinjskog porekla, kvasci, riblje ulje, kolostrum (0,1%)<\/p>\n<p>Serve food in dry form with available fresh water.<br \/>\nFor your pet&#039;s health, consult a veterinarian regularly.<\/p>\n<p>Store the product in a dry, dark and cool place.<\/p>\n<p>Proizvo\u0111a\u010d: Nestle<br \/>\nZemlja porekla: Francuska (EU)<\/p>\n\n    <div class=\"xs_social_share_widget xs_share_url after_content \t\tmain_content  wslu-style-1 wslu-share-box-shaped wslu-fill-colored wslu-none wslu-share-horizontal wslu-theme-font-no wslu-main_content\">\n\n\t\t\n        <ul>\n\t\t\t        <\/ul>\n    <\/div>","protected":false},"excerpt":{"rendered":"<p>PRO PLAN Cat Kitten Chicken je kompletna hrana za ma\u010di\u0107e, sa piletinom<\/p>","protected":false},"featured_media":27467,"comment_status":"open","ping_status":"closed","template":"","meta":{"_acf_changed":false},"pwb-brand":[327,329],"product_cat":[149,23,21],"product_tag":[],"class_list":{"0":"post-5431","1":"product","2":"type-product","3":"status-publish","4":"has-post-thumbnail","6":"pwb-brand-purina","7":"pwb-brand-purina-hrana-za-macke","8":"product_cat-granule-za-macke","9":"product_cat-macke","10":"product_cat-hrana-za-macke","12":"first","13":"instock","14":"taxable","15":"shipping-taxable","16":"purchasable","17":"product-type-variable","18":"has-default-attributes"},"acf":[],"brands":[{"id":327,"name":"Purina","slug":"purina"},{"id":329,"name":"Purina Cat Food","slug":"purina-hrana-za-macke"}],"_links":{"self":[{"href":"https:\/\/pawz.rs\/en\/wp-json\/wp\/v2\/product\/5431","targetHints":{"allow":["GET"]}}],"collection":[{"href":"https:\/\/pawz.rs\/en\/wp-json\/wp\/v2\/product"}],"about":[{"href":"https:\/\/pawz.rs\/en\/wp-json\/wp\/v2\/types\/product"}],"replies":[{"embeddable":true,"href":"https:\/\/pawz.rs\/en\/wp-json\/wp\/v2\/comments?post=5431"}],"wp:featuredmedia":[{"embeddable":true,"href":"https:\/\/pawz.rs\/en\/wp-json\/wp\/v2\/media\/27467"}],"wp:attachment":[{"href":"https:\/\/pawz.rs\/en\/wp-json\/wp\/v2\/media?parent=5431"}],"wp:term":[{"taxonomy":"pwb-brand","embeddable":true,"href":"https:\/\/pawz.rs\/en\/wp-json\/wp\/v2\/pwb-brand?post=5431"},{"taxonomy":"product_cat","embeddable":true,"href":"https:\/\/pawz.rs\/en\/wp-json\/wp\/v2\/product_cat?post=5431"},{"taxonomy":"product_tag","embeddable":true,"href":"https:\/\/pawz.rs\/en\/wp-json\/wp\/v2\/product_tag?post=5431"}],"curies":[{"name":"wp","href":"https:\/\/api.w.org\/{rel}","templated":true}]}}