{"id":5435,"date":"2023-03-12T14:12:54","date_gmt":"2023-03-12T13:12:54","guid":{"rendered":"https:\/\/pawz.rs\/?post_type=product&#038;p=5435"},"modified":"2026-01-22T20:21:35","modified_gmt":"2026-01-22T19:21:35","slug":"purina-pro-plan-cat-adult-piletina","status":"publish","type":"product","link":"https:\/\/pawz.rs\/en\/purina-pro-plan-cat-adult-piletina\/","title":{"rendered":"Purina Pro Plan Cat Adult Piletina"},"content":{"rendered":"<p><strong>Purina Pro Plan \u00a0Cat Original Adult Piletina<br \/>\n<\/strong><\/p>\n<p>Ishrana sadr\u017ei sve hranjive nutrijente koji su va\u0161oj ma\u010dki potrebni za svakodnevnu vitalnost i dugoro\u010dno zdravlje. Sadr\u017ei OPTIRENAL<sup>\u00ae<\/sup>, za\u0161titnu hranjivu me\u0161avinu koja poma\u017ee u o\u010duvanju zdravih bubrega (urinary).<\/p>\n<p>Formula je stru\u010dno uravnote\u017eena kako bi podr\u017eala sveobuhvatno zdravlje va\u0161e ma\u010dke. Kombinuje esencijalne hranjive sastojke, uklju\u010duju\u0107i vitamine A, C i E za jak imunolo\u0161ki sastav i zdravu ko\u017eu i dlaku.<\/p>\n<p>Recept sadr\u017ei visoke koli\u010dine proteina u prahu koje podr\u017eavaju jake mi\u0161i\u0107e i zdravu telesnu te\u017einu, a hrskave granule dokazano \u0161tite zube od nakupljanja plaka i kamenca.<\/p>\n<p>SASTAV<br \/>\nPiletina (21%), dehidrirane belan\u010devine \u017eivine, p\u0161enica, ri\u017ea, kukuruzno glutensko bra\u0161no, p\u0161eni\u010dno glutensko bra\u0161no, \u017eivotinjska mast, kukuruz, su\u0161eno jaje, su\u0161eni koren cikorije, minerali, riblje ulje, hidrolizat mesa i prera\u0111evina \u017eivotinjskog porekla, kvasci.<\/p>\n<p>Serve food in dry form with available fresh water.<br \/>\nFor your pet&#039;s health, consult a veterinarian regularly.<\/p>\n<p>Store the product in a dry, dark and cool place.<\/p>\n<p>Proizvo\u0111a\u010d: Nestle<br \/>\nZemlja porekla: Francuska (EU)<\/p>\n\n    <div class=\"xs_social_share_widget xs_share_url after_content \t\tmain_content  wslu-style-1 wslu-share-box-shaped wslu-fill-colored wslu-none wslu-share-horizontal wslu-theme-font-no wslu-main_content\">\n\n\t\t\n        <ul>\n\t\t\t        <\/ul>\n    <\/div>","protected":false},"excerpt":{"rendered":"<p>PRO PLAN Cat Original Adult Chicken\u00a0za ma\u010dke sa formulom OPTIRENAL<sup>\u00ae<\/sup><\/p>","protected":false},"featured_media":27468,"comment_status":"open","ping_status":"closed","template":"","meta":{"_acf_changed":false},"pwb-brand":[327,329],"product_cat":[23,21,149],"product_tag":[],"class_list":{"0":"post-5435","1":"product","2":"type-product","3":"status-publish","4":"has-post-thumbnail","6":"pwb-brand-purina","7":"pwb-brand-purina-hrana-za-macke","8":"product_cat-macke","9":"product_cat-hrana-za-macke","10":"product_cat-granule-za-macke","12":"first","13":"instock","14":"taxable","15":"shipping-taxable","16":"purchasable","17":"product-type-variable","18":"has-default-attributes"},"acf":[],"brands":[{"id":327,"name":"Purina","slug":"purina"},{"id":329,"name":"Purina Cat Food","slug":"purina-hrana-za-macke"}],"_links":{"self":[{"href":"https:\/\/pawz.rs\/en\/wp-json\/wp\/v2\/product\/5435","targetHints":{"allow":["GET"]}}],"collection":[{"href":"https:\/\/pawz.rs\/en\/wp-json\/wp\/v2\/product"}],"about":[{"href":"https:\/\/pawz.rs\/en\/wp-json\/wp\/v2\/types\/product"}],"replies":[{"embeddable":true,"href":"https:\/\/pawz.rs\/en\/wp-json\/wp\/v2\/comments?post=5435"}],"wp:featuredmedia":[{"embeddable":true,"href":"https:\/\/pawz.rs\/en\/wp-json\/wp\/v2\/media\/27468"}],"wp:attachment":[{"href":"https:\/\/pawz.rs\/en\/wp-json\/wp\/v2\/media?parent=5435"}],"wp:term":[{"taxonomy":"pwb-brand","embeddable":true,"href":"https:\/\/pawz.rs\/en\/wp-json\/wp\/v2\/pwb-brand?post=5435"},{"taxonomy":"product_cat","embeddable":true,"href":"https:\/\/pawz.rs\/en\/wp-json\/wp\/v2\/product_cat?post=5435"},{"taxonomy":"product_tag","embeddable":true,"href":"https:\/\/pawz.rs\/en\/wp-json\/wp\/v2\/product_tag?post=5435"}],"curies":[{"name":"wp","href":"https:\/\/api.w.org\/{rel}","templated":true}]}}