{"id":5440,"date":"2023-03-12T14:15:52","date_gmt":"2023-03-12T13:15:52","guid":{"rendered":"https:\/\/pawz.rs\/?post_type=product&#038;p=5440"},"modified":"2025-06-27T12:56:55","modified_gmt":"2025-06-27T10:56:55","slug":"purina-pro-plan-cat-sterilised-renal-losos","status":"publish","type":"product","link":"https:\/\/pawz.rs\/en\/purina-pro-plan-cat-sterilised-renal-losos\/","title":{"rendered":"Purina Pro Plan Cat Sterilised Renal Losos"},"content":{"rendered":"<p><strong>Purina Pro Plan Cat Sterilised Renal Losos<\/strong><\/p>\n<p>Potpuna hrana za ku\u0107ne ljubimce, za sterilisirane odrasle ma\u010dke.<\/p>\n<p>Ishrana pru\u017ea sve hranjive nutrijente koji su va\u0161oj ma\u010dki potrebni za svakodnevnu vitalnost i dugoro\u010dno zdravlje. Sadr\u017ei formulu \u00a0OPTIRENAL<sup>\u00ae<\/sup>, za\u0161titnu hranjivu me\u0161avinu koja poma\u017ee u o\u010duvanju zdravih bubrega (urinary).<\/p>\n<p>Formula je stru\u010dno uravnote\u017eena kako bi pomogla sterilisanim ma\u010dkama da ostanu zdrave tokom odraslih godina.<\/p>\n<p>Nivoi\u00a0proteina, masti i ugljenih hidrata posebno su prilago\u0111eni\u00a0kako bi pomogli\u00a0u odr\u017eavanju idealne telesne te\u017eine kod sterilisanih ma\u010daka.<\/p>\n<p>Hrskava tekstura granula dokazano \u0161titi zube od nakupljanja plaka i kamenca.<\/p>\n<p>SASTAV<br \/>\nLosos (20%), dehidrirane belan\u010devine \u017eivine, ri\u017ea, kukuruzno glutensko bra\u0161no, kukuruz, p\u0161eni\u010dno glutensko bra\u0161no, p\u0161eni\u010dna vlakna, celuloza, su\u0161eno jaje, minerali, \u017eivotinjska mast, hidrolizat mesa i prera\u0111evina \u017eivotinjskog porekla, kvasci, riblje ulje.<\/p>\n<p>Serve food in dry form with available fresh water.<br \/>\nFor your pet&#039;s health, consult a veterinarian regularly.<\/p>\n<p>Store the product in a dry, dark and cool place.<\/p>\n<p>Proizvo\u0111a\u010d: Nestle<br \/>\nZemlja porekla: Francuska (EU)<\/p>\n\n    <div class=\"xs_social_share_widget xs_share_url after_content \t\tmain_content  wslu-style-1 wslu-share-box-shaped wslu-fill-colored wslu-none wslu-share-horizontal wslu-theme-font-no wslu-main_content\">\n\n\t\t\n        <ul>\n\t\t\t        <\/ul>\n    <\/div>","protected":false},"excerpt":{"rendered":"<p>PRO PLAN Cat Sterilised Salmon za ma\u010dke sa formulom OPTIRENAL<sup>\u00ae<\/sup><\/p>","protected":false},"featured_media":27469,"comment_status":"open","ping_status":"closed","template":"","meta":{"_acf_changed":false},"pwb-brand":[327,329],"product_cat":[149,23,21],"product_tag":[],"class_list":{"0":"post-5440","1":"product","2":"type-product","3":"status-publish","4":"has-post-thumbnail","6":"pwb-brand-purina","7":"pwb-brand-purina-hrana-za-macke","8":"product_cat-granule-za-macke","9":"product_cat-macke","10":"product_cat-hrana-za-macke","12":"first","13":"instock","14":"taxable","15":"shipping-taxable","16":"purchasable","17":"product-type-variable","18":"has-default-attributes"},"acf":[],"brands":[{"id":327,"name":"Purina","slug":"purina"},{"id":329,"name":"Purina Cat Food","slug":"purina-hrana-za-macke"}],"_links":{"self":[{"href":"https:\/\/pawz.rs\/en\/wp-json\/wp\/v2\/product\/5440","targetHints":{"allow":["GET"]}}],"collection":[{"href":"https:\/\/pawz.rs\/en\/wp-json\/wp\/v2\/product"}],"about":[{"href":"https:\/\/pawz.rs\/en\/wp-json\/wp\/v2\/types\/product"}],"replies":[{"embeddable":true,"href":"https:\/\/pawz.rs\/en\/wp-json\/wp\/v2\/comments?post=5440"}],"wp:featuredmedia":[{"embeddable":true,"href":"https:\/\/pawz.rs\/en\/wp-json\/wp\/v2\/media\/27469"}],"wp:attachment":[{"href":"https:\/\/pawz.rs\/en\/wp-json\/wp\/v2\/media?parent=5440"}],"wp:term":[{"taxonomy":"pwb-brand","embeddable":true,"href":"https:\/\/pawz.rs\/en\/wp-json\/wp\/v2\/pwb-brand?post=5440"},{"taxonomy":"product_cat","embeddable":true,"href":"https:\/\/pawz.rs\/en\/wp-json\/wp\/v2\/product_cat?post=5440"},{"taxonomy":"product_tag","embeddable":true,"href":"https:\/\/pawz.rs\/en\/wp-json\/wp\/v2\/product_tag?post=5440"}],"curies":[{"name":"wp","href":"https:\/\/api.w.org\/{rel}","templated":true}]}}