{"id":5452,"date":"2023-03-12T14:30:09","date_gmt":"2023-03-12T13:30:09","guid":{"rendered":"https:\/\/pawz.rs\/?post_type=product&#038;p=5452"},"modified":"2025-06-27T13:03:32","modified_gmt":"2025-06-27T11:03:32","slug":"purina-pro-plan-cat-delicate-curetina","status":"publish","type":"product","link":"https:\/\/pawz.rs\/en\/purina-pro-plan-cat-delicate-curetina\/","title":{"rendered":"Purina Pro Plan Cat Delicate \u0106uretina"},"content":{"rendered":"<p><strong>Purina Pro Plan Cat Delicate \u0106uretina<\/strong><\/p>\n<p>Ishrana sadr\u017ei sve hranjive nutrijente potrebne va\u0161oj ma\u010dki za svakodnevnu vitalnost i dugoro\u010dno zdravlje. Sadr\u017ei me\u0161avinu sastojaka \u00a0s formulom OPTIDIGEST<sup>\u00ae<\/sup>, koja dokazano pobolj\u0161ava zdravlje probave zahvaljuju\u0107i prirodnim prebioticima.<\/p>\n<p>Vrlo ukusan recept stvoren je kako bi zadovoljio \u010dak i naj\u017eivlje ma\u010dke.<\/p>\n<p>Formula izra\u0111ena od visokokvalitetnih sastojaka sadr\u017ei ograni\u010den broj izvora proteina koji poma\u017eu umanjenju rizika od intolerancije na hranu.<\/p>\n<p>SASTAV<br \/>\n\u0106uretina (18%), kukuruzno glutensko bra\u0161no, ri\u017ea, dehidrirane belan\u010devine \u0107uretine, koncentrat belan\u010devina gra\u0161ka, \u017eivotinjska mast, sojine belan\u010devine, kukuruzni skrob, su\u0161eno jaje, kukuruz, su\u0161eni koren cikorije (2%), minerali, riblje ulje, hidrolizat mesa i prera\u0111evina \u017eivotinjskog porekla, kvasci.<\/p>\n<p>Serve food in dry form with available fresh water.<br \/>\nFor your pet&#039;s health, consult a veterinarian regularly.<\/p>\n<p>Store the product in a dry, dark and cool place.<\/p>\n<p>Proizvo\u0111a\u010d: Nestle<br \/>\nZemlja porekla: Francuska (EU)<\/p>\n\n    <div class=\"xs_social_share_widget xs_share_url after_content \t\tmain_content  wslu-style-1 wslu-share-box-shaped wslu-fill-colored wslu-none wslu-share-horizontal wslu-theme-font-no wslu-main_content\">\n\n\t\t\n        <ul>\n\t\t\t        <\/ul>\n    <\/div>","protected":false},"excerpt":{"rendered":"<p>PRO PLAN Cat Delicate Turkey za ma\u010dke sa formulom OPTIDIGEST<sup>\u00ae<\/sup><\/p>","protected":false},"featured_media":27472,"comment_status":"open","ping_status":"closed","template":"","meta":{"_acf_changed":false},"pwb-brand":[327,329],"product_cat":[149,23,21],"product_tag":[],"class_list":{"0":"post-5452","1":"product","2":"type-product","3":"status-publish","4":"has-post-thumbnail","6":"pwb-brand-purina","7":"pwb-brand-purina-hrana-za-macke","8":"product_cat-granule-za-macke","9":"product_cat-macke","10":"product_cat-hrana-za-macke","12":"first","13":"instock","14":"taxable","15":"shipping-taxable","16":"purchasable","17":"product-type-variable","18":"has-default-attributes"},"acf":[],"brands":[{"id":327,"name":"Purina","slug":"purina"},{"id":329,"name":"Purina Cat Food","slug":"purina-hrana-za-macke"}],"_links":{"self":[{"href":"https:\/\/pawz.rs\/en\/wp-json\/wp\/v2\/product\/5452","targetHints":{"allow":["GET"]}}],"collection":[{"href":"https:\/\/pawz.rs\/en\/wp-json\/wp\/v2\/product"}],"about":[{"href":"https:\/\/pawz.rs\/en\/wp-json\/wp\/v2\/types\/product"}],"replies":[{"embeddable":true,"href":"https:\/\/pawz.rs\/en\/wp-json\/wp\/v2\/comments?post=5452"}],"wp:featuredmedia":[{"embeddable":true,"href":"https:\/\/pawz.rs\/en\/wp-json\/wp\/v2\/media\/27472"}],"wp:attachment":[{"href":"https:\/\/pawz.rs\/en\/wp-json\/wp\/v2\/media?parent=5452"}],"wp:term":[{"taxonomy":"pwb-brand","embeddable":true,"href":"https:\/\/pawz.rs\/en\/wp-json\/wp\/v2\/pwb-brand?post=5452"},{"taxonomy":"product_cat","embeddable":true,"href":"https:\/\/pawz.rs\/en\/wp-json\/wp\/v2\/product_cat?post=5452"},{"taxonomy":"product_tag","embeddable":true,"href":"https:\/\/pawz.rs\/en\/wp-json\/wp\/v2\/product_tag?post=5452"}],"curies":[{"name":"wp","href":"https:\/\/api.w.org\/{rel}","templated":true}]}}