{"id":5456,"date":"2023-03-12T14:38:57","date_gmt":"2023-03-12T13:38:57","guid":{"rendered":"https:\/\/pawz.rs\/?post_type=product&#038;p=5456"},"modified":"2025-06-27T13:01:02","modified_gmt":"2025-06-27T11:01:02","slug":"purina-pro-plan-cat-elegant-losos","status":"publish","type":"product","link":"https:\/\/pawz.rs\/en\/purina-pro-plan-cat-elegant-losos\/","title":{"rendered":"Purina Pro Plan Cat Elegant Losos"},"content":{"rendered":"<p><strong>Purina Pro Plan Cat Elegant Losos<\/strong><\/p>\n<p>Visokokvalitetna ishrana kombinuje sve bitne hranjive nutritijente, uklju\u010duju\u0107i vitamine B grupe, vitamin E i cink, kao i omega-3 i -6 masne kiseline i dijetalna vlakna.<\/p>\n<p>Mnoge ma\u010dke &#8211; posebno ma\u010dke s du\u017eom dlakom &#8211; mogu biti sklonije osetljivoj ko\u017ei kao i kuglama dlake. Kako bi im u tome pomogli, na\u0161i veterinari razvili su PURINA<sup>\u00ae<\/sup>\u00a0PRO PLAN<sup>\u00ae<\/sup>\u00a0ELEGANT za odrasle ma\u010dke 1+ godina starosti s formulom OPTIDERMA<sup>\u00ae<\/sup>.<\/p>\n<p>Ishrana uklju\u010duje formulu OPTIDERMA<sup>\u00ae<\/sup>, hranjivu me\u0161avinu koja dokazano poma\u017ee o\u010duvanju zdrave ko\u017ee i lepu dlaku.<\/p>\n<p>SASTAV<br \/>\nLosos (15%), p\u0161enica, kukuruzno glutensko bra\u0161no, p\u0161eni\u010dno glutensko bra\u0161no, su\u0161ene belan\u010devine lososa, \u017eivotinjska mast, kukuruzno zrno, celuloza, kukuruz, su\u0161eni repini rezanci, su\u0161eno jaje, minerali, su\u0161eni koren cikorije (2%), hidrolizat mesa i prera\u0111evina \u017eivotinjskog porekla, kvasci.<\/p>\n<p>Serve food in dry form with available fresh water.<br \/>\nFor your pet&#039;s health, consult a veterinarian regularly.<\/p>\n<p>Store the product in a dry, dark and cool place.<\/p>\n<p>Proizvo\u0111a\u010d: Nestle<br \/>\nZemlja porekla: Francuska (EU)<\/p>\n\n    <div class=\"xs_social_share_widget xs_share_url after_content \t\tmain_content  wslu-style-1 wslu-share-box-shaped wslu-fill-colored wslu-none wslu-share-horizontal wslu-theme-font-no wslu-main_content\">\n\n\t\t\n        <ul>\n\t\t\t        <\/ul>\n    <\/div>","protected":false},"excerpt":{"rendered":"<p>PRO PLAN Cat Elegant Salmon za osetljive ma\u010dke sa formulom OPTIDERMA<sup>\u00ae<\/sup><\/p>","protected":false},"featured_media":27473,"comment_status":"open","ping_status":"closed","template":"","meta":{"_acf_changed":false},"pwb-brand":[327,329],"product_cat":[149,23,21],"product_tag":[],"class_list":{"0":"post-5456","1":"product","2":"type-product","3":"status-publish","4":"has-post-thumbnail","6":"pwb-brand-purina","7":"pwb-brand-purina-hrana-za-macke","8":"product_cat-granule-za-macke","9":"product_cat-macke","10":"product_cat-hrana-za-macke","12":"first","13":"instock","14":"taxable","15":"shipping-taxable","16":"purchasable","17":"product-type-variable","18":"has-default-attributes"},"acf":[],"brands":[{"id":327,"name":"Purina","slug":"purina"},{"id":329,"name":"Purina Cat Food","slug":"purina-hrana-za-macke"}],"_links":{"self":[{"href":"https:\/\/pawz.rs\/en\/wp-json\/wp\/v2\/product\/5456","targetHints":{"allow":["GET"]}}],"collection":[{"href":"https:\/\/pawz.rs\/en\/wp-json\/wp\/v2\/product"}],"about":[{"href":"https:\/\/pawz.rs\/en\/wp-json\/wp\/v2\/types\/product"}],"replies":[{"embeddable":true,"href":"https:\/\/pawz.rs\/en\/wp-json\/wp\/v2\/comments?post=5456"}],"wp:featuredmedia":[{"embeddable":true,"href":"https:\/\/pawz.rs\/en\/wp-json\/wp\/v2\/media\/27473"}],"wp:attachment":[{"href":"https:\/\/pawz.rs\/en\/wp-json\/wp\/v2\/media?parent=5456"}],"wp:term":[{"taxonomy":"pwb-brand","embeddable":true,"href":"https:\/\/pawz.rs\/en\/wp-json\/wp\/v2\/pwb-brand?post=5456"},{"taxonomy":"product_cat","embeddable":true,"href":"https:\/\/pawz.rs\/en\/wp-json\/wp\/v2\/product_cat?post=5456"},{"taxonomy":"product_tag","embeddable":true,"href":"https:\/\/pawz.rs\/en\/wp-json\/wp\/v2\/product_tag?post=5456"}],"curies":[{"name":"wp","href":"https:\/\/api.w.org\/{rel}","templated":true}]}}