{"id":5559,"date":"2023-03-13T19:36:56","date_gmt":"2023-03-13T18:36:56","guid":{"rendered":"https:\/\/pawz.rs\/?post_type=product&#038;p=5559"},"modified":"2026-02-07T19:29:31","modified_gmt":"2026-02-07T18:29:31","slug":"np-long-hair-poultry-adult","status":"publish","type":"product","link":"https:\/\/pawz.rs\/en\/np-long-hair-poultry-adult\/","title":{"rendered":"NP Long Hair Poultry Adult"},"content":{"rendered":"<div id=\"model-response-message-contentr_bb7de7436723487f\" class=\"markdown markdown-main-panel stronger enable-updated-hr-color\" dir=\"ltr\" aria-live=\"polite\" aria-busy=\"false\">\n<h2 data-path-to-node=\"0\">Nature&#8217;s Protection Long Hair \/ Poultry Adult: Rasko\u0161no krzno i optimalno varenje<\/h2>\n<p data-path-to-node=\"1\"><b data-path-to-node=\"1\" data-index-in-node=\"0\">Nature&#8217;s Protection (NP) Long Hair \/ Poultry Adult<\/b> je kompletna, 100% prirodna suva hrana namenjena svakodnevnoj ishrani odraslih ma\u010daka dugodlakih rasa (poput Persijskih, Himalajskih ili Angora ma\u010daka) starijih od godinu dana. Zbog specifi\u010dnosti njihovog krzna, ove ma\u010dke zahtevaju posebnu nutritivnu podr\u0161ku kako bi dlaka ostala gusta i sjajna, a digestivni trakt za\u0161ti\u0107en od nakupljanja loptica dlake.<\/p>\n<p data-path-to-node=\"2\">Poseban oblik i veli\u010dina granula su specifi\u010dno prilago\u0111eni zubalu ma\u010daka sa kra\u0107om nju\u0161kom (brahicefali\u010dne rase), omogu\u0107avaju\u0107i im lak\u0161e uzimanje i \u017evakanje hrane.<\/p>\n<h3 data-path-to-node=\"3\">Klju\u010dni benefiti za dugodlake ma\u010dke:<\/h3>\n<ul>\n<li data-path-to-node=\"4,0,0\"><b data-path-to-node=\"4,0,0\" data-index-in-node=\"0\">Ekspertska nega dlake (Ulje no\u0107urka):<\/b> Sadr\u017ei ulje no\u0107urka koje je bogat izvor gama-linoleni\u010dne kiseline, neophodne za odr\u017eavanje zdravlja, elasti\u010dnosti i sjaja duge i bujne dlake.<\/li>\n<li data-path-to-node=\"4,1,0\"><b data-path-to-node=\"4,1,0\" data-index-in-node=\"0\">Anti-Hairball sistem:<\/b> Visoko svarljiva formula sa dodatkom specifi\u010dnih vlakana i celuloze poma\u017ee u ne\u017enom sakupljanju progutane dlake i njenom prirodnom izbacivanju kroz digestivni trakt.<\/li>\n<li data-path-to-node=\"4,2,0\"><b data-path-to-node=\"4,2,0\" data-index-in-node=\"0\">Proteini morskog i \u017eivinskog porekla:<\/b> Pa\u017eljivo izbalansiran miks mesa \u017eivine i morskih sastojaka pru\u017ea optimalnu koli\u010dinu esencijalnih masnih kiselina za gustu i mekanu dlaku.<\/li>\n<li data-path-to-node=\"4,3,0\"><b data-path-to-node=\"4,3,0\" data-index-in-node=\"0\">MikroZeoGen detoksikacija:<\/b> Dinami\u010dki mikronizovani klinoptilolit (1%) aktivno stimuli\u0161e zdravlje creva, zarobljava toksine i poma\u017ee bolju apsorpciju nutritienata, uz podr\u0161ku pokretljivosti zglobova.<\/li>\n<li data-path-to-node=\"4,4,0\"><b data-path-to-node=\"4,4,0\" data-index-in-node=\"0\">Maksimalna svarljivost:<\/b> Sastojci najvi\u0161eg kvaliteta procesuirani su tako da se lako vare, \u0161to rezultira \u010dvrstom i koli\u010dinski malom stolicom.<\/li>\n<li data-path-to-node=\"4,5,0\"><b data-path-to-node=\"4,5,0\" data-index-in-node=\"0\">Zdravlje ko\u017ee:<\/b> Visok udeo Omega-3 (0,38%) i izuzetno visok udeo Omega-6 masnih kiselina (6,38%) dubinski hrane ko\u017eu i spre\u010davaju njeno isu\u0161ivanje i iritacije.<\/li>\n<\/ul>\n<h3 data-path-to-node=\"5\">Analytical composition:<\/h3>\n<ul>\n<li data-path-to-node=\"6,0,0\"><b data-path-to-node=\"6,0,0\" data-index-in-node=\"0\">Sirovi proteini \u2013 30%:<\/b> Za odr\u017eavanje mi\u0161i\u0107nog tonusa i regeneraciju dlake.<\/li>\n<li data-path-to-node=\"6,1,0\"><b data-path-to-node=\"6,1,0\" data-index-in-node=\"0\">Sirova ulja i masti \u2013 20%:<\/b> Pru\u017eaju energiju i neophodne kiseline za sjajno krzno.<\/li>\n<li data-path-to-node=\"6,2,0\"><b data-path-to-node=\"6,2,0\" data-index-in-node=\"0\">Sirova vlakna \u2013 4,1%:<\/b> Klju\u010dna za kontrolu kuglica dlake.<\/li>\n<li data-path-to-node=\"6,3,0\"><b data-path-to-node=\"6,3,0\" data-index-in-node=\"0\">Sirovi pepeo \u2013 6,2%:<\/b> Balans minerala za op\u0161te zdravlje.<\/li>\n<li data-path-to-node=\"6,4,0\"><b data-path-to-node=\"6,4,0\" data-index-in-node=\"0\">Minerali:<\/b> Kalcijum (1,1%), Fosfor (0,9%), Kalijum (0,7%), Natrijum (0,5%).<\/li>\n<\/ul>\n<h3 data-path-to-node=\"7\">Sastav proizvoda:<\/h3>\n<ul>\n<li data-path-to-node=\"8,0,0\"><b data-path-to-node=\"8,0,0\" data-index-in-node=\"0\">Glavni sastojci:<\/b> \u017divinsko meso, pirina\u010d, kukuruz, kukuruzni gluten, \u017eivotinjska mast.<\/li>\n<li data-path-to-node=\"8,1,0\"><b data-path-to-node=\"8,1,0\" data-index-in-node=\"0\">Funkcionalni dodaci:<\/b> Celuloza, MikroZeoGen (1%), ulje no\u0107urka, suncokretovo ulje, derivati ribe, pivski kvasac.<\/li>\n<li data-path-to-node=\"8,2,0\"><b data-path-to-node=\"8,2,0\" data-index-in-node=\"0\">Podr\u0161ka organizmu:<\/b> Hidrolizovana d\u017eigerica, pulpa \u0161e\u0107erne repice, manan-oligosaharidi (MOS), ekstrakt juke, ekstrakt cikorije, su\u0161eni neven.<\/li>\n<li data-path-to-node=\"8,3,0\"><b data-path-to-node=\"8,3,0\" data-index-in-node=\"0\">Nutritivni dodaci (po kg):<\/b> Vitamin A (25.000 IU), Vitamin D3 (1.875 IU), Vitamin E (688 mg), taurin (1.250 mg), L-karnitin (100 mg), cink, gvo\u017e\u0111e, bakar, mangan.<\/li>\n<\/ul>\n<h3 data-path-to-node=\"9\">Saveti za hranjenje i \u010duvanje:<\/h3>\n<ul>\n<li data-path-to-node=\"10,0,0\"><b data-path-to-node=\"10,0,0\" data-index-in-node=\"0\">Serviranje:<\/b> Hranu poslu\u017eiti u suvom obliku. Zbog specifi\u010dnog oblika granula, idealna je za rase koje te\u017ee hvataju hranu (npr. Persijske ma\u010dke).<\/li>\n<li data-path-to-node=\"10,1,0\"><b data-path-to-node=\"10,1,0\" data-index-in-node=\"0\">Sve\u017ea voda:<\/b> \u010cista i sve\u017ea voda mora uvek biti dostupna va\u0161oj ma\u010dki u dovoljnim koli\u010dinama.<\/li>\n<li data-path-to-node=\"10,2,0\"><b data-path-to-node=\"10,2,0\" data-index-in-node=\"0\">\u010cuvanje:<\/b> Proizvod \u010duvati na suvom, tamnom i hladnom mestu u originalno zatvorenom pakovanju.<\/li>\n<li data-path-to-node=\"10,3,0\"><b data-path-to-node=\"10,3,0\" data-index-in-node=\"0\">Napomena:<\/b> Redovno \u010detkanje uz ovu ishranu pru\u017ei\u0107e najbolje rezultate u spre\u010davanju mr\u0161enja dlake i stvaranja \u010dvorova.<\/li>\n<\/ul>\n<p data-path-to-node=\"11\"><b data-path-to-node=\"11\" data-index-in-node=\"0\">Pawz.rs savet:<\/b><\/p>\n<p data-path-to-node=\"11\"><b data-path-to-node=\"11\" data-index-in-node=\"15\">Nature&#8217;s Protection Long Hair<\/b> na <b data-path-to-node=\"11\" data-index-in-node=\"48\">Pawz.rs<\/b> je omiljen izbor vlasnika Persijskih ma\u010daka. Pored toga \u0161to ulje no\u0107urka \u010dini \u010duda za sjaj dlake, klju\u010dna prednost je oblik granule. Mnoge dugodlake ma\u010dke imaju specifi\u010dnu vilicu i nju\u0161ku, a ove granule su dizajnirane tako da ih one lako podignu sa \u010dinije. Ako se va\u0161a ma\u010dka bori sa povra\u0107anjem dlaka, ova formula \u0107e taj problem svesti na minimum zahvaljuju\u0107i visokom procentu vlakana.<\/p>\n<p data-path-to-node=\"12\">Proizvo\u0111a\u010d: Akvatera LT (Nature&#8217;s Protection)<br \/>\nZemlja porekla: Litvanija (EU)<\/p>\n<\/div>\n\n    <div class=\"xs_social_share_widget xs_share_url after_content \t\tmain_content  wslu-style-1 wslu-share-box-shaped wslu-fill-colored wslu-none wslu-share-horizontal wslu-theme-font-no wslu-main_content\">\n\n\t\t\n        <ul>\n\t\t\t        <\/ul>\n    <\/div>","protected":false},"excerpt":{"rendered":"<p>Nature&#8217;s Protection Long Hair Poultry je kompletna suva hrana namenjena svakodnevnoj ishrani odraslih ma\u010daka dugodlakih rasa<\/p>","protected":false},"featured_media":5376,"comment_status":"open","ping_status":"closed","template":"","meta":{"_acf_changed":false},"pwb-brand":[312,313],"product_cat":[149,23,21],"product_tag":[],"class_list":{"0":"post-5559","1":"product","2":"type-product","3":"status-publish","4":"has-post-thumbnail","6":"pwb-brand-np-natures-protection","7":"pwb-brand-np-nature-s-protection-hrana-za-macke","8":"product_cat-granule-za-macke","9":"product_cat-macke","10":"product_cat-hrana-za-macke","12":"first","13":"instock","14":"taxable","15":"shipping-taxable","16":"purchasable","17":"product-type-variable","18":"has-default-attributes"},"acf":[],"brands":[{"id":312,"name":"NP - Natures Protection","slug":"np-natures-protection"},{"id":313,"name":"NP \u2013 Natures Protection Cat Food","slug":"np-nature-s-protection-hrana-za-macke"}],"_links":{"self":[{"href":"https:\/\/pawz.rs\/en\/wp-json\/wp\/v2\/product\/5559","targetHints":{"allow":["GET"]}}],"collection":[{"href":"https:\/\/pawz.rs\/en\/wp-json\/wp\/v2\/product"}],"about":[{"href":"https:\/\/pawz.rs\/en\/wp-json\/wp\/v2\/types\/product"}],"replies":[{"embeddable":true,"href":"https:\/\/pawz.rs\/en\/wp-json\/wp\/v2\/comments?post=5559"}],"wp:featuredmedia":[{"embeddable":true,"href":"https:\/\/pawz.rs\/en\/wp-json\/wp\/v2\/media\/5376"}],"wp:attachment":[{"href":"https:\/\/pawz.rs\/en\/wp-json\/wp\/v2\/media?parent=5559"}],"wp:term":[{"taxonomy":"pwb-brand","embeddable":true,"href":"https:\/\/pawz.rs\/en\/wp-json\/wp\/v2\/pwb-brand?post=5559"},{"taxonomy":"product_cat","embeddable":true,"href":"https:\/\/pawz.rs\/en\/wp-json\/wp\/v2\/product_cat?post=5559"},{"taxonomy":"product_tag","embeddable":true,"href":"https:\/\/pawz.rs\/en\/wp-json\/wp\/v2\/product_tag?post=5559"}],"curies":[{"name":"wp","href":"https:\/\/api.w.org\/{rel}","templated":true}]}}