{"id":6421,"date":"2023-03-15T15:03:51","date_gmt":"2023-03-15T14:03:51","guid":{"rendered":"https:\/\/pawz.rs\/?post_type=product&#038;p=6421"},"modified":"2025-12-08T08:54:51","modified_gmt":"2025-12-08T07:54:51","slug":"platinum-puppy-chicken","status":"publish","type":"product","link":"https:\/\/pawz.rs\/en\/platinum-puppy-chicken\/","title":{"rendered":"Platinum Puppy Chicken"},"content":{"rendered":"<p><strong>Platinum Puppy Chicken<\/strong><\/p>\n<p>Kompletna so\u010dna suva hrana sa piletinom namenjena ishrani \u0161tenaca i juniora starosti od 2 do 12 meseci.<\/p>\n<p>\u0160tenad i mladi psi imaju posebne zahteve i potrebe kada je u pitanju ishrana. Sa svojim prirodnim, zdravim sastavom i lako\u0107om kojom se vari PLATINUM kompletna hrana za \u0161tenad osigurava da se \u0161tenad od samog po\u010detka \u017eivota razvijaju zdrava i jaka. Ne sadr\u017ei dodatke koji \u0161tete i napre\u017eu organizam.<\/p>\n<p>Preporu\u010dena od strane mnogih odgajiva\u010da.<\/p>\n<p>PLATINUM puppy chicken sadr\u017ei samo visokokvalitetne sastojke pogodne i za ljudsku ishranu:<\/p>\n<ul>\n<li>Minimum 73% velikih sve\u017eih komada pile\u0107eg mesa<\/li>\n<li>Pirina\u010d kao izvor visokokvalitetnih ugljenih hidrata<\/li>\n<li>Hladna ce\u0111ena ulja (maslinovo, laneno&#8230;) koje pru\u017eaju optimalan balans masno\u0107e<\/li>\n<li>Vitamin K1<\/li>\n<\/ul>\n<p><strong>Ishrana Puppy Chicken-om<\/strong><\/p>\n<p>PLATINUM Puppy chicken je hrana visokog kvaliteta. Pri hranjenju psa uzmite u obzir slede\u0107e savete:<\/p>\n<ul>\n<li>Hranu servirajte suvu i\/ili sa malim dodatkom vode<\/li>\n<li>Ne ostavljajte hranu da se natopi vodom &#8211; odmah je servirajte psu<\/li>\n<li>Neka sve\u017ea pitka voda uvek bude dostupna psu<\/li>\n<li>Pri prelasku na ishranu Va\u0161eg psa PLATINUM hranom molimo vas da psu u po\u010detku dajete manju preporu\u010denu dozu iz tabele<\/li>\n<li>Samo ukoliko je zaista neophodno dajte ve\u0107u koli\u010dinu hrane<\/li>\n<\/ul>\n<p><strong>Sastav:\u00a0<\/strong>Sve\u017ee pile\u0107e meso (73), mleveni pirina\u010d, su\u0161ena riba, pile\u0107a masno\u0107a, hidrolizovana \u017eivina, \u00a0lososovo ulje, su\u0161ena pulpa cvekle, su\u0161eni pivski kvasac, hladno ce\u0111eno ulje lana, hladno ce\u0111no ulje maslina, \u00a0kalijum hlorid (kalijumova so).<\/p>\n<p><strong>Analytical composition:\u00a0<\/strong>sirovi protein 27.0%,\u00a0sirove masti 16.0%,\u00a0sirovi pepeo 6.9%,\u00a0sirova vlakna 2.0%,\u00a0kalcijum 1.5%,\u00a0fosfor 1.0%,\u00a0vlaga (prirodna) 18.0%<\/p>\n<p>For your pet&#039;s health, consult a veterinarian regularly.<\/p>\n<p>Store the product in a dry, dark and cool place.<\/p>\n<p>Proizvo\u0111a\u010d: PLATINUM GmbH &amp; Co<br \/>\nCountry of origin: Germany<\/p>\n\n    <div class=\"xs_social_share_widget xs_share_url after_content \t\tmain_content  wslu-style-1 wslu-share-box-shaped wslu-fill-colored wslu-none wslu-share-horizontal wslu-theme-font-no wslu-main_content\">\n\n\t\t\n        <ul>\n\t\t\t        <\/ul>\n    <\/div>","protected":false},"excerpt":{"rendered":"<p>Platinum Puppy Chicken je kompletna so\u010dna suva hrana sa piletinom namenjena ishrani \u0161tenaca i juniora starosti od 2 do 12 meseci<\/p>","protected":false},"featured_media":25249,"comment_status":"open","ping_status":"closed","template":"","meta":{"_acf_changed":false,"_aa_vp_cena":"","_aa_online_cena":""},"pwb-brand":[321,323],"product_cat":[49,48,47],"product_tag":[208],"class_list":{"0":"post-6421","1":"product","2":"type-product","3":"status-publish","4":"has-post-thumbnail","6":"pwb-brand-platinum","7":"pwb-brand-platinum-hrana-za-pse","8":"product_cat-granule-za-pse","9":"product_cat-hrana-za-pse","10":"product_cat-psi","11":"product_tag-bez-zitarica","13":"first","14":"instock","15":"taxable","16":"shipping-taxable","17":"purchasable","18":"product-type-variable","19":"has-default-attributes"},"acf":[],"brands":[{"id":321,"name":"Platinum","slug":"platinum"},{"id":323,"name":"Platinum Dog Food","slug":"platinum-hrana-za-pse"}],"_links":{"self":[{"href":"https:\/\/pawz.rs\/en\/wp-json\/wp\/v2\/product\/6421","targetHints":{"allow":["GET"]}}],"collection":[{"href":"https:\/\/pawz.rs\/en\/wp-json\/wp\/v2\/product"}],"about":[{"href":"https:\/\/pawz.rs\/en\/wp-json\/wp\/v2\/types\/product"}],"replies":[{"embeddable":true,"href":"https:\/\/pawz.rs\/en\/wp-json\/wp\/v2\/comments?post=6421"}],"wp:featuredmedia":[{"embeddable":true,"href":"https:\/\/pawz.rs\/en\/wp-json\/wp\/v2\/media\/25249"}],"wp:attachment":[{"href":"https:\/\/pawz.rs\/en\/wp-json\/wp\/v2\/media?parent=6421"}],"wp:term":[{"taxonomy":"pwb-brand","embeddable":true,"href":"https:\/\/pawz.rs\/en\/wp-json\/wp\/v2\/pwb-brand?post=6421"},{"taxonomy":"product_cat","embeddable":true,"href":"https:\/\/pawz.rs\/en\/wp-json\/wp\/v2\/product_cat?post=6421"},{"taxonomy":"product_tag","embeddable":true,"href":"https:\/\/pawz.rs\/en\/wp-json\/wp\/v2\/product_tag?post=6421"}],"curies":[{"name":"wp","href":"https:\/\/api.w.org\/{rel}","templated":true}]}}