{"id":6424,"date":"2023-03-15T15:10:27","date_gmt":"2023-03-15T14:10:27","guid":{"rendered":"https:\/\/pawz.rs\/?post_type=product&#038;p=6424"},"modified":"2025-12-08T08:54:50","modified_gmt":"2025-12-08T07:54:50","slug":"platinum-lamb-rice","status":"publish","type":"product","link":"https:\/\/pawz.rs\/en\/platinum-lamb-rice\/","title":{"rendered":"Platinum Lamb\/Rice"},"content":{"rendered":"<p><strong>Platinum Lamb\/Rice<\/strong><\/p>\n<p>Kompletna so\u010dna suva hrana sa jagnjetinom i pirin\u010dem namenjena ishrani odraslih pasa svih rasa sa minimum 70% sve\u017eeg mesa.<\/p>\n<p>Complete food for adult dogs, suitable for dogs of all ages and breeds thanks to its natural, healthy ingredients and ease of digestion. It does not contain additives that harm and strain the body.<\/p>\n<p>PLATINUM adult lamb+rice sadr\u017ei samo visokokvalitetne sastojke pogodne i za ljudsku ishranu:<\/p>\n<ul>\n<li>Minimum 70% velikih sve\u017eih komada jagnje\u0107eg mesa<\/li>\n<li>Pirina\u010d kao izvor visokokvalitetnih ugljenih hidrata<\/li>\n<li>Hladno ce\u0111eno ulje (maslinovo, laneno&#8230;) koje pru\u017ea optimalan balans masno\u0107a<\/li>\n<li>Ekstrakt zelenusne \u0161koljke, vitamin K1, razli\u010dito povr\u0107e i bilje<\/li>\n<\/ul>\n<p><strong>Ishrana PLATINUM Ault Lamb+Rice &#8211; om <\/strong>Adult dogs &#8211; lamb+rice (odrasli psi &#8211; jagnjetina i pirina\u010d)<\/p>\n<p>PLATINUM Adult lamb+rice je hrana visokog kvaliteta. Pri hranjenju psa uzmite u obzir slede\u0107e savete:<\/p>\n<ul>\n<li>Hranu servirajte suvu i\/ili sa malim dodatkom vode<\/li>\n<li>Ne ostavljajte hranu da se natopi vodom &#8211; odmah je servirajte psu<\/li>\n<li>Neka sve\u017ea pitka voda uvek bude dostupna psu<\/li>\n<li>Pri prelasku na ishranu Va\u0161eg psa PLATINUM hranom molimo vas da psu u po\u010detku dajete manju preporu\u010denu dozu iz tabele<\/li>\n<li>Samo ukoliko je zaista neophodno dajte ve\u0107u koli\u010dinu hrane<\/li>\n<\/ul>\n<p><strong>Sastav:\u00a0<\/strong>Sve\u017ee jagnje\u0107e meso (70%), mleveni pirina\u010d, jagnje\u0107a masno\u0107a, su\u0161ena riba,\u00a0 lososovo ulje, su\u0161ena pulpa cvekle, su\u0161ena pulpa jabuke, su\u0161eni pivski kvasac, hladno ce\u0111eno ulje lana, hladno ce\u0111eno ulje maslina, ekstrakt zelenousne \u0161koljke, mleko semena \u010di\u010dka,\u00a0 su\u0161eni mora\u010d, koren sasparile, su\u0161eni divlji celer, su\u0161ena arti\u010doka, poto\u010darka, ekstrakt \u010daja kamilice, masla\u010dak, su\u0161ena gor\u010dica, juka, kalijum horid (kalijumova so).<\/p>\n<p><strong>Analytical composition:<\/strong>\u00a0sirovi protein 23.0%,\u00a0 sirove masti 11.0%,\u00a0sirovi pepeo 7.9%, , sirova vlakna 2.0%, kalcijum 1.8%, fosfor 1.3%, vlaga (prirodna) 18.0%<\/p>\n<p>Serve food in dry form with available fresh water.<br \/>\nFor your pet&#039;s health, consult a veterinarian regularly.<\/p>\n<p>Store the product in a dry, dark and cool place.<\/p>\n<p>Proizvo\u0111a\u010d: PLATINUM GmbH &amp; Co<br \/>\nCountry of origin: Germany<\/p>\n\n    <div class=\"xs_social_share_widget xs_share_url after_content \t\tmain_content  wslu-style-1 wslu-share-box-shaped wslu-fill-colored wslu-none wslu-share-horizontal wslu-theme-font-no wslu-main_content\">\n\n\t\t\n        <ul>\n\t\t\t        <\/ul>\n    <\/div>","protected":false},"excerpt":{"rendered":"<p>Platinum Lamb\/Rice je kompletna so\u010dna suva hrana sa jagnjetinom i pirin\u010dem namenjena ishrani odraslih pasa svih rasa sa minimum 70% sve\u017eeg mesa<\/p>","protected":false},"featured_media":25247,"comment_status":"open","ping_status":"closed","template":"","meta":{"_acf_changed":false},"pwb-brand":[321,323],"product_cat":[47,48,49],"product_tag":[208],"class_list":{"0":"post-6424","1":"product","2":"type-product","3":"status-publish","4":"has-post-thumbnail","6":"pwb-brand-platinum","7":"pwb-brand-platinum-hrana-za-pse","8":"product_cat-psi","9":"product_cat-hrana-za-pse","10":"product_cat-granule-za-pse","11":"product_tag-bez-zitarica","13":"first","14":"instock","15":"taxable","16":"shipping-taxable","17":"purchasable","18":"product-type-variable","19":"has-default-attributes"},"acf":[],"brands":[{"id":321,"name":"Platinum","slug":"platinum"},{"id":323,"name":"Platinum Dog Food","slug":"platinum-hrana-za-pse"}],"_links":{"self":[{"href":"https:\/\/pawz.rs\/en\/wp-json\/wp\/v2\/product\/6424","targetHints":{"allow":["GET"]}}],"collection":[{"href":"https:\/\/pawz.rs\/en\/wp-json\/wp\/v2\/product"}],"about":[{"href":"https:\/\/pawz.rs\/en\/wp-json\/wp\/v2\/types\/product"}],"replies":[{"embeddable":true,"href":"https:\/\/pawz.rs\/en\/wp-json\/wp\/v2\/comments?post=6424"}],"wp:featuredmedia":[{"embeddable":true,"href":"https:\/\/pawz.rs\/en\/wp-json\/wp\/v2\/media\/25247"}],"wp:attachment":[{"href":"https:\/\/pawz.rs\/en\/wp-json\/wp\/v2\/media?parent=6424"}],"wp:term":[{"taxonomy":"pwb-brand","embeddable":true,"href":"https:\/\/pawz.rs\/en\/wp-json\/wp\/v2\/pwb-brand?post=6424"},{"taxonomy":"product_cat","embeddable":true,"href":"https:\/\/pawz.rs\/en\/wp-json\/wp\/v2\/product_cat?post=6424"},{"taxonomy":"product_tag","embeddable":true,"href":"https:\/\/pawz.rs\/en\/wp-json\/wp\/v2\/product_tag?post=6424"}],"curies":[{"name":"wp","href":"https:\/\/api.w.org\/{rel}","templated":true}]}}