{"id":6427,"date":"2023-03-15T15:26:03","date_gmt":"2023-03-15T14:26:03","guid":{"rendered":"https:\/\/pawz.rs\/?post_type=product&#038;p=6427"},"modified":"2025-12-08T08:54:49","modified_gmt":"2025-12-08T07:54:49","slug":"platinum-iberico-greens","status":"publish","type":"product","link":"https:\/\/pawz.rs\/en\/platinum-iberico-greens\/","title":{"rendered":"Platinum Iberico\/Greens"},"content":{"rendered":"<p><strong>Platinum Iberico\/Greens<\/strong><\/p>\n<p>Kompletna so\u010dna suva hrana sa iberiko mangulicom i zeljem namenjena ishrani odraslih pasa svih rasa sa minimum 70% sve\u017eeg mesa.<\/p>\n<p>Kompletna hrana za odrasle pse pogodna za pse svih uzrasta i rasa zahvaljuju\u0107i svojim prirodnim, zdravim sastojcima i lako\u0107i kojom se vari. Ne sadr\u017ei dodatke koji \u0161tete i napre\u017eu organizam.<\/p>\n<p>PLATINUM iberico+greens sadr\u017ei samo visokokvalitetne sastojke pogodne i za ljudsku ishranu.<\/p>\n<ul>\n<li>Minimum 70% velikih sve\u017eih komada mesa Iberiko mangulice<\/li>\n<li>Potatoes (not genetically modified) as a source of high-quality carbohydrates<\/li>\n<li>Hladno ce\u0111ena ulja (maslinovo, laneno&#8230;) koje pru\u017eaju optimalan balans masno\u0107a<\/li>\n<li>Ekstrakt zelenusne \u0161koljke, vitamin K1, vo\u0107e, razli\u010dito povr\u0107e i bilje<\/li>\n<\/ul>\n<p><strong>Ishrana Platinum Adult Iberico+Greens &#8211; om &#8211; <\/strong>Adult dogs &#8211; Iberico+greens (odrasli, mangulica i zelje)<\/p>\n<p>PLATINUM Adult Iberico+greens je hrana visokog kvaliteta. Pri hranjenju psa uzmite u obzir slede\u0107e savete:<\/p>\n<ul>\n<li>Hranu servirajte suvu i\/ili sa malim dodatkom vode<\/li>\n<li>Ne ostavljajte hranu da se natopi vodom &#8211; odmah je servirajte psu<\/li>\n<li>Neka sve\u017ea pitka voda uvek bude dostupna psu<\/li>\n<li>Pri prelasku na ishranu Va\u0161eg psa PLATINUM hranom molimo vas da psu u po\u010detku dajete manju preporu\u010denu dozu iz tabele<\/li>\n<li>Samo ukoliko je zaista neophodno dajte ve\u0107u koli\u010dinu hrane<\/li>\n<\/ul>\n<p><strong>Sastav:\u00a0<\/strong>\u00a0Sve\u017ee svinjsko meso (70%\u00a0 &#8211; samo meso Iberiko mangulice), krompir, su\u0161ena riba, lososovo ulje,\u00a0 su\u0161ena pulpa jabuke, su\u0161eni pivski kvasac, hladno ce\u0111eno ulje lana, hladno ce\u0111eno ulje maslina, su\u0161eno povr\u0107e (\u0161argarepa, paradajz, lucerka, brokoli), zeleni \u010daj, ekstrakt pomorand\u017ee, ekstrakt grejfuta, ruzmarin, ekstrakt zelenousne \u0161koljke, mleko semena \u010di\u010dka,\u00a0 su\u0161eni mora\u010d, koren sasparile, su\u0161eni divlji celer, su\u0161ena arti\u010doka, poto\u010darka, ekstrakt \u010daja kamilice, masla\u010dak, su\u0161ena gor\u010dica, juka, kalijum horid (kalijumova so).<\/p>\n<p><strong>Analytical composition:\u00a0<\/strong>sirovi protein 23.0%,\u00a0sirove masti 14.0%,\u00a0sirovi pepeo 6.3%,\u00a0sirova vlakna 2.0%,\u00a0kalcijum 1.6%,\u00a0fosfor 1.0%,\u00a0vlaga (prirodna) 18.0%<\/p>\n<p>Serve food in dry form with available fresh water.<br \/>\nFor your pet&#039;s health, consult a veterinarian regularly.<\/p>\n<p>Store the product in a dry, dark and cool place.<\/p>\n<p>Proizvo\u0111a\u010d: PLATINUM GmbH &amp; Co<br \/>\nCountry of origin: Germany<\/p>\n\n    <div class=\"xs_social_share_widget xs_share_url after_content \t\tmain_content  wslu-style-1 wslu-share-box-shaped wslu-fill-colored wslu-none wslu-share-horizontal wslu-theme-font-no wslu-main_content\">\n\n\t\t\n        <ul>\n\t\t\t        <\/ul>\n    <\/div>","protected":false},"excerpt":{"rendered":"<p>Platinum Iberico\/Greens je kompletna so\u010dna suva hrana sa iberiko mangulicom i zeljem namenjena ishrani odraslih pasa svih rasa sa minimum 70% sve\u017eeg mesa<\/p>","protected":false},"featured_media":25246,"comment_status":"open","ping_status":"closed","template":"","meta":{"_acf_changed":false},"pwb-brand":[321,323],"product_cat":[47,48,49],"product_tag":[208],"class_list":{"0":"post-6427","1":"product","2":"type-product","3":"status-publish","4":"has-post-thumbnail","6":"pwb-brand-platinum","7":"pwb-brand-platinum-hrana-za-pse","8":"product_cat-psi","9":"product_cat-hrana-za-pse","10":"product_cat-granule-za-pse","11":"product_tag-bez-zitarica","13":"first","14":"instock","15":"taxable","16":"shipping-taxable","17":"purchasable","18":"product-type-variable","19":"has-default-attributes"},"acf":[],"brands":[{"id":321,"name":"Platinum","slug":"platinum"},{"id":323,"name":"Platinum Dog Food","slug":"platinum-hrana-za-pse"}],"_links":{"self":[{"href":"https:\/\/pawz.rs\/en\/wp-json\/wp\/v2\/product\/6427","targetHints":{"allow":["GET"]}}],"collection":[{"href":"https:\/\/pawz.rs\/en\/wp-json\/wp\/v2\/product"}],"about":[{"href":"https:\/\/pawz.rs\/en\/wp-json\/wp\/v2\/types\/product"}],"replies":[{"embeddable":true,"href":"https:\/\/pawz.rs\/en\/wp-json\/wp\/v2\/comments?post=6427"}],"wp:featuredmedia":[{"embeddable":true,"href":"https:\/\/pawz.rs\/en\/wp-json\/wp\/v2\/media\/25246"}],"wp:attachment":[{"href":"https:\/\/pawz.rs\/en\/wp-json\/wp\/v2\/media?parent=6427"}],"wp:term":[{"taxonomy":"pwb-brand","embeddable":true,"href":"https:\/\/pawz.rs\/en\/wp-json\/wp\/v2\/pwb-brand?post=6427"},{"taxonomy":"product_cat","embeddable":true,"href":"https:\/\/pawz.rs\/en\/wp-json\/wp\/v2\/product_cat?post=6427"},{"taxonomy":"product_tag","embeddable":true,"href":"https:\/\/pawz.rs\/en\/wp-json\/wp\/v2\/product_tag?post=6427"}],"curies":[{"name":"wp","href":"https:\/\/api.w.org\/{rel}","templated":true}]}}